{"id":11115,"date":"2021-06-29T21:47:30","date_gmt":"2021-06-29T21:47:30","guid":{"rendered":"https:\/\/saragilbert.coach\/?page_id=11115"},"modified":"2021-06-30T14:16:40","modified_gmt":"2021-06-30T14:16:40","slug":"merci-mots","status":"publish","type":"page","link":"https:\/\/saragilbert.coach\/fr\/merci-mots\/","title":{"rendered":"Merci"},"content":{"rendered":"<p>[et_pb_section fb_built=\u00a0\u00bb1&Prime; admin_label=\u00a0\u00bbsection\u00a0\u00bb _builder_version=\u00a0\u00bb3.22&Prime;][et_pb_row column_structure=\u00a0\u00bb1_2,1_2&Prime; _builder_version=\u00a0\u00bb4.9.4&Prime; _module_preset=\u00a0\u00bbdefault\u00a0\u00bb][et_pb_column type=\u00a0\u00bb1_2&Prime; _builder_version=\u00a0\u00bb4.9.4&Prime; _module_preset=\u00a0\u00bbdefault\u00a0\u00bb][et_pb_video src=\u00a0\u00bbhttps:\/\/saragilbert.coach\/wp-content\/uploads\/2021\/06\/Merci.mp4&Prime; image_src=\u00a0\u00bbhttps:\/\/saragilbert.coach\/wp-content\/uploads\/2021\/06\/merci.jpg\u00a0\u00bb _builder_version=\u00a0\u00bb4.9.4&Prime; _module_preset=\u00a0\u00bbdefault\u00a0\u00bb][\/et_pb_video][\/et_pb_column][et_pb_column type=\u00a0\u00bb1_2&Prime; _builder_version=\u00a0\u00bb4.9.4&Prime; _module_preset=\u00a0\u00bbdefault\u00a0\u00bb][et_pb_text _builder_version=\u00a0\u00bb4.9.4&Prime; header_3_font=\u00a0\u00bbDancing Script||||||||\u00a0\u00bb header_4_font=\u00a0\u00bbDancing Script||||||||\u00a0\u00bb header_4_text_align=\u00a0\u00bbleft\u00a0\u00bb background_size=\u00a0\u00bbinitial\u00a0\u00bb background_position=\u00a0\u00bbtop_left\u00a0\u00bb background_repeat=\u00a0\u00bbrepeat\u00a0\u00bb hover_enabled=\u00a0\u00bb0&Prime; sticky_enabled=\u00a0\u00bb0&Prime;]<\/p>\n<h2 style=\"text-align: left; padding-bottom: 30px;\">Merci!<\/h2>\n<p>Maintenant, v\u00e9rifiez votre bo\u00eete de r\u00e9ception&#8230; J&rsquo;ai besoin de confirmer votre adresse courriel.<\/p>\n<p>Pas de courriel? Assurez-vous de v\u00e9rifier votre dossier de pourriels. Vous pouvez nous contacter \u00e0 <a href=\"mailto:service@strategist.cc\">service@strategist.cc<\/a> s\u2019il y a quoi que ce soit, nous sommes qu\u2019\u00e0 un seul clic de vous\u2026<\/p>\n<p>Vous d\u00e9sirez vous inscrire avec une autre adresse courriel \u00e0 la place? <a href=\"https:\/\/saragilbert.coach\/fr\/mots\/\">Cliquez simplement ici.<\/a><\/p>\n<p>Vous d\u00e9sirez marquer des points avec une autre personne dans votre entourage? Partagez-lui l\u2019information sur la micro-formation en <a href=\"https:\/\/www.facebook.com\/sharer\/sharer.php?u=https%3A\/\/saragilbert.coach\/fr\/mots\/\" target=\"_blank\" rel=\"noopener\">cliquant ici<\/a>.<\/p>\n<p>[\/et_pb_text][\/et_pb_column][\/et_pb_row][et_pb_row admin_label=\u00a0\u00bbrow\u00a0\u00bb _builder_version=\u00a0\u00bb3.25&Prime; background_size=\u00a0\u00bbinitial\u00a0\u00bb background_position=\u00a0\u00bbtop_left\u00a0\u00bb background_repeat=\u00a0\u00bbrepeat\u00a0\u00bb][et_pb_column type=\u00a0\u00bb4_4&Prime; _builder_version=\u00a0\u00bb3.25&Prime; custom_padding=\u00a0\u00bb|||\u00a0\u00bb custom_padding__hover=\u00a0\u00bb|||\u00a0\u00bb][et_pb_text _builder_version=\u00a0\u00bb4.9.4&Prime; header_3_font=\u00a0\u00bbDancing Script||||||||\u00a0\u00bb header_4_font=\u00a0\u00bbDancing Script||||||||\u00a0\u00bb header_4_text_align=\u00a0\u00bbleft\u00a0\u00bb background_size=\u00a0\u00bbinitial\u00a0\u00bb background_position=\u00a0\u00bbtop_left\u00a0\u00bb background_repeat=\u00a0\u00bbrepeat\u00a0\u00bb]<\/p>\n<p><strong>ENTRE-TEMPS, RESTONS EN CONTACT!<\/strong><\/p>\n<h3 style=\"text-align: center; padding-top: 30px;\">venez me rejoindre dans la sph\u00e8re sociale&#8230;<\/h3>\n<p>[\/et_pb_text][et_pb_social_media_follow use_icon_font_size=\u00a0\u00bbon\u00a0\u00bb icon_font_size=\u00a0\u00bb20px\u00a0\u00bb _builder_version=\u00a0\u00bb4.7.7&Prime; _module_preset=\u00a0\u00bbdefault\u00a0\u00bb text_orientation=\u00a0\u00bbcenter\u00a0\u00bb locked=\u00a0\u00bboff\u00a0\u00bb][et_pb_social_media_follow_network social_network=\u00a0\u00bblinkedin\u00a0\u00bb url=\u00a0\u00bbhttps:\/\/ca.linkedin.com\/in\/saragilbert\u00a0\u00bb use_icon_font_size=\u00a0\u00bbon\u00a0\u00bb icon_font_size=\u00a0\u00bb20px\u00a0\u00bb _builder_version=\u00a0\u00bb4.7.7&Prime; _module_preset=\u00a0\u00bbdefault\u00a0\u00bb background_color=\u00a0\u00bb#007bb6&Prime; custom_button=\u00a0\u00bbon\u00a0\u00bb button_border_radius=\u00a0\u00bb0px\u00a0\u00bb follow_button=\u00a0\u00bboff\u00a0\u00bb url_new_window=\u00a0\u00bbon\u00a0\u00bb]linkedin[\/et_pb_social_media_follow_network][et_pb_social_media_follow_network social_network=\u00a0\u00bbyoutube\u00a0\u00bb url=\u00a0\u00bbhttp:\/\/saragilbert.tv\/\u00a0\u00bb use_icon_font_size=\u00a0\u00bbon\u00a0\u00bb icon_font_size=\u00a0\u00bb20px\u00a0\u00bb _builder_version=\u00a0\u00bb4.7.7&Prime; _module_preset=\u00a0\u00bbdefault\u00a0\u00bb background_color=\u00a0\u00bb#a82400&Prime; follow_button=\u00a0\u00bboff\u00a0\u00bb url_new_window=\u00a0\u00bbon\u00a0\u00bb]youtube[\/et_pb_social_media_follow_network][et_pb_social_media_follow_network social_network=\u00a0\u00bbfacebook\u00a0\u00bb url=\u00a0\u00bbhttps:\/\/www.facebook.com\/SaraGilbertStrategist\u00a0\u00bb _builder_version=\u00a0\u00bb4.7.7&Prime; _module_preset=\u00a0\u00bbdefault\u00a0\u00bb background_color=\u00a0\u00bb#3b5998&Prime; follow_button=\u00a0\u00bboff\u00a0\u00bb url_new_window=\u00a0\u00bbon\u00a0\u00bb]facebook[\/et_pb_social_media_follow_network][et_pb_social_media_follow_network social_network=\u00a0\u00bbtwitter\u00a0\u00bb url=\u00a0\u00bbhttps:\/\/twitter.com\/SG_Strategist\u00a0\u00bb _builder_version=\u00a0\u00bb4.7.7&Prime; _module_preset=\u00a0\u00bbdefault\u00a0\u00bb background_color=\u00a0\u00bb#00aced\u00a0\u00bb follow_button=\u00a0\u00bboff\u00a0\u00bb url_new_window=\u00a0\u00bbon\u00a0\u00bb]twitter[\/et_pb_social_media_follow_network][et_pb_social_media_follow_network social_network=\u00a0\u00bbinstagram\u00a0\u00bb url=\u00a0\u00bbhttps:\/\/www.instagram.com\/saragilbertstrategist\/\u00a0\u00bb _builder_version=\u00a0\u00bb4.7.7&Prime; _module_preset=\u00a0\u00bbdefault\u00a0\u00bb background_color=\u00a0\u00bb#ea2c59&Prime; follow_button=\u00a0\u00bboff\u00a0\u00bb url_new_window=\u00a0\u00bbon\u00a0\u00bb]instagram[\/et_pb_social_media_follow_network][\/et_pb_social_media_follow][\/et_pb_column][\/et_pb_row][\/et_pb_section]<\/p>\n<span class=\"et_bloom_bottom_trigger\"><\/span>","protected":false},"excerpt":{"rendered":"<p>Merci! Maintenant, v\u00e9rifiez votre bo\u00eete de r\u00e9ception&#8230; J&rsquo;ai besoin de confirmer votre adresse courriel. Pas de courriel? Assurez-vous de v\u00e9rifier votre dossier de pourriels. Vous pouvez nous contacter \u00e0 service@strategist.cc s\u2019il y a quoi que ce soit, nous sommes qu\u2019\u00e0 un seul clic de vous\u2026 Vous d\u00e9sirez vous inscrire avec une autre adresse courriel \u00e0 [&hellip;]<\/p>\n","protected":false},"author":1,"featured_media":0,"parent":0,"menu_order":0,"comment_status":"closed","ping_status":"closed","template":"","meta":{"_et_pb_use_builder":"on","_et_pb_old_content":"Now check your email inbox\u2026 I need you to confirm your email address.\r\n\r\nNo email? Be sure to check your spam folder. You can contact us at <a href=\"mailto:service@saragilbert.coach\">service@saragilbert.coach<\/a> if anything, we\u2019re always just a click away\u2026\r\n\r\n<strong>IN THE MEANTIME, LET\u2019S MAKE SURE WE STAY CONNECTED!<\/strong>\r\n<h4>come and join me in the social sphere...<\/h4>\r\n<table style=\"border:0; margin:30px auto;width:200px\" cellspacing=\"5\">\r\n<tbody>\r\n<tr>\r\n<td><a href=\"https:\/\/www.facebook.com\/SaraGilbertCoach\/\" target=\"_blank\" rel=\"noopener\"><img class=\"alignleft size-full wp-image-4838\" src=\"https:\/\/saragilbert.coach\/wp-content\/uploads\/2018\/01\/flat_facebook.png\" alt=\"\" width=\"30\" height=\"30\" \/><\/a><\/td>\r\n<td><a href=\"http:\/\/ca.linkedin.com\/in\/saragilbert\" target=\"_blank\" rel=\"noopener\"><img class=\"alignleft size-full wp-image-4839\" src=\"https:\/\/saragilbert.coach\/wp-content\/uploads\/2018\/01\/flat_linkedin.png\" alt=\"\" width=\"30\" height=\"30\" \/><\/a><\/td>\r\n<td><a href=\"https:\/\/twitter.com\/SG_Strategist\" target=\"_blank\" rel=\"noopener\"><img class=\"alignleft size-full wp-image-4840\" src=\"https:\/\/saragilbert.coach\/wp-content\/uploads\/2018\/01\/flat_twitter.png\" alt=\"\" width=\"30\" height=\"30\" \/><\/a><\/td>\r\n<td><a href=\"https:\/\/www.youtube.com\/channel\/UC0DE7piDKSXpETFAwMColhA\" target=\"_blank\" rel=\"noopener\"><img class=\"alignleft size-full wp-image-4841\" src=\"https:\/\/saragilbert.coach\/wp-content\/uploads\/2018\/01\/flat_youtube.png\" alt=\"\" width=\"30\" height=\"30\" \/><\/a><\/td>\r\n<\/tr>\r\n<\/tbody>\r\n<\/table>","_et_gb_content_width":"","footnotes":""},"difl_page_category":[],"class_list":["post-11115","page","type-page","status-publish","hentry"],"yoast_head":"<!-- This site is optimized with the Yoast SEO plugin v25.4 - https:\/\/yoast.com\/wordpress\/plugins\/seo\/ -->\n<title>Merci - Strategist<\/title>\n<meta name=\"robots\" content=\"index, follow, max-snippet:-1, max-image-preview:large, max-video-preview:-1\" \/>\n<link rel=\"canonical\" href=\"https:\/\/saragilbert.coach\/fr\/merci-mots\/\" \/>\n<meta property=\"og:locale\" content=\"fr_FR\" \/>\n<meta property=\"og:type\" content=\"article\" \/>\n<meta property=\"og:title\" content=\"Merci - Strategist\" \/>\n<meta property=\"og:url\" content=\"https:\/\/saragilbert.coach\/fr\/merci-mots\/\" \/>\n<meta property=\"og:site_name\" content=\"Strategist\" \/>\n<meta property=\"article:modified_time\" content=\"2021-06-30T14:16:40+00:00\" \/>\n<meta name=\"twitter:card\" content=\"summary_large_image\" \/>\n<meta name=\"twitter:label1\" content=\"Dur\u00e9e de lecture estim\u00e9e\" \/>\n\t<meta name=\"twitter:data1\" content=\"3 minutes\" \/>\n<script type=\"application\/ld+json\" class=\"yoast-schema-graph\">{\"@context\":\"https:\/\/schema.org\",\"@graph\":[{\"@type\":\"WebPage\",\"@id\":\"https:\/\/saragilbert.coach\/fr\/merci-mots\/\",\"url\":\"https:\/\/saragilbert.coach\/fr\/merci-mots\/\",\"name\":\"Merci - Strategist\",\"isPartOf\":{\"@id\":\"https:\/\/saragilbert.coach\/fr\/#website\"},\"datePublished\":\"2021-06-29T21:47:30+00:00\",\"dateModified\":\"2021-06-30T14:16:40+00:00\",\"breadcrumb\":{\"@id\":\"https:\/\/saragilbert.coach\/fr\/merci-mots\/#breadcrumb\"},\"inLanguage\":\"fr-FR\",\"potentialAction\":[{\"@type\":\"ReadAction\",\"target\":[\"https:\/\/saragilbert.coach\/fr\/merci-mots\/\"]}]},{\"@type\":\"BreadcrumbList\",\"@id\":\"https:\/\/saragilbert.coach\/fr\/merci-mots\/#breadcrumb\",\"itemListElement\":[{\"@type\":\"ListItem\",\"position\":1,\"name\":\"Home\",\"item\":\"https:\/\/saragilbert.coach\/fr\/\"},{\"@type\":\"ListItem\",\"position\":2,\"name\":\"Merci\"}]},{\"@type\":\"WebSite\",\"@id\":\"https:\/\/saragilbert.coach\/fr\/#website\",\"url\":\"https:\/\/saragilbert.coach\/fr\/\",\"name\":\"Strategist\",\"description\":\"Be successful by design\",\"potentialAction\":[{\"@type\":\"SearchAction\",\"target\":{\"@type\":\"EntryPoint\",\"urlTemplate\":\"https:\/\/saragilbert.coach\/fr\/?s={search_term_string}\"},\"query-input\":{\"@type\":\"PropertyValueSpecification\",\"valueRequired\":true,\"valueName\":\"search_term_string\"}}],\"inLanguage\":\"fr-FR\"}]}<\/script>\n<!-- \/ Yoast SEO plugin. -->","yoast_head_json":{"title":"Merci - Strategist","robots":{"index":"index","follow":"follow","max-snippet":"max-snippet:-1","max-image-preview":"max-image-preview:large","max-video-preview":"max-video-preview:-1"},"canonical":"https:\/\/saragilbert.coach\/fr\/merci-mots\/","og_locale":"fr_FR","og_type":"article","og_title":"Merci - Strategist","og_url":"https:\/\/saragilbert.coach\/fr\/merci-mots\/","og_site_name":"Strategist","article_modified_time":"2021-06-30T14:16:40+00:00","twitter_card":"summary_large_image","twitter_misc":{"Dur\u00e9e de lecture estim\u00e9e":"3 minutes"},"schema":{"@context":"https:\/\/schema.org","@graph":[{"@type":"WebPage","@id":"https:\/\/saragilbert.coach\/fr\/merci-mots\/","url":"https:\/\/saragilbert.coach\/fr\/merci-mots\/","name":"Merci - Strategist","isPartOf":{"@id":"https:\/\/saragilbert.coach\/fr\/#website"},"datePublished":"2021-06-29T21:47:30+00:00","dateModified":"2021-06-30T14:16:40+00:00","breadcrumb":{"@id":"https:\/\/saragilbert.coach\/fr\/merci-mots\/#breadcrumb"},"inLanguage":"fr-FR","potentialAction":[{"@type":"ReadAction","target":["https:\/\/saragilbert.coach\/fr\/merci-mots\/"]}]},{"@type":"BreadcrumbList","@id":"https:\/\/saragilbert.coach\/fr\/merci-mots\/#breadcrumb","itemListElement":[{"@type":"ListItem","position":1,"name":"Home","item":"https:\/\/saragilbert.coach\/fr\/"},{"@type":"ListItem","position":2,"name":"Merci"}]},{"@type":"WebSite","@id":"https:\/\/saragilbert.coach\/fr\/#website","url":"https:\/\/saragilbert.coach\/fr\/","name":"Strategist","description":"Be successful by design","potentialAction":[{"@type":"SearchAction","target":{"@type":"EntryPoint","urlTemplate":"https:\/\/saragilbert.coach\/fr\/?s={search_term_string}"},"query-input":{"@type":"PropertyValueSpecification","valueRequired":true,"valueName":"search_term_string"}}],"inLanguage":"fr-FR"}]}},"_links":{"self":[{"href":"https:\/\/saragilbert.coach\/fr\/wp-json\/wp\/v2\/pages\/11115","targetHints":{"allow":["GET"]}}],"collection":[{"href":"https:\/\/saragilbert.coach\/fr\/wp-json\/wp\/v2\/pages"}],"about":[{"href":"https:\/\/saragilbert.coach\/fr\/wp-json\/wp\/v2\/types\/page"}],"author":[{"embeddable":true,"href":"https:\/\/saragilbert.coach\/fr\/wp-json\/wp\/v2\/users\/1"}],"replies":[{"embeddable":true,"href":"https:\/\/saragilbert.coach\/fr\/wp-json\/wp\/v2\/comments?post=11115"}],"version-history":[{"count":3,"href":"https:\/\/saragilbert.coach\/fr\/wp-json\/wp\/v2\/pages\/11115\/revisions"}],"predecessor-version":[{"id":11148,"href":"https:\/\/saragilbert.coach\/fr\/wp-json\/wp\/v2\/pages\/11115\/revisions\/11148"}],"wp:attachment":[{"href":"https:\/\/saragilbert.coach\/fr\/wp-json\/wp\/v2\/media?parent=11115"}],"wp:term":[{"taxonomy":"difl_page_category","embeddable":true,"href":"https:\/\/saragilbert.coach\/fr\/wp-json\/wp\/v2\/difl_page_category?post=11115"}],"curies":[{"name":"wp","href":"https:\/\/api.w.org\/{rel}","templated":true}]}}