{"id":13301,"date":"2023-09-12T18:33:00","date_gmt":"2023-09-12T18:33:00","guid":{"rendered":"https:\/\/saragilbert.coach\/privacy-policy\/"},"modified":"2023-09-13T14:15:04","modified_gmt":"2023-09-13T14:15:04","slug":"privacy-policy","status":"publish","type":"page","link":"https:\/\/saragilbert.coach\/fr\/privacy-policy\/","title":{"rendered":"Politique de Confidentialit\u00e9"},"content":{"rendered":"<p><span style=\"font-weight: 400;\">Date d\u2019entr\u00e9e en vigueur : 12 septembre 2023<\/span><span style=\"font-weight: 400;\"><br \/>\n<\/span><span style=\"font-weight: 400;\"><br \/>\n<\/span> <b>Collecte de renseignements personnels<\/b><\/p>\n<p><span style=\"font-weight: 400;\">Cette politique de confidentialit\u00e9 \u00e9nonce de mani\u00e8re explicite la fa\u00e7on dont<\/span><a href=\"https:\/\/saragilbert.coach\"> <span style=\"font-weight: 400;\">https:\/\/saragilbert.coach<\/span><\/a> <span style=\"font-weight: 400;\">op\u00e8re la collecte, l\u2019utilisation et la s\u00e9curisation de vos informations personnelles lors de votre visite sur notre site Web. Votre vie priv\u00e9e est d\u2019une importance primordiale \u00e0 nos yeux, et nous nous engageons r\u00e9solument \u00e0 pr\u00e9server votre intimit\u00e9 et \u00e0 garantir la s\u00e9curit\u00e9 de vos donn\u00e9es personnelles conform\u00e9ment \u00e0 nos principes.<\/span><\/p>\n<p><span style=\"font-weight: 400;\">L&rsquo;entreprise <\/span><i><span style=\"font-weight: 400;\">D\u00e9veloppement des affaires Strat\u00e9giste<\/span><\/i><span style=\"font-weight: 400;\"> (d\u00e9sign\u00e9e par \u00ab nous \u00bb, \u00ab notre \u00bb, \u00ab nos \u00bb) accorde un profond respect \u00e0 votre confidentialit\u00e9 et s\u2019engage pleinement \u00e0 pr\u00e9server la protection de vos informations personnelles en conformit\u00e9 avec la Loi 25 du Qu\u00e9bec. Cette politique de confidentialit\u00e9 d\u00e9taille de quelle mani\u00e8re nous collectons, utilisons et pr\u00e9servons vos donn\u00e9es personnelles lorsque vous naviguez sur notre site Web<\/span><a href=\"https:\/\/saragilbert.coach\/\">\u00a0<span style=\"font-weight: 400;\">https:\/\/saragilbert.coach<\/span><\/a><\/p>\n<p><span style=\"font-weight: 400;\">En parcourant notre site web, vous acceptez la collecte et l\u2019utilisation de vos informations personnelles selon les termes \u00e9nonc\u00e9s dans cette politique.<\/span><\/p>\n<p><b>Collecte des donn\u00e9es<\/b><\/p>\n<p><span style=\"font-weight: 400;\">Nous souhaitons vous informer de mani\u00e8re transparente sur les diff\u00e9rentes fa\u00e7ons dont nous collectons vos donn\u00e9es. Voici comment nous proc\u00e9dons :<\/span><\/p>\n<ul>\n<li style=\"font-weight: 400;\" aria-level=\"1\"><b>Pixel Facebook :<\/b><span style=\"font-weight: 400;\"> Nous utilisons le Pixel Facebook pour suivre votre interaction avec notre site Web, ce qui nous permet de vous offrir une exp\u00e9rience personnalis\u00e9e et de vous pr\u00e9senter des publicit\u00e9s pertinentes. Le Pixel Facebook est un outil que nous utilisons pour comprendre comment vous interagissez avec notre site Web. Cela nous permet de personnaliser votre exp\u00e9rience en ligne et de vous pr\u00e9senter des publicit\u00e9s pertinentes.<\/span><\/li>\n<li style=\"font-weight: 400;\" aria-level=\"1\"><b>Clic sur des ic\u00f4nes de r\u00e9seaux sociaux :<\/b><span style=\"font-weight: 400;\"> Lorsque vous cliquez sur les ic\u00f4nes des r\u00e9seaux sociaux telles que Facebook, LinkedIn, YouTube et Instagram, vous \u00eates redirig\u00e9 vers ces plateformes. Veuillez noter que d\u00e8s que vous quittez notre site pour acc\u00e9der \u00e0 ces r\u00e9seaux sociaux, la politique de confidentialit\u00e9 de ces plateformes s&rsquo;applique, et cela ne rel\u00e8ve plus de notre responsabilit\u00e9.<\/span><\/li>\n<li style=\"font-weight: 400;\" aria-level=\"1\"><b>Infolettre et formulaire de contact :<\/b><span style=\"font-weight: 400;\"> Si vous choisissez de vous inscrire \u00e0 notre infolettre ou d&rsquo;utiliser notre formulaire de contact, nous recueillons des informations telles que votre nom, pr\u00e9nom et adresse courriel. Cela nous permet de vous fournir des informations pertinentes, de r\u00e9pondre \u00e0 vos demandes et de personnaliser notre communication avec vous.<\/span><\/li>\n<li style=\"font-weight: 400;\" aria-level=\"1\"><b>Espace client :<\/b><span style=\"font-weight: 400;\"> Lorsque vous acc\u00e9dez \u00e0 votre espace client sur notre site Web, nous pouvons collecter des donn\u00e9es pour assurer une gestion efficace de votre compte et de nos services. Cela garantit que vous avez une exp\u00e9rience utilisateur fluide.<\/span><\/li>\n<li style=\"font-weight: 400;\" aria-level=\"1\"><b>Vid\u00e9o YouTube int\u00e9gr\u00e9e en HTML<\/b> <b>:<\/b><span style=\"font-weight: 400;\"> Si nous int\u00e9grons des vid\u00e9os YouTube sur notre site Web, veuillez noter que cela peut entra\u00eener la collecte de donn\u00e9es par YouTube conform\u00e9ment \u00e0 leurs politiques de confidentialit\u00e9. Cependant, cela nous permet de vous fournir du contenu vid\u00e9o enrichissant et informatif.<\/span><\/li>\n<li style=\"font-weight: 400;\" aria-level=\"1\"><b>Google Analytics :<\/b><span style=\"font-weight: 400;\"> Nous utilisons Google Analytics pour recueillir des donn\u00e9es sur l&rsquo;utilisation de notre site Web, ce qui nous aide \u00e0 am\u00e9liorer nos services et \u00e0 comprendre le comportement de nos utilisateurs.<\/span><\/li>\n<\/ul>\n<p><span style=\"font-weight: 400;\">En naviguant sur notre site web, vous consentez \u00e0 la collecte et \u00e0 l&rsquo;utilisation de vos informations personnelles conform\u00e9ment \u00e0 cette politique, afin que nous puissions vous offrir une exp\u00e9rience en ligne exceptionnelle.\u00a0<\/span><\/p>\n<p><b>Utilisation des renseignements personnels<\/b><\/p>\n<p><span style=\"font-weight: 400;\">Les informations personnelles que nous collectons sont utilis\u00e9es dans les buts suivants :<\/span><\/p>\n<ul>\n<li style=\"font-weight: 400;\" aria-level=\"1\"><span style=\"font-weight: 400;\">Vous fournir nos services.<\/span><\/li>\n<li style=\"font-weight: 400;\" aria-level=\"1\"><span style=\"font-weight: 400;\">Vous informer sur nos activit\u00e9s.<\/span><\/li>\n<li style=\"font-weight: 400;\" aria-level=\"1\"><span style=\"font-weight: 400;\">R\u00e9pondre \u00e0 vos demandes.<\/span><\/li>\n<li style=\"font-weight: 400;\" aria-level=\"1\"><span style=\"font-weight: 400;\">Personnaliser votre exp\u00e9rience sur notre site Web.<\/span><\/li>\n<li style=\"font-weight: 400;\" aria-level=\"1\"><span style=\"font-weight: 400;\">Am\u00e9liorer nos offres de services.<\/span><\/li>\n<\/ul>\n<p><span style=\"font-weight: 400;\">.<\/span><b>Dur\u00e9e de conservation des donn\u00e9es<\/b><\/p>\n<p><span style=\"font-weight: 400;\">L&rsquo;entreprise <\/span><i><span style=\"font-weight: 400;\">D\u00e9veloppement des affaires Strat\u00e9giste <\/span><\/i><span style=\"font-weight: 400;\">conserve<\/span><span style=\"font-weight: 400;\"> les donn\u00e9es collect\u00e9es pendant des dur\u00e9es variables, selon leur nature et leur utilit\u00e9 dans la prestation de nos services. Durant cette p\u00e9riode, nous mettons en place des mesures physiques et techniques pour assurer la s\u00e9curit\u00e9 des informations contenant des donn\u00e9es personnelles. Nous conserverons les renseignements personnels aussi longtemps que n\u00e9cessaire pour ex\u00e9cuter nos services et afin d\u2019am\u00e9liorer votre exp\u00e9rience utilisateur.<\/span><\/p>\n<p><b>S\u00e9curit\u00e9 des renseignements personnels<\/b><\/p>\n<p><span style=\"font-weight: 400;\">Nous prenons des mesures de s\u00e9curit\u00e9 appropri\u00e9es pour prot\u00e9ger vos renseignements personnels contre l&rsquo;acc\u00e8s non autoris\u00e9, la divulgation ou la destruction. Cependant, malgr\u00e9 nos efforts, aucune m\u00e9thode de transmission sur Internet ou de stockage \u00e9lectronique n&rsquo;est totalement s\u00e9curis\u00e9e. Par cons\u00e9quent, nous ne pouvons garantir la s\u00e9curit\u00e9 absolue de vos renseignements.<\/span><\/p>\n<p><span style=\"font-weight: 400;\">Les renseignements personnels sont principalement conserv\u00e9s dans les localit\u00e9s o\u00f9 l&rsquo;entreprise <\/span><i><span style=\"font-weight: 400;\">D\u00e9veloppement des affaires Strat\u00e9giste<\/span><\/i><span style=\"font-weight: 400;\"> poss\u00e8de des bureaux ou des installations, ainsi que dans les villes et\/ou pays o\u00f9 Godaddy.com d\u00e9tient des serveurs contenant les donn\u00e9es recueillies par notre entreprise. Afin d\u2019assurer la s\u00e9curit\u00e9 optimale de vos donn\u00e9es personnelles, nous mettons en \u0153uvre les mesures suivantes :<\/span><\/p>\n<ul>\n<li style=\"font-weight: 400;\" aria-level=\"1\"><span style=\"font-weight: 400;\">Gestion d&rsquo;acc\u00e8s autoris\u00e9e<\/span><\/li>\n<li style=\"font-weight: 400;\" aria-level=\"1\"><span style=\"font-weight: 400;\">Gestion d&rsquo;acc\u00e8s restreinte aux personnes concern\u00e9es<\/span><\/li>\n<li style=\"font-weight: 400;\" aria-level=\"1\"><span style=\"font-weight: 400;\">Utilisation de logiciels de surveillance r\u00e9seau<\/span><\/li>\n<li style=\"font-weight: 400;\" aria-level=\"1\"><span style=\"font-weight: 400;\">Pratique de sauvegardes informatiques r\u00e9guli\u00e8res<\/span><\/li>\n<li style=\"font-weight: 400;\" aria-level=\"1\"><span style=\"font-weight: 400;\">Mise en place de certificats num\u00e9riques<\/span><\/li>\n<li style=\"font-weight: 400;\" aria-level=\"1\"><span style=\"font-weight: 400;\">Utilisation d&rsquo;identifiants et de mots de passe<\/span><\/li>\n<\/ul>\n<p><span style=\"font-weight: 400;\">Nous nous engageons \u00e0 maintenir un niveau \u00e9lev\u00e9 de confidentialit\u00e9 en int\u00e9grant les derni\u00e8res avanc\u00e9es technologiques pour prot\u00e9ger la confidentialit\u00e9 de vos transactions. Cependant, \u00e9tant donn\u00e9 qu&rsquo;aucun m\u00e9canisme ne peut garantir une s\u00e9curit\u00e9 totale, il subsiste toujours un certain degr\u00e9 de risque lors de la transmission d&rsquo;informations personnelles via Internet.<\/span><\/p>\n<p><b>Utilisation des cookies<\/b><\/p>\n<p><span style=\"font-weight: 400;\">Nous utilisons des cookies sur notre site Web pour am\u00e9liorer votre exp\u00e9rience utilisateur. Pour plus d&rsquo;informations sur l&rsquo;utilisation des cookies et les choix qui vous sont offerts, veuillez consulter notre<a href=\"https:\/\/saragilbert.coach\/fr\/cookie-policy-ca\/\"> Politique de Cookies.<\/a><\/span><\/p>\n<p><b>Partage des renseignements personnels<\/b><\/p>\n<p><span style=\"font-weight: 400;\">Nous ne partageons pas vos renseignements personnels avec des tiers, sauf dans les cas suivants :<\/span><\/p>\n<ul>\n<li style=\"font-weight: 400;\" aria-level=\"1\"><span style=\"font-weight: 400;\">Lorsque cela est n\u00e9cessaire pour ex\u00e9cuter nos services.<\/span><\/li>\n<li style=\"font-weight: 400;\" aria-level=\"1\"><span style=\"font-weight: 400;\">Si requis par la loi ou en r\u00e9ponse \u00e0 une demande l\u00e9gale.<\/span><\/li>\n<li style=\"font-weight: 400;\" aria-level=\"1\"><span style=\"font-weight: 400;\">Pour prot\u00e9ger nos droits, notre s\u00e9curit\u00e9 ou celle d&rsquo;autrui.<\/span><\/li>\n<\/ul>\n<p><b>Avertissement important<\/b><\/p>\n<p><span style=\"font-weight: 400;\">Cette Politique de Confidentialit\u00e9 est fournie \u00e0 titre informatif uniquement et n\u2019a pas de force juridique contraignante. Son objectif est de refl\u00e9ter les normes exemplaires en mati\u00e8re de protection des donn\u00e9es au moment de sa r\u00e9daction. Pour des conseils juridiques pr\u00e9cis, veuillez solliciter l\u2019avis d\u2019un professionnel du droit sp\u00e9cialis\u00e9 dans les questions de confidentialit\u00e9 des donn\u00e9es.<\/span><\/p>\n<p><span style=\"font-weight: 400;\">\u00a0<\/span><\/p>\n<h2><b>Mention L\u00e9gale pour le Qu\u00e9bec et le Canada<\/b><\/h2>\n<p><span style=\"font-weight: 400;\">Ce site web est exploit\u00e9 par l&rsquo;entreprise <\/span><i><span style=\"font-weight: 400;\">D\u00e9veloppement des affaires Strat\u00e9giste.<\/span><\/i><span style=\"font-weight: 400;\"> Les dispositions l\u00e9gales suivantes s&rsquo;appliquent sp\u00e9cifiquement aux utilisateurs canadiens de notre site :<\/span><\/p>\n<p><b>Protection des Donn\u00e9es Personnelles<\/b><\/p>\n<p><span style=\"font-weight: 400;\">Si vous r\u00e9sidez au Canada, vous disposez de droits concernant vos donn\u00e9es personnelles conform\u00e9ment aux lois sur la protection des donn\u00e9es en vigueur au Qu\u00e9bec et au Canada. Vous avez le droit d&rsquo;acc\u00e9der \u00e0 vos donn\u00e9es personnelles d\u00e9tenues par nous, de les corriger et de les supprimer si n\u00e9cessaire.<\/span><\/p>\n<p><b>Loi sur la Protection des Renseignements Personnels et les Documents \u00c9lectroniques (LPRPDE, PIPEDA)<\/b><\/p>\n<p><span style=\"font-weight: 400;\">En respect de la LPRPDE et de la PIPEDA, nous nous engageons \u00e0 respecter les principes de protection des donn\u00e9es, tels que la limitation de la collecte, la d\u00e9finition des objectifs, le consentement et la s\u00e9curit\u00e9 des donn\u00e9es.<\/span><\/p>\n<p><b>Consentement<\/b><\/p>\n<p><span style=\"font-weight: 400;\">Lorsque vous utilisez notre site Web, vous consentez \u00e0 la collecte, \u00e0 l&rsquo;utilisation et \u00e0 la divulgation de vos donn\u00e9es personnelles conform\u00e9ment \u00e0 cette Politique de Confidentialit\u00e9.<\/span><\/p>\n<p><b>Responsabilit\u00e9 et informations l\u00e9gales<\/b><\/p>\n<p><b>H\u00e9bergement du site Web <\/b><span style=\"font-weight: 400;\">: GoDaddy.com<\/span><span style=\"font-weight: 400;\"><br \/>\n<\/span><b>D\u00e9veloppement et maintenance du site<\/b><span style=\"font-weight: 400;\"> : Marie-H\u00e9l\u00e8ne Archambault, Conceptions Web Archambault Inc.<\/span><span style=\"font-weight: 400;\"><br \/>\n<\/span> <b>Responsable des donn\u00e9es de l\u2019entreprise<\/b><span style=\"font-weight: 400;\"> : Sara Gilbert, <a href=\"mailto:sara.gilbert@strategist.cc\">sara.gilbert@strategist.cc<\/a><\/span><\/p>\n<p><b>Coordonn\u00e9es pour nous contacter<\/b><\/p>\n<p><b>Nom de l&rsquo;entreprise :<\/b><span style=\"font-weight: 400;\"> D\u00e9veloppement des affaires Strat\u00e9giste<\/span><span style=\"font-weight: 400;\"><br \/>\n<\/span><b>Adresse de l\u2019entreprise :<\/b><a href=\"https:\/\/www.google.com\/maps\/place\/1900+Rue+Suzanne-Coallier+%23704,+Saint-Laurent,+QC+H4M+0A8\/data=!4m2!3m1!1s0x4cc9183adbf5d61f:0x1803b872d9286702?sa=X&amp;ved=2ahUKEwjgnKvd1aWBAxUcLFkFHcrrAdgQ8gF6BAgTEAA&amp;ved=2ahUKEwjgnKvd1aWBAxUcLFkFHcrrAdgQ8gF6BAgUEAI\"> <span style=\"font-weight: 400;\">1900 Suzanne Coallier #704 Montreal, Quebec, H4M 0A8<\/span><span style=\"font-weight: 400;\"><br \/>\n<\/span><\/a><b>T\u00e9l\u00e9phone de l\u2019entreprise :<\/b><a href=\"tel:514-898-1505\"><span style=\"font-weight: 400;\"> 514-898-1505<\/span><\/a><span style=\"font-weight: 400;\"><br \/>\n<\/span><b>Adresse e-mail de l\u2019entreprise :<\/b><a href=\"mailto:sara.gilbert@strategist.cc\"><span style=\"font-weight: 400;\"> sara.gilbert@strategist.cc<\/span><\/a><\/p>\n<p><b>Mises \u00e0 jour de la Politique de Confidentialit\u00e9<\/b><\/p>\n<p><span style=\"font-weight: 400;\">Nous nous r\u00e9servons le droit de mettre \u00e0 jour cette politique de confidentialit\u00e9 de temps \u00e0 autre afin de refl\u00e9ter les changements dans nos pratiques de collecte et d&rsquo;utilisation des donn\u00e9es. La date de la derni\u00e8re mise \u00e0 jour sera indiqu\u00e9e en haut de cette page. Nous vous encourageons \u00e0 consulter r\u00e9guli\u00e8rement cette politique pour rester inform\u00e9s des modifications.<\/span><\/p>\n<span class=\"et_bloom_bottom_trigger\"><\/span>","protected":false},"excerpt":{"rendered":"<p>Date d\u2019entr\u00e9e en vigueur : 12 septembre 2023 Collecte de renseignements personnels Cette politique de confidentialit\u00e9 \u00e9nonce de mani\u00e8re explicite la fa\u00e7on dont https:\/\/saragilbert.coach op\u00e8re la collecte, l\u2019utilisation et la s\u00e9curisation de vos informations personnelles lors de votre visite sur notre site Web. Votre vie priv\u00e9e est d\u2019une importance primordiale \u00e0 nos yeux, et nous [&hellip;]<\/p>\n","protected":false},"author":1,"featured_media":0,"parent":0,"menu_order":0,"comment_status":"closed","ping_status":"closed","template":"","meta":{"_et_pb_use_builder":"","_et_pb_old_content":"","_et_gb_content_width":"","footnotes":""},"difl_page_category":[],"class_list":["post-13301","page","type-page","status-publish","hentry"],"yoast_head":"<!-- This site is optimized with the Yoast SEO plugin v25.4 - https:\/\/yoast.com\/wordpress\/plugins\/seo\/ -->\n<title>Politique de Confidentialit\u00e9 - Strategist<\/title>\n<meta name=\"robots\" content=\"index, follow, max-snippet:-1, max-image-preview:large, max-video-preview:-1\" \/>\n<link rel=\"canonical\" href=\"https:\/\/saragilbert.coach\/fr\/privacy-policy\/\" \/>\n<meta property=\"og:locale\" content=\"fr_FR\" \/>\n<meta property=\"og:type\" content=\"article\" \/>\n<meta property=\"og:title\" content=\"Politique de Confidentialit\u00e9 - Strategist\" \/>\n<meta property=\"og:description\" content=\"Date d\u2019entr\u00e9e en vigueur : 12 septembre 2023 Collecte de renseignements personnels Cette politique de confidentialit\u00e9 \u00e9nonce de mani\u00e8re explicite la fa\u00e7on dont https:\/\/saragilbert.coach op\u00e8re la collecte, l\u2019utilisation et la s\u00e9curisation de vos informations personnelles lors de votre visite sur notre site Web. Votre vie priv\u00e9e est d\u2019une importance primordiale \u00e0 nos yeux, et nous [&hellip;]\" \/>\n<meta property=\"og:url\" content=\"https:\/\/saragilbert.coach\/fr\/privacy-policy\/\" \/>\n<meta property=\"og:site_name\" content=\"Strategist\" \/>\n<meta property=\"article:modified_time\" content=\"2023-09-13T14:15:04+00:00\" \/>\n<meta name=\"twitter:card\" content=\"summary_large_image\" \/>\n<meta name=\"twitter:label1\" content=\"Dur\u00e9e de lecture estim\u00e9e\" \/>\n\t<meta name=\"twitter:data1\" content=\"7 minutes\" \/>\n<script type=\"application\/ld+json\" class=\"yoast-schema-graph\">{\"@context\":\"https:\/\/schema.org\",\"@graph\":[{\"@type\":\"WebPage\",\"@id\":\"https:\/\/saragilbert.coach\/fr\/privacy-policy\/\",\"url\":\"https:\/\/saragilbert.coach\/fr\/privacy-policy\/\",\"name\":\"Politique de Confidentialit\u00e9 - Strategist\",\"isPartOf\":{\"@id\":\"https:\/\/saragilbert.coach\/fr\/#website\"},\"datePublished\":\"2023-09-12T18:33:00+00:00\",\"dateModified\":\"2023-09-13T14:15:04+00:00\",\"breadcrumb\":{\"@id\":\"https:\/\/saragilbert.coach\/fr\/privacy-policy\/#breadcrumb\"},\"inLanguage\":\"fr-FR\",\"potentialAction\":[{\"@type\":\"ReadAction\",\"target\":[\"https:\/\/saragilbert.coach\/fr\/privacy-policy\/\"]}]},{\"@type\":\"BreadcrumbList\",\"@id\":\"https:\/\/saragilbert.coach\/fr\/privacy-policy\/#breadcrumb\",\"itemListElement\":[{\"@type\":\"ListItem\",\"position\":1,\"name\":\"Home\",\"item\":\"https:\/\/saragilbert.coach\/fr\/\"},{\"@type\":\"ListItem\",\"position\":2,\"name\":\"Politique de Confidentialit\u00e9\"}]},{\"@type\":\"WebSite\",\"@id\":\"https:\/\/saragilbert.coach\/fr\/#website\",\"url\":\"https:\/\/saragilbert.coach\/fr\/\",\"name\":\"Strategist\",\"description\":\"Be successful by design\",\"potentialAction\":[{\"@type\":\"SearchAction\",\"target\":{\"@type\":\"EntryPoint\",\"urlTemplate\":\"https:\/\/saragilbert.coach\/fr\/?s={search_term_string}\"},\"query-input\":{\"@type\":\"PropertyValueSpecification\",\"valueRequired\":true,\"valueName\":\"search_term_string\"}}],\"inLanguage\":\"fr-FR\"}]}<\/script>\n<!-- \/ Yoast SEO plugin. -->","yoast_head_json":{"title":"Politique de Confidentialit\u00e9 - Strategist","robots":{"index":"index","follow":"follow","max-snippet":"max-snippet:-1","max-image-preview":"max-image-preview:large","max-video-preview":"max-video-preview:-1"},"canonical":"https:\/\/saragilbert.coach\/fr\/privacy-policy\/","og_locale":"fr_FR","og_type":"article","og_title":"Politique de Confidentialit\u00e9 - Strategist","og_description":"Date d\u2019entr\u00e9e en vigueur : 12 septembre 2023 Collecte de renseignements personnels Cette politique de confidentialit\u00e9 \u00e9nonce de mani\u00e8re explicite la fa\u00e7on dont https:\/\/saragilbert.coach op\u00e8re la collecte, l\u2019utilisation et la s\u00e9curisation de vos informations personnelles lors de votre visite sur notre site Web. Votre vie priv\u00e9e est d\u2019une importance primordiale \u00e0 nos yeux, et nous [&hellip;]","og_url":"https:\/\/saragilbert.coach\/fr\/privacy-policy\/","og_site_name":"Strategist","article_modified_time":"2023-09-13T14:15:04+00:00","twitter_card":"summary_large_image","twitter_misc":{"Dur\u00e9e de lecture estim\u00e9e":"7 minutes"},"schema":{"@context":"https:\/\/schema.org","@graph":[{"@type":"WebPage","@id":"https:\/\/saragilbert.coach\/fr\/privacy-policy\/","url":"https:\/\/saragilbert.coach\/fr\/privacy-policy\/","name":"Politique de Confidentialit\u00e9 - Strategist","isPartOf":{"@id":"https:\/\/saragilbert.coach\/fr\/#website"},"datePublished":"2023-09-12T18:33:00+00:00","dateModified":"2023-09-13T14:15:04+00:00","breadcrumb":{"@id":"https:\/\/saragilbert.coach\/fr\/privacy-policy\/#breadcrumb"},"inLanguage":"fr-FR","potentialAction":[{"@type":"ReadAction","target":["https:\/\/saragilbert.coach\/fr\/privacy-policy\/"]}]},{"@type":"BreadcrumbList","@id":"https:\/\/saragilbert.coach\/fr\/privacy-policy\/#breadcrumb","itemListElement":[{"@type":"ListItem","position":1,"name":"Home","item":"https:\/\/saragilbert.coach\/fr\/"},{"@type":"ListItem","position":2,"name":"Politique de Confidentialit\u00e9"}]},{"@type":"WebSite","@id":"https:\/\/saragilbert.coach\/fr\/#website","url":"https:\/\/saragilbert.coach\/fr\/","name":"Strategist","description":"Be successful by design","potentialAction":[{"@type":"SearchAction","target":{"@type":"EntryPoint","urlTemplate":"https:\/\/saragilbert.coach\/fr\/?s={search_term_string}"},"query-input":{"@type":"PropertyValueSpecification","valueRequired":true,"valueName":"search_term_string"}}],"inLanguage":"fr-FR"}]}},"_links":{"self":[{"href":"https:\/\/saragilbert.coach\/fr\/wp-json\/wp\/v2\/pages\/13301","targetHints":{"allow":["GET"]}}],"collection":[{"href":"https:\/\/saragilbert.coach\/fr\/wp-json\/wp\/v2\/pages"}],"about":[{"href":"https:\/\/saragilbert.coach\/fr\/wp-json\/wp\/v2\/types\/page"}],"author":[{"embeddable":true,"href":"https:\/\/saragilbert.coach\/fr\/wp-json\/wp\/v2\/users\/1"}],"replies":[{"embeddable":true,"href":"https:\/\/saragilbert.coach\/fr\/wp-json\/wp\/v2\/comments?post=13301"}],"version-history":[{"count":9,"href":"https:\/\/saragilbert.coach\/fr\/wp-json\/wp\/v2\/pages\/13301\/revisions"}],"predecessor-version":[{"id":13333,"href":"https:\/\/saragilbert.coach\/fr\/wp-json\/wp\/v2\/pages\/13301\/revisions\/13333"}],"wp:attachment":[{"href":"https:\/\/saragilbert.coach\/fr\/wp-json\/wp\/v2\/media?parent=13301"}],"wp:term":[{"taxonomy":"difl_page_category","embeddable":true,"href":"https:\/\/saragilbert.coach\/fr\/wp-json\/wp\/v2\/difl_page_category?post=13301"}],"curies":[{"name":"wp","href":"https:\/\/api.w.org\/{rel}","templated":true}]}}