{"id":15112,"date":"2025-04-08T18:35:30","date_gmt":"2025-04-08T18:35:30","guid":{"rendered":"https:\/\/saragilbert.coach\/?page_id=15112"},"modified":"2025-04-08T18:42:28","modified_gmt":"2025-04-08T18:42:28","slug":"programmes-informations","status":"publish","type":"page","link":"https:\/\/saragilbert.coach\/fr\/programmes-informations\/","title":{"rendered":"Liste d&rsquo;attente Programmes"},"content":{"rendered":"<p>[et_pb_section fb_built=\u00a0\u00bb1&Prime; fullwidth=\u00a0\u00bbon\u00a0\u00bb custom_padding_last_edited=\u00a0\u00bbon|phone\u00a0\u00bb disabled_on=\u00a0\u00bboff|off|off\u00a0\u00bb _builder_version=\u00a0\u00bb4.27.4&Prime; custom_margin=\u00a0\u00bb0px||0px|\u00a0\u00bb custom_margin_tablet=\u00a0\u00bb\u00a0\u00bb custom_margin_phone=\u00a0\u00bb\u00a0\u00bb custom_margin_last_edited=\u00a0\u00bbon|phone\u00a0\u00bb custom_padding=\u00a0\u00bb0px||0px|\u00a0\u00bb custom_padding_tablet=\u00a0\u00bb\u00a0\u00bb custom_padding_phone=\u00a0\u00bb|||\u00a0\u00bb hover_enabled=\u00a0\u00bb0&Prime; global_colors_info=\u00a0\u00bb{}\u00a0\u00bb theme_builder_area=\u00a0\u00bbpost_content\u00a0\u00bb sticky_enabled=\u00a0\u00bb0&Prime;][et_pb_fullwidth_slider show_arrows=\u00a0\u00bboff\u00a0\u00bb show_pagination=\u00a0\u00bboff\u00a0\u00bb _builder_version=\u00a0\u00bb4.27.4&Prime; header_font=\u00a0\u00bbRoboto|300|||||||\u00a0\u00bb body_font=\u00a0\u00bb||||||||\u00a0\u00bb background_image=\u00a0\u00bbhttps:\/\/saragilbert.coach\/wp-content\/uploads\/2019\/02\/CroissancePage.jpg\u00a0\u00bb background_position=\u00a0\u00bbtop_left\u00a0\u00bb background_repeat=\u00a0\u00bbrepeat\u00a0\u00bb custom_padding=\u00a0\u00bb|||\u00a0\u00bb custom_padding_tablet=\u00a0\u00bb|||\u00a0\u00bb custom_padding_phone=\u00a0\u00bb|||\u00a0\u00bb hover_enabled=\u00a0\u00bb0&Prime; box_shadow_style=\u00a0\u00bbpreset6&Prime; box_shadow_blur=\u00a0\u00bb10px\u00a0\u00bb box_shadow_color=\u00a0\u00bbrgba(0,0,0,0.1)\u00a0\u00bb global_colors_info=\u00a0\u00bb{}\u00a0\u00bb button_text_size__hover_enabled=\u00a0\u00bboff\u00a0\u00bb button_one_text_size__hover_enabled=\u00a0\u00bboff\u00a0\u00bb button_two_text_size__hover_enabled=\u00a0\u00bboff\u00a0\u00bb button_text_color__hover_enabled=\u00a0\u00bboff\u00a0\u00bb button_one_text_color__hover_enabled=\u00a0\u00bboff\u00a0\u00bb button_two_text_color__hover_enabled=\u00a0\u00bboff\u00a0\u00bb button_border_width__hover_enabled=\u00a0\u00bboff\u00a0\u00bb button_one_border_width__hover_enabled=\u00a0\u00bboff\u00a0\u00bb button_two_border_width__hover_enabled=\u00a0\u00bboff\u00a0\u00bb button_border_color__hover_enabled=\u00a0\u00bboff\u00a0\u00bb button_one_border_color__hover_enabled=\u00a0\u00bboff\u00a0\u00bb button_two_border_color__hover_enabled=\u00a0\u00bboff\u00a0\u00bb button_border_radius__hover_enabled=\u00a0\u00bboff\u00a0\u00bb button_one_border_radius__hover_enabled=\u00a0\u00bboff\u00a0\u00bb button_two_border_radius__hover_enabled=\u00a0\u00bboff\u00a0\u00bb button_letter_spacing__hover_enabled=\u00a0\u00bboff\u00a0\u00bb button_one_letter_spacing__hover_enabled=\u00a0\u00bboff\u00a0\u00bb button_two_letter_spacing__hover_enabled=\u00a0\u00bboff\u00a0\u00bb button_bg_color__hover_enabled=\u00a0\u00bboff\u00a0\u00bb button_one_bg_color__hover_enabled=\u00a0\u00bboff\u00a0\u00bb button_two_bg_color__hover_enabled=\u00a0\u00bboff\u00a0\u00bb theme_builder_area=\u00a0\u00bbpost_content\u00a0\u00bb sticky_enabled=\u00a0\u00bb0&Prime; header_line_height=\u00a0\u00bb1.3em\u00a0\u00bb module_alignment=\u00a0\u00bbleft\u00a0\u00bb content_width=\u00a0\u00bb100%\u00a0\u00bb][et_pb_slide heading=\u00a0\u00bbD\u2019autres informations seront d\u00e9voil\u00e9es prochainement !\u00a0\u00bb use_bg_overlay=\u00a0\u00bboff\u00a0\u00bb _builder_version=\u00a0\u00bb4.27.4&Prime; header_level=\u00a0\u00bbh2&Prime; header_font=\u00a0\u00bb&#8211;et_global_heading_font|300|||||||\u00a0\u00bb header_font_size=\u00a0\u00bb60px\u00a0\u00bb body_font=\u00a0\u00bbDancing Script||||||||\u00a0\u00bb body_font_size=\u00a0\u00bb37px\u00a0\u00bb background_color=\u00a0\u00bb#ffffff\u00a0\u00bb background_image=\u00a0\u00bbhttps:\/\/saragilbert.coach\/wp-content\/uploads\/2019\/05\/WebinarNotAvailable.jpg\u00a0\u00bb background_video_width=\u00a0\u00bb1920&Prime; background_video_height=\u00a0\u00bb638&Prime; custom_button=\u00a0\u00bbon\u00a0\u00bb button_border_width=\u00a0\u00bb0px\u00a0\u00bb button_font=\u00a0\u00bb||||||||\u00a0\u00bb button_use_icon=\u00a0\u00bboff\u00a0\u00bb button_alignment=\u00a0\u00bbleft\u00a0\u00bb text_orientation=\u00a0\u00bbleft\u00a0\u00bb hover_enabled=\u00a0\u00bb0&Prime; header_font_size_tablet=\u00a0\u00bb40px\u00a0\u00bb header_font_size_phone=\u00a0\u00bb29px\u00a0\u00bb header_font_size_last_edited=\u00a0\u00bbon|desktop\u00a0\u00bb body_font_size_tablet=\u00a0\u00bb37px\u00a0\u00bb body_font_size_phone=\u00a0\u00bb23px\u00a0\u00bb body_font_size_last_edited=\u00a0\u00bbon|phone\u00a0\u00bb button_bg_color_hover=\u00a0\u00bbrgba(0,0,0,0)\u00a0\u00bb video_bg_width=\u00a0\u00bb1920&Prime; video_bg_height=\u00a0\u00bb638&Prime; global_colors_info=\u00a0\u00bb{}\u00a0\u00bb button_text_size__hover_enabled=\u00a0\u00bboff\u00a0\u00bb button_one_text_size__hover_enabled=\u00a0\u00bboff\u00a0\u00bb button_two_text_size__hover_enabled=\u00a0\u00bboff\u00a0\u00bb button_text_color__hover_enabled=\u00a0\u00bboff\u00a0\u00bb button_one_text_color__hover_enabled=\u00a0\u00bboff\u00a0\u00bb button_two_text_color__hover_enabled=\u00a0\u00bboff\u00a0\u00bb button_border_width__hover_enabled=\u00a0\u00bboff\u00a0\u00bb button_one_border_width__hover_enabled=\u00a0\u00bboff\u00a0\u00bb button_two_border_width__hover_enabled=\u00a0\u00bboff\u00a0\u00bb button_border_color__hover_enabled=\u00a0\u00bboff\u00a0\u00bb button_one_border_color__hover_enabled=\u00a0\u00bboff\u00a0\u00bb button_two_border_color__hover_enabled=\u00a0\u00bboff\u00a0\u00bb button_border_radius__hover_enabled=\u00a0\u00bboff\u00a0\u00bb button_one_border_radius__hover_enabled=\u00a0\u00bboff\u00a0\u00bb button_two_border_radius__hover_enabled=\u00a0\u00bboff\u00a0\u00bb button_letter_spacing__hover_enabled=\u00a0\u00bboff\u00a0\u00bb button_one_letter_spacing__hover_enabled=\u00a0\u00bboff\u00a0\u00bb button_two_letter_spacing__hover_enabled=\u00a0\u00bboff\u00a0\u00bb button_bg_color__hover_enabled=\u00a0\u00bbon\u00a0\u00bb button_bg_color__hover=\u00a0\u00bbrgba(0,0,0,0)\u00a0\u00bb button_one_bg_color__hover_enabled=\u00a0\u00bboff\u00a0\u00bb button_two_bg_color__hover_enabled=\u00a0\u00bboff\u00a0\u00bb sticky_transition=\u00a0\u00bbon\u00a0\u00bb theme_builder_area=\u00a0\u00bbpost_content\u00a0\u00bb sticky_enabled=\u00a0\u00bb0&Prime; width=\u00a0\u00bb66%\u00a0\u00bb][\/et_pb_slide][\/et_pb_fullwidth_slider][\/et_pb_section][et_pb_section fb_built=\u00a0\u00bb1&Prime; _builder_version=\u00a0\u00bb4.16&Prime; custom_margin=\u00a0\u00bb0px||0px|\u00a0\u00bb custom_padding=\u00a0\u00bb0px||0px|\u00a0\u00bb global_colors_info=\u00a0\u00bb{}\u00a0\u00bb][et_pb_row _builder_version=\u00a0\u00bb4.27.4&Prime; hover_enabled=\u00a0\u00bb0&Prime; global_colors_info=\u00a0\u00bb{}\u00a0\u00bb sticky_enabled=\u00a0\u00bb0&Prime; custom_padding=\u00a0\u00bb68px||||false|false\u00a0\u00bb][et_pb_column type=\u00a0\u00bb4_4&Prime; _builder_version=\u00a0\u00bb4.16&Prime; custom_padding=\u00a0\u00bb|||\u00a0\u00bb global_colors_info=\u00a0\u00bb{}\u00a0\u00bb custom_padding__hover=\u00a0\u00bb|||\u00a0\u00bb][et_pb_text _builder_version=\u00a0\u00bb4.27.4&Prime; header_font=\u00a0\u00bb||||||||\u00a0\u00bb header_2_line_height=\u00a0\u00bb1.7em\u00a0\u00bb global_colors_info=\u00a0\u00bb{}\u00a0\u00bb]<\/p>\n<h2>Faites partie des premiers invit\u00e9s \u00e0 d\u00e9couvrir ce qui s\u2019en vient en vous inscrivant ci-dessous et restons en contact.<\/h2>\n<p>[\/et_pb_text][\/et_pb_column][\/et_pb_row][\/et_pb_section][et_pb_section fb_built=\u00a0\u00bb1&Prime; _builder_version=\u00a0\u00bb4.16&Prime; custom_margin=\u00a0\u00bb-40px|||\u00a0\u00bb custom_padding=\u00a0\u00bb0px|||\u00a0\u00bb custom_css_before=\u00a0\u00bbtext-align: center;\u00a0\u00bb custom_css_main_element=\u00a0\u00bbtext-align: center;||\u00a0\u00bb custom_css_after=\u00a0\u00bbtext-align: center;\u00a0\u00bb global_colors_info=\u00a0\u00bb{}\u00a0\u00bb][et_pb_row _builder_version=\u00a0\u00bb4.16&Prime; _module_preset=\u00a0\u00bbdefault\u00a0\u00bb global_colors_info=\u00a0\u00bb{}\u00a0\u00bb][et_pb_column type=\u00a0\u00bb4_4&Prime; _builder_version=\u00a0\u00bb4.16&Prime; _module_preset=\u00a0\u00bbdefault\u00a0\u00bb global_colors_info=\u00a0\u00bb{}\u00a0\u00bb][et_pb_signup provider=\u00a0\u00bbconstant_contact\u00a0\u00bb constant_contact_list=\u00a0\u00bbStrategist &#8211; Divi Website|1162071785&Prime; layout=\u00a0\u00bbtop_bottom\u00a0\u00bb first_name_fullwidth=\u00a0\u00bboff\u00a0\u00bb last_name_field=\u00a0\u00bboff\u00a0\u00bb email_fullwidth=\u00a0\u00bboff\u00a0\u00bb success_message=\u00a0\u00bbF\u00e9licitations! Veuillez v\u00e9rifier vos courriels.\u00a0\u00bb button_text=\u00a0\u00bbJe suis pr\u00eat(e)!\u00a0\u00bb _builder_version=\u00a0\u00bb4.27.4&Prime; _module_preset=\u00a0\u00bbdefault\u00a0\u00bb header_font=\u00a0\u00bb&#8211;et_global_body_font||||||||\u00a0\u00bb header_text_color=\u00a0\u00bb#1D1D1D\u00a0\u00bb header_font_size=\u00a0\u00bb25px\u00a0\u00bb background_color=\u00a0\u00bb#d6d6d6&Prime; hover_enabled=\u00a0\u00bb0&Prime; global_colors_info=\u00a0\u00bb{}\u00a0\u00bb sticky_enabled=\u00a0\u00bb0&Prime;][\/et_pb_signup][\/et_pb_column][\/et_pb_row][\/et_pb_section]<\/p>\n<span class=\"et_bloom_bottom_trigger\"><\/span>","protected":false},"excerpt":{"rendered":"<p>Faites partie des premiers invit\u00e9s \u00e0 d\u00e9couvrir ce qui s\u2019en vient en vous inscrivant ci-dessous et restons en contact.<\/p>\n","protected":false},"author":12,"featured_media":0,"parent":0,"menu_order":0,"comment_status":"closed","ping_status":"closed","template":"","meta":{"_et_pb_use_builder":"on","_et_pb_old_content":"","_et_gb_content_width":"","footnotes":""},"difl_page_category":[],"class_list":["post-15112","page","type-page","status-publish","hentry"],"yoast_head":"<!-- This site is optimized with the Yoast SEO plugin v25.4 - https:\/\/yoast.com\/wordpress\/plugins\/seo\/ -->\n<title>Liste d&#039;attente Programmes - Strategist<\/title>\n<meta name=\"robots\" content=\"index, follow, max-snippet:-1, max-image-preview:large, max-video-preview:-1\" \/>\n<link rel=\"canonical\" href=\"https:\/\/saragilbert.coach\/fr\/programmes-informations\/\" \/>\n<meta property=\"og:locale\" content=\"fr_FR\" \/>\n<meta property=\"og:type\" content=\"article\" \/>\n<meta property=\"og:title\" content=\"Liste d&#039;attente Programmes - Strategist\" \/>\n<meta property=\"og:url\" content=\"https:\/\/saragilbert.coach\/fr\/programmes-informations\/\" \/>\n<meta property=\"og:site_name\" content=\"Strategist\" \/>\n<meta property=\"article:modified_time\" content=\"2025-04-08T18:42:28+00:00\" \/>\n<meta name=\"twitter:card\" content=\"summary_large_image\" \/>\n<meta name=\"twitter:label1\" content=\"Dur\u00e9e de lecture estim\u00e9e\" \/>\n\t<meta name=\"twitter:data1\" content=\"4 minutes\" \/>\n<script type=\"application\/ld+json\" class=\"yoast-schema-graph\">{\"@context\":\"https:\/\/schema.org\",\"@graph\":[{\"@type\":\"WebPage\",\"@id\":\"https:\/\/saragilbert.coach\/fr\/programmes-informations\/\",\"url\":\"https:\/\/saragilbert.coach\/fr\/programmes-informations\/\",\"name\":\"Liste d'attente Programmes - Strategist\",\"isPartOf\":{\"@id\":\"https:\/\/saragilbert.coach\/fr\/#website\"},\"datePublished\":\"2025-04-08T18:35:30+00:00\",\"dateModified\":\"2025-04-08T18:42:28+00:00\",\"breadcrumb\":{\"@id\":\"https:\/\/saragilbert.coach\/fr\/programmes-informations\/#breadcrumb\"},\"inLanguage\":\"fr-FR\",\"potentialAction\":[{\"@type\":\"ReadAction\",\"target\":[\"https:\/\/saragilbert.coach\/fr\/programmes-informations\/\"]}]},{\"@type\":\"BreadcrumbList\",\"@id\":\"https:\/\/saragilbert.coach\/fr\/programmes-informations\/#breadcrumb\",\"itemListElement\":[{\"@type\":\"ListItem\",\"position\":1,\"name\":\"Home\",\"item\":\"https:\/\/saragilbert.coach\/fr\/\"},{\"@type\":\"ListItem\",\"position\":2,\"name\":\"Liste d&rsquo;attente Programmes\"}]},{\"@type\":\"WebSite\",\"@id\":\"https:\/\/saragilbert.coach\/fr\/#website\",\"url\":\"https:\/\/saragilbert.coach\/fr\/\",\"name\":\"Strategist\",\"description\":\"Be successful by design\",\"potentialAction\":[{\"@type\":\"SearchAction\",\"target\":{\"@type\":\"EntryPoint\",\"urlTemplate\":\"https:\/\/saragilbert.coach\/fr\/?s={search_term_string}\"},\"query-input\":{\"@type\":\"PropertyValueSpecification\",\"valueRequired\":true,\"valueName\":\"search_term_string\"}}],\"inLanguage\":\"fr-FR\"}]}<\/script>\n<!-- \/ Yoast SEO plugin. -->","yoast_head_json":{"title":"Liste d'attente Programmes - Strategist","robots":{"index":"index","follow":"follow","max-snippet":"max-snippet:-1","max-image-preview":"max-image-preview:large","max-video-preview":"max-video-preview:-1"},"canonical":"https:\/\/saragilbert.coach\/fr\/programmes-informations\/","og_locale":"fr_FR","og_type":"article","og_title":"Liste d'attente Programmes - Strategist","og_url":"https:\/\/saragilbert.coach\/fr\/programmes-informations\/","og_site_name":"Strategist","article_modified_time":"2025-04-08T18:42:28+00:00","twitter_card":"summary_large_image","twitter_misc":{"Dur\u00e9e de lecture estim\u00e9e":"4 minutes"},"schema":{"@context":"https:\/\/schema.org","@graph":[{"@type":"WebPage","@id":"https:\/\/saragilbert.coach\/fr\/programmes-informations\/","url":"https:\/\/saragilbert.coach\/fr\/programmes-informations\/","name":"Liste d'attente Programmes - Strategist","isPartOf":{"@id":"https:\/\/saragilbert.coach\/fr\/#website"},"datePublished":"2025-04-08T18:35:30+00:00","dateModified":"2025-04-08T18:42:28+00:00","breadcrumb":{"@id":"https:\/\/saragilbert.coach\/fr\/programmes-informations\/#breadcrumb"},"inLanguage":"fr-FR","potentialAction":[{"@type":"ReadAction","target":["https:\/\/saragilbert.coach\/fr\/programmes-informations\/"]}]},{"@type":"BreadcrumbList","@id":"https:\/\/saragilbert.coach\/fr\/programmes-informations\/#breadcrumb","itemListElement":[{"@type":"ListItem","position":1,"name":"Home","item":"https:\/\/saragilbert.coach\/fr\/"},{"@type":"ListItem","position":2,"name":"Liste d&rsquo;attente Programmes"}]},{"@type":"WebSite","@id":"https:\/\/saragilbert.coach\/fr\/#website","url":"https:\/\/saragilbert.coach\/fr\/","name":"Strategist","description":"Be successful by design","potentialAction":[{"@type":"SearchAction","target":{"@type":"EntryPoint","urlTemplate":"https:\/\/saragilbert.coach\/fr\/?s={search_term_string}"},"query-input":{"@type":"PropertyValueSpecification","valueRequired":true,"valueName":"search_term_string"}}],"inLanguage":"fr-FR"}]}},"_links":{"self":[{"href":"https:\/\/saragilbert.coach\/fr\/wp-json\/wp\/v2\/pages\/15112","targetHints":{"allow":["GET"]}}],"collection":[{"href":"https:\/\/saragilbert.coach\/fr\/wp-json\/wp\/v2\/pages"}],"about":[{"href":"https:\/\/saragilbert.coach\/fr\/wp-json\/wp\/v2\/types\/page"}],"author":[{"embeddable":true,"href":"https:\/\/saragilbert.coach\/fr\/wp-json\/wp\/v2\/users\/12"}],"replies":[{"embeddable":true,"href":"https:\/\/saragilbert.coach\/fr\/wp-json\/wp\/v2\/comments?post=15112"}],"version-history":[{"count":5,"href":"https:\/\/saragilbert.coach\/fr\/wp-json\/wp\/v2\/pages\/15112\/revisions"}],"predecessor-version":[{"id":15119,"href":"https:\/\/saragilbert.coach\/fr\/wp-json\/wp\/v2\/pages\/15112\/revisions\/15119"}],"wp:attachment":[{"href":"https:\/\/saragilbert.coach\/fr\/wp-json\/wp\/v2\/media?parent=15112"}],"wp:term":[{"taxonomy":"difl_page_category","embeddable":true,"href":"https:\/\/saragilbert.coach\/fr\/wp-json\/wp\/v2\/difl_page_category?post=15112"}],"curies":[{"name":"wp","href":"https:\/\/api.w.org\/{rel}","templated":true}]}}