{"id":4284,"date":"2017-11-22T22:14:15","date_gmt":"2017-11-22T22:14:15","guid":{"rendered":"https:\/\/saragilbert.coach\/NEW\/fr\/work-together\/"},"modified":"2020-12-16T21:26:52","modified_gmt":"2020-12-16T21:26:52","slug":"travaillons-ensemble","status":"publish","type":"page","link":"https:\/\/saragilbert.coach\/fr\/travaillons-ensemble\/","title":{"rendered":"Travaillons ensemble"},"content":{"rendered":"<p>[et_pb_section fb_built=\u00a0\u00bb1&Prime; fullwidth=\u00a0\u00bbon\u00a0\u00bb custom_padding_last_edited=\u00a0\u00bbon|phone\u00a0\u00bb _builder_version=\u00a0\u00bb3.22&Prime; custom_margin=\u00a0\u00bb0px||0px|\u00a0\u00bb custom_margin_tablet=\u00a0\u00bb\u00a0\u00bb custom_margin_phone=\u00a0\u00bb\u00a0\u00bb custom_margin_last_edited=\u00a0\u00bbon|phone\u00a0\u00bb custom_padding=\u00a0\u00bb0px||0px|\u00a0\u00bb custom_padding_tablet=\u00a0\u00bb\u00a0\u00bb custom_padding_phone=\u00a0\u00bb|||\u00a0\u00bb][et_pb_fullwidth_slider show_arrows=\u00a0\u00bboff\u00a0\u00bb show_pagination=\u00a0\u00bboff\u00a0\u00bb _builder_version=\u00a0\u00bb3.21.1&Prime; header_font=\u00a0\u00bbRoboto|300|||||||\u00a0\u00bb body_font=\u00a0\u00bb||||||||\u00a0\u00bb custom_padding=\u00a0\u00bb|||\u00a0\u00bb custom_padding_tablet=\u00a0\u00bb|||\u00a0\u00bb custom_padding_phone=\u00a0\u00bb|||\u00a0\u00bb box_shadow_style=\u00a0\u00bbpreset6&Prime; box_shadow_blur=\u00a0\u00bb10px\u00a0\u00bb box_shadow_color=\u00a0\u00bbrgba(0,0,0,0.1)\u00a0\u00bb button_text_size__hover_enabled=\u00a0\u00bboff\u00a0\u00bb button_one_text_size__hover_enabled=\u00a0\u00bboff\u00a0\u00bb button_two_text_size__hover_enabled=\u00a0\u00bboff\u00a0\u00bb button_text_color__hover_enabled=\u00a0\u00bboff\u00a0\u00bb button_one_text_color__hover_enabled=\u00a0\u00bboff\u00a0\u00bb button_two_text_color__hover_enabled=\u00a0\u00bboff\u00a0\u00bb button_border_width__hover_enabled=\u00a0\u00bboff\u00a0\u00bb button_one_border_width__hover_enabled=\u00a0\u00bboff\u00a0\u00bb button_two_border_width__hover_enabled=\u00a0\u00bboff\u00a0\u00bb button_border_color__hover_enabled=\u00a0\u00bboff\u00a0\u00bb button_one_border_color__hover_enabled=\u00a0\u00bboff\u00a0\u00bb button_two_border_color__hover_enabled=\u00a0\u00bboff\u00a0\u00bb button_border_radius__hover_enabled=\u00a0\u00bboff\u00a0\u00bb button_one_border_radius__hover_enabled=\u00a0\u00bboff\u00a0\u00bb button_two_border_radius__hover_enabled=\u00a0\u00bboff\u00a0\u00bb button_letter_spacing__hover_enabled=\u00a0\u00bboff\u00a0\u00bb button_one_letter_spacing__hover_enabled=\u00a0\u00bboff\u00a0\u00bb button_two_letter_spacing__hover_enabled=\u00a0\u00bboff\u00a0\u00bb button_bg_color__hover_enabled=\u00a0\u00bboff\u00a0\u00bb button_one_bg_color__hover_enabled=\u00a0\u00bboff\u00a0\u00bb button_two_bg_color__hover_enabled=\u00a0\u00bboff\u00a0\u00bb][et_pb_slide heading=\u00a0\u00bbCE N\u2019EST PAS QU\u2019UNE ENTREPRISE\u00a0\u00bb _builder_version=\u00a0\u00bb3.21.1&Prime; header_level=\u00a0\u00bbh2&Prime; header_font=\u00a0\u00bbRoboto|300|||||||\u00a0\u00bb header_font_size=\u00a0\u00bb60px\u00a0\u00bb body_font=\u00a0\u00bbDancing Script||||||||\u00a0\u00bb body_font_size=\u00a0\u00bb37px\u00a0\u00bb background_color=\u00a0\u00bb#ffffff\u00a0\u00bb background_image=\u00a0\u00bbhttps:\/\/saragilbert.coach\/wp-content\/uploads\/2017\/11\/WorkTogether.jpg\u00a0\u00bb background_video_width=\u00a0\u00bb1920&Prime; background_video_height=\u00a0\u00bb638&Prime; text_orientation=\u00a0\u00bbleft\u00a0\u00bb header_font_size_tablet=\u00a0\u00bb40px\u00a0\u00bb header_font_size_phone=\u00a0\u00bb29px\u00a0\u00bb header_font_size_last_edited=\u00a0\u00bbon|desktop\u00a0\u00bb body_font_size_tablet=\u00a0\u00bb37px\u00a0\u00bb body_font_size_phone=\u00a0\u00bb23px\u00a0\u00bb body_font_size_last_edited=\u00a0\u00bbon|phone\u00a0\u00bb video_bg_width=\u00a0\u00bb1920&Prime; video_bg_height=\u00a0\u00bb638&Prime; button_text_size__hover_enabled=\u00a0\u00bboff\u00a0\u00bb button_one_text_size__hover_enabled=\u00a0\u00bboff\u00a0\u00bb button_two_text_size__hover_enabled=\u00a0\u00bboff\u00a0\u00bb button_text_color__hover_enabled=\u00a0\u00bboff\u00a0\u00bb button_one_text_color__hover_enabled=\u00a0\u00bboff\u00a0\u00bb button_two_text_color__hover_enabled=\u00a0\u00bboff\u00a0\u00bb button_border_width__hover_enabled=\u00a0\u00bboff\u00a0\u00bb button_one_border_width__hover_enabled=\u00a0\u00bboff\u00a0\u00bb button_two_border_width__hover_enabled=\u00a0\u00bboff\u00a0\u00bb button_border_color__hover_enabled=\u00a0\u00bboff\u00a0\u00bb button_one_border_color__hover_enabled=\u00a0\u00bboff\u00a0\u00bb button_two_border_color__hover_enabled=\u00a0\u00bboff\u00a0\u00bb button_border_radius__hover_enabled=\u00a0\u00bboff\u00a0\u00bb button_one_border_radius__hover_enabled=\u00a0\u00bboff\u00a0\u00bb button_two_border_radius__hover_enabled=\u00a0\u00bboff\u00a0\u00bb button_letter_spacing__hover_enabled=\u00a0\u00bboff\u00a0\u00bb button_one_letter_spacing__hover_enabled=\u00a0\u00bboff\u00a0\u00bb button_two_letter_spacing__hover_enabled=\u00a0\u00bboff\u00a0\u00bb button_bg_color__hover_enabled=\u00a0\u00bboff\u00a0\u00bb button_one_bg_color__hover_enabled=\u00a0\u00bboff\u00a0\u00bb button_two_bg_color__hover_enabled=\u00a0\u00bboff\u00a0\u00bb sticky_transition=\u00a0\u00bbon\u00a0\u00bb]<\/p>\n<p style=\"text-align: right;\">\u2026c\u2019est votre h\u00e9ritage\u2026<\/p>\n<p>[\/et_pb_slide][\/et_pb_fullwidth_slider][\/et_pb_section][et_pb_section fb_built=\u00a0\u00bb1&Prime; _builder_version=\u00a0\u00bb3.22&Prime; custom_margin=\u00a0\u00bb0px||0px|\u00a0\u00bb custom_padding=\u00a0\u00bb0px||0px|\u00a0\u00bb][et_pb_row _builder_version=\u00a0\u00bb3.25&Prime;][et_pb_column type=\u00a0\u00bb4_4&Prime; _builder_version=\u00a0\u00bb3.25&Prime; custom_padding=\u00a0\u00bb|||\u00a0\u00bb custom_padding__hover=\u00a0\u00bb|||\u00a0\u00bb][et_pb_text _builder_version=\u00a0\u00bb3.29.3&Prime; header_font=\u00a0\u00bb||||||||\u00a0\u00bb]<\/p>\n<h2>COACHING ET CONSULTATION<\/h2>\n<h4>la connaissance du march\u00e9 et les outils que vous recherchez&#8230;<\/h4>\n<p>&nbsp;<\/p>\n<p><em><strong>Nous nous lan\u00e7ons en affaires pour diff\u00e9rentes raisons\u00a0:<\/strong><\/em><\/p>\n<ul>\n<li>Pour certains, c\u2019est afin d\u2019avoir plus de temps pour voyager, \u00eatre avec leurs enfants ou faire du b\u00e9n\u00e9volat.<\/li>\n<li>Pour d\u2019autres, c\u2019est pour changer le monde, mettre au point de nouvelles technologies ou r\u00e9volutionner le march\u00e9.<\/li>\n<li>Pour certains, l\u2019objectif est de gagner 75\u00a0000\u00a0$ par ann\u00e9e, tandis que d\u2019autres visent 7,5 millions.<\/li>\n<li>Pour certains, c\u2019est afin d\u2019aider une personne \u00e0 la fois; pour d\u2019autres, c\u2019est afin d\u2019avoir un impact \u00e0 grande \u00e9chelle.<\/li>\n<\/ul>\n<p>M\u00eame si les buts, la port\u00e9e ou l\u2019\u00e9chelle sont diff\u00e9rents, nous poursuivons chacun les deux objectifs de base suivants:<\/p>\n<ul>\n<li>Nous voulons changer les choses.<\/li>\n<li>Nous voulons pouvoir d\u00e9cider de la fa\u00e7on dont nous changerons les choses.<\/li>\n<\/ul>\n<p>Que vous soyez un entrepreneur en solo ou un leader au sein d\u2019une grande entreprise, vous visez ces deux objectifs.<\/p>\n<p><strong><em>L\u2019entreprise est plus qu\u2019une entreprise, c\u2019est votre h\u00e9ritage.<\/em><\/strong><\/p>\n<p>C\u2019est l\u2019h\u00e9ritage que vous laisserez \u00e0 vos enfants, amis et employ\u00e9s. L\u2019h\u00e9ritage de la d\u00e9termination, du dynamisme et de la passion. Un mod\u00e8le qu\u2019ils suivront, auquel ils croiront, qui leur montrera que tout est possible.<\/p>\n<p>Voil\u00e0 pourquoi <em>vous \u00eates<\/em> ici. Vous voulez plus; le statu quo n\u2019est plus une option.<\/p>\n<p>Personne ne gagne quand on pense petit et qu\u2019on refuse de donner vie \u00e0 ses id\u00e9es. Le monde et les personnes qui vous entourent ont besoin de vos bonnes id\u00e9es.<\/p>\n<p>Il est temps de monter d\u2019un cran&#8230; et c\u2019est pourquoi <em>je suis<\/em> ici.<\/p>\n<h4><\/h4>\n<p>[\/et_pb_text][et_pb_text _builder_version=\u00a0\u00bb3.29.3&Prime; header_font=\u00a0\u00bb||||||||\u00a0\u00bb]<\/p>\n<h2>RESTEZ CONCENTR\u00c9 SUR VOTRE EXPERTISE<\/h2>\n<h4>nous travaillerons ensemble sur les autres aspects de votre pratique d\u2019affaires\u2026<\/h4>\n<p>La r\u00e9alit\u00e9 d\u2019un professionnel-entrepreneur est tr\u00e8s diff\u00e9rente de celle d\u2019un entrepreneur qui vend un produit. Vous \u00eates l\u2019expert, vous \u00eates la marque et, parfois, vous \u00eates \u00e9galement le service du marketing, le service des ventes, le service administratif et bien plus encore\u2026<\/p>\n<p><em><strong>Vous \u00eates le c\u0153ur et l\u2019\u00e2me de votre pratique d\u2019affaires.<\/strong><\/em><\/p>\n<p>Mais porter tous ces chapeaux implique que vous avez moins de temps pour vous concentrer sur votre principale habilet\u00e9\u00a0: apporter votre expertise aux personnes qui en ont besoin, aider vos clients \u00e0 r\u00e9aliser leurs r\u00eaves et leurs objectifs. Sans parler du d\u00e9veloppement de votre pratique d\u2019affaires, qui est souvent n\u00e9glig\u00e9e, faute de temps.<\/p>\n<p><em><strong>Vous voulez des r\u00e9sultats, et vous \u00eates pr\u00eat \u00e0 fa\u00e7onner votre avenir? Alors vous \u00eates au bon endroit.<\/strong><\/em><\/p>\n<p>Si vous \u00eates ici, c\u2019est probablement parce que vous avez d\u00e9j\u00e0 accompli beaucoup de choses et que vous en voulez encore plus \u2013 vous vous engagez \u00e0 donner le meilleur de vous-m\u00eame. Vous avez lu des ouvrages, \u00e9cout\u00e9 des CD, assist\u00e9 \u00e0 des \u00e9v\u00e9nements, vous restez \u00e0 l\u2019aff\u00fbt des derni\u00e8res tendances de l\u2019industrie\u2026 Mais vous n\u2019avez toujours pas obtenu les r\u00e9sultats d\u00e9sir\u00e9s.<\/p>\n<p>Imaginez \u00e0 quel point il serait lib\u00e9rateur et satisfaisant d\u2019\u00eatre aux commandes de l\u2019entreprise id\u00e9ale. Elle aurait:<\/p>\n<ul>\n<li>un plan d\u2019affaires et une direction clairs;<\/li>\n<li>un plan d\u2019action cibl\u00e9 et r\u00e9alisable;<\/li>\n<li>un message distinctif qui attire le type de clients que vous visez et que vous m\u00e9ritez;<\/li>\n<li>un processus bien \u00e9tabli, ax\u00e9 sur l\u2019efficacit\u00e9 et le succ\u00e8s;<\/li>\n<li>une strat\u00e9gie qui vous m\u00e8ne continuellement au niveau sup\u00e9rieur.<\/li>\n<\/ul>\n<p><em><strong>Eh bien, c\u2019est exactement ce que nous accomplirons ensemble!<\/strong><\/em><\/p>\n<h2>TRAVAILLONS ENSEMBLE<\/h2>\n<h4>\u00e0 concevoir une pratique d\u2019affaires rentable qui cr\u00e9e de la richesse, une libert\u00e9 et un style de vie qui vous convient\u2026<\/h4>\n<p>[\/et_pb_text][\/et_pb_column][\/et_pb_row][et_pb_row column_structure=\u00a0\u00bb1_3,1_3,1_3&Prime; _builder_version=\u00a0\u00bb3.0.89&Prime; custom_margin=\u00a0\u00bb||0px|\u00a0\u00bb custom_padding=\u00a0\u00bb||0px|\u00a0\u00bb global_module=\u00a0\u00bb4528&Prime;][et_pb_column type=\u00a0\u00bb1_3&Prime; _builder_version=\u00a0\u00bb3.25&Prime; custom_padding=\u00a0\u00bb|||\u00a0\u00bb custom_padding__hover=\u00a0\u00bb|||\u00a0\u00bb][et_pb_image src=\u00a0\u00bbhttps:\/\/saragilbert.coach\/wp-content\/uploads\/2017\/12\/Entrepreneurs-fr.jpg\u00a0\u00bb url=\u00a0\u00bbhttps:\/\/saragilbert.coach\/\/fr\/pour-entrepreneurs\/\u00a0\u00bb use_overlay=\u00a0\u00bbon\u00a0\u00bb overlay_icon_color=\u00a0\u00bbrgba(0,0,0,0)\u00a0\u00bb hover_overlay_color=\u00a0\u00bbrgba(255,255,255,0.12)\u00a0\u00bb align_tablet=\u00a0\u00bbcenter\u00a0\u00bb align_phone=\u00a0\u00bb\u00a0\u00bb align_last_edited=\u00a0\u00bbon|desktop\u00a0\u00bb _builder_version=\u00a0\u00bb3.23&Prime;][\/et_pb_image][\/et_pb_column][et_pb_column type=\u00a0\u00bb1_3&Prime; _builder_version=\u00a0\u00bb3.25&Prime; custom_padding=\u00a0\u00bb|||\u00a0\u00bb custom_padding__hover=\u00a0\u00bb|||\u00a0\u00bb][et_pb_image src=\u00a0\u00bbhttps:\/\/saragilbert.coach\/wp-content\/uploads\/2017\/12\/Entreprises.jpg\u00a0\u00bb url=\u00a0\u00bbhttps:\/\/saragilbert.coach\/\/fr\/pour-entreprises\/\u00a0\u00bb use_overlay=\u00a0\u00bbon\u00a0\u00bb overlay_icon_color=\u00a0\u00bbrgba(0,0,0,0)\u00a0\u00bb hover_overlay_color=\u00a0\u00bbrgba(255,255,255,0.12)\u00a0\u00bb align_tablet=\u00a0\u00bbcenter\u00a0\u00bb align_phone=\u00a0\u00bb\u00a0\u00bb align_last_edited=\u00a0\u00bbon|desktop\u00a0\u00bb _builder_version=\u00a0\u00bb3.23&Prime;][\/et_pb_image][\/et_pb_column][et_pb_column type=\u00a0\u00bb1_3&Prime; _builder_version=\u00a0\u00bb3.25&Prime; custom_padding=\u00a0\u00bb|||\u00a0\u00bb custom_padding__hover=\u00a0\u00bb|||\u00a0\u00bb][et_pb_image src=\u00a0\u00bbhttps:\/\/saragilbert.coach\/wp-content\/uploads\/2017\/12\/Formateurs.jpg\u00a0\u00bb url=\u00a0\u00bbhttps:\/\/saragilbert.coach\/fr\/formateurs-gestionnaires\/\u00a0\u00bb use_overlay=\u00a0\u00bbon\u00a0\u00bb overlay_icon_color=\u00a0\u00bbrgba(0,0,0,0)\u00a0\u00bb hover_overlay_color=\u00a0\u00bbrgba(255,255,255,0.12)\u00a0\u00bb align_tablet=\u00a0\u00bbcenter\u00a0\u00bb align_phone=\u00a0\u00bb\u00a0\u00bb align_last_edited=\u00a0\u00bbon|desktop\u00a0\u00bb _builder_version=\u00a0\u00bb3.23&Prime;][\/et_pb_image][\/et_pb_column][\/et_pb_row][et_pb_row column_structure=\u00a0\u00bb1_3,1_3,1_3&Prime; _builder_version=\u00a0\u00bb3.25&Prime; custom_margin=\u00a0\u00bb||60px|\u00a0\u00bb][et_pb_column type=\u00a0\u00bb1_3&Prime; _builder_version=\u00a0\u00bb3.25&Prime; custom_padding=\u00a0\u00bb|||\u00a0\u00bb custom_padding__hover=\u00a0\u00bb|||\u00a0\u00bb][et_pb_text _builder_version=\u00a0\u00bb3.27.4&Prime; header_font=\u00a0\u00bb||||||||\u00a0\u00bb]<\/p>\n<p>Pour les professionnels ind\u00e9pendants, les fournisseurs de services et les consultants dont l\u2019activit\u00e9 repose principalement sur des conseils et des services.<\/p>\n<p>Nous comprenons que la gestion d\u2019une entreprise de \u00a0services professionnels est tr\u00e8s diff\u00e9rente de celle d\u2019une entreprise qui vend un produit. Vous \u00eates l\u2019expert, vous \u00eates la marque, et parfois vous \u00eates le service du marketing, le service des ventes et bien plus encore.<\/p>\n<p>Notre approche de coaching est con\u00e7ue en pensant \u00e0 vous; elle est cr\u00e9\u00e9e par des entrepreneurs, pour les entrepreneurs.<\/p>\n<p><strong><em>Travaillons ensemble \u00e0 concevoir une pratique d\u2019affaires rentable qui cr\u00e9e de la richesse, une libert\u00e9 et un style de vie qui vous convient.<\/em><\/strong><\/p>\n<p><a href=\"https:\/\/saragilbert.coach\/fr\/pour-entrepreneurs\/\" class=\"button\">En savoir plus<\/a><\/p>\n<p>[\/et_pb_text][\/et_pb_column][et_pb_column type=\u00a0\u00bb1_3&Prime; _builder_version=\u00a0\u00bb3.25&Prime; custom_padding=\u00a0\u00bb|||\u00a0\u00bb custom_padding__hover=\u00a0\u00bb|||\u00a0\u00bb][et_pb_text _builder_version=\u00a0\u00bb3.27.4&Prime;]<\/p>\n<p>Pour les entreprises qui veulent des conseils strat\u00e9giques, s\u2019associer avec une \u00e9quipe d\u2019experts, faire du remue-m\u00e9ninge et se doter d\u2019une vision pour aller de l\u2019avant.<\/p>\n<p>Nos services de consultation et de conseil offrent une expertise de premier plan en strat\u00e9gie, mod\u00e8les de service, marketing, comportement des consommateurs, exp\u00e9rience client et relations \u00e0 haute valeur ajout\u00e9e.<\/p>\n<p>Nos services sont offerts aux dirigeants et aux \u00e9quipes de gestion, souvent dans le cadre d\u2019une strat\u00e9gie de haut niveau ou d\u2019un r\u00f4le consultatif. Nous vous aidons \u00e0 passer de la cr\u00e9ation \u00e0 l\u2019ex\u00e9cution compl\u00e8te pour obtenir des r\u00e9sultats tangibles.<\/p>\n<p><strong><em>Travaillons ensemble pour que vous puissiez aller plus vite et plus loin.<\/em><\/strong><\/p>\n<p><a href=\"https:\/\/saragilbert.coach\/fr\/pour-entreprises\/\" class=\"button\">En savoir plus<\/a><\/p>\n<p>[\/et_pb_text][\/et_pb_column][et_pb_column type=\u00a0\u00bb1_3&Prime; _builder_version=\u00a0\u00bb3.25&Prime; custom_padding=\u00a0\u00bb|||\u00a0\u00bb custom_padding__hover=\u00a0\u00bb|||\u00a0\u00bb][et_pb_text _builder_version=\u00a0\u00bb3.27.4&Prime;]<\/p>\n<p>Pour les formateurs, les gestionnaires et les coachs qui souhaitent int\u00e9grer une approche plus strat\u00e9gique et accro\u00eetre leur influence.<\/p>\n<p>Enseignez aux \u00e9quipes et aux dirigeants \u00e0 s\u2019engager, \u00e0 inspirer les autres et \u00e0 les diriger vers l\u2019atteinte de r\u00e9sultats.<\/p>\n<p>Nos formations corporatives sont con\u00e7ues pour fournir aux participants une connaissance approfondie des comp\u00e9tences avanc\u00e9es en coaching, des techniques de motivation et d\u2019 imputabilit\u00e9, ainsi qu&rsquo;une bonne compr\u00e9hension des meilleures pratiques pour aider les \u00e9quipes internes.<\/p>\n<p><strong><em>Travaillons ensemble et d\u00e9veloppons la prochaine g\u00e9n\u00e9ration de leaders d\u2019opinion.<\/em><\/strong><\/p>\n<p>\u00a0<\/p>\n<p><a href=\"https:\/\/saragilbert.coach\/fr\/formateurs-gestionnaires\/\" class=\"button\">En savoir plus <\/a><\/p>\n<p>[\/et_pb_text][\/et_pb_column][\/et_pb_row][\/et_pb_section]<\/p>\n<span class=\"et_bloom_bottom_trigger\"><\/span>","protected":false},"excerpt":{"rendered":"<p>\u2026c\u2019est votre h\u00e9ritage\u2026COACHING ET CONSULTATION la connaissance du march\u00e9 et les outils que vous recherchez&#8230; &nbsp; Nous nous lan\u00e7ons en affaires pour diff\u00e9rentes raisons\u00a0: Pour certains, c\u2019est afin d\u2019avoir plus de temps pour voyager, \u00eatre avec leurs enfants ou faire du b\u00e9n\u00e9volat. Pour d\u2019autres, c\u2019est pour changer le monde, mettre au point de nouvelles technologies [&hellip;]<\/p>\n","protected":false},"author":1,"featured_media":5037,"parent":0,"menu_order":0,"comment_status":"closed","ping_status":"closed","template":"","meta":{"_et_pb_use_builder":"on","_et_pb_old_content":"","_et_gb_content_width":"","footnotes":""},"difl_page_category":[],"class_list":["post-4284","page","type-page","status-publish","has-post-thumbnail","hentry"],"yoast_head":"<!-- This site is optimized with the Yoast SEO plugin v25.4 - https:\/\/yoast.com\/wordpress\/plugins\/seo\/ -->\n<title>Travaillons ensemble - Strategist<\/title>\n<meta name=\"description\" content=\"Sara Gilbert and Strategist Business Development \u2013 Business coaching done right! Let\u2019s work together and bring that vision, your vision, to life\u2026\" \/>\n<meta name=\"robots\" content=\"index, follow, max-snippet:-1, max-image-preview:large, max-video-preview:-1\" \/>\n<link rel=\"canonical\" href=\"https:\/\/saragilbert.coach\/fr\/travaillons-ensemble\/\" \/>\n<meta property=\"og:locale\" content=\"fr_FR\" \/>\n<meta property=\"og:type\" content=\"article\" \/>\n<meta property=\"og:title\" content=\"Travaillons ensemble - Strategist\" \/>\n<meta property=\"og:description\" content=\"Sara Gilbert and Strategist Business Development \u2013 Business coaching done right! Let\u2019s work together and bring that vision, your vision, to life\u2026\" \/>\n<meta property=\"og:url\" content=\"https:\/\/saragilbert.coach\/fr\/travaillons-ensemble\/\" \/>\n<meta property=\"og:site_name\" content=\"Strategist\" \/>\n<meta property=\"article:modified_time\" content=\"2020-12-16T21:26:52+00:00\" \/>\n<meta property=\"og:image\" content=\"https:\/\/saragilbert.coach\/wp-content\/uploads\/2018\/02\/travailEnsemble.jpg\" \/>\n\t<meta property=\"og:image:width\" content=\"1308\" \/>\n\t<meta property=\"og:image:height\" content=\"588\" \/>\n\t<meta property=\"og:image:type\" content=\"image\/jpeg\" \/>\n<meta name=\"twitter:card\" content=\"summary_large_image\" \/>\n<meta name=\"twitter:label1\" content=\"Dur\u00e9e de lecture estim\u00e9e\" \/>\n\t<meta name=\"twitter:data1\" content=\"9 minutes\" \/>\n<script type=\"application\/ld+json\" class=\"yoast-schema-graph\">{\"@context\":\"https:\/\/schema.org\",\"@graph\":[{\"@type\":\"WebPage\",\"@id\":\"https:\/\/saragilbert.coach\/fr\/travaillons-ensemble\/\",\"url\":\"https:\/\/saragilbert.coach\/fr\/travaillons-ensemble\/\",\"name\":\"Travaillons ensemble - Strategist\",\"isPartOf\":{\"@id\":\"https:\/\/saragilbert.coach\/fr\/#website\"},\"primaryImageOfPage\":{\"@id\":\"https:\/\/saragilbert.coach\/fr\/travaillons-ensemble\/#primaryimage\"},\"image\":{\"@id\":\"https:\/\/saragilbert.coach\/fr\/travaillons-ensemble\/#primaryimage\"},\"thumbnailUrl\":\"https:\/\/saragilbert.coach\/wp-content\/uploads\/2018\/02\/travailEnsemble.jpg\",\"datePublished\":\"2017-11-22T22:14:15+00:00\",\"dateModified\":\"2020-12-16T21:26:52+00:00\",\"description\":\"Sara Gilbert and Strategist Business Development \u2013 Business coaching done right! Let\u2019s work together and bring that vision, your vision, to life\u2026\",\"breadcrumb\":{\"@id\":\"https:\/\/saragilbert.coach\/fr\/travaillons-ensemble\/#breadcrumb\"},\"inLanguage\":\"fr-FR\",\"potentialAction\":[{\"@type\":\"ReadAction\",\"target\":[\"https:\/\/saragilbert.coach\/fr\/travaillons-ensemble\/\"]}]},{\"@type\":\"ImageObject\",\"inLanguage\":\"fr-FR\",\"@id\":\"https:\/\/saragilbert.coach\/fr\/travaillons-ensemble\/#primaryimage\",\"url\":\"https:\/\/saragilbert.coach\/wp-content\/uploads\/2018\/02\/travailEnsemble.jpg\",\"contentUrl\":\"https:\/\/saragilbert.coach\/wp-content\/uploads\/2018\/02\/travailEnsemble.jpg\",\"width\":1308,\"height\":588},{\"@type\":\"BreadcrumbList\",\"@id\":\"https:\/\/saragilbert.coach\/fr\/travaillons-ensemble\/#breadcrumb\",\"itemListElement\":[{\"@type\":\"ListItem\",\"position\":1,\"name\":\"Home\",\"item\":\"https:\/\/saragilbert.coach\/fr\/\"},{\"@type\":\"ListItem\",\"position\":2,\"name\":\"Travaillons ensemble\"}]},{\"@type\":\"WebSite\",\"@id\":\"https:\/\/saragilbert.coach\/fr\/#website\",\"url\":\"https:\/\/saragilbert.coach\/fr\/\",\"name\":\"Strategist\",\"description\":\"Be successful by design\",\"potentialAction\":[{\"@type\":\"SearchAction\",\"target\":{\"@type\":\"EntryPoint\",\"urlTemplate\":\"https:\/\/saragilbert.coach\/fr\/?s={search_term_string}\"},\"query-input\":{\"@type\":\"PropertyValueSpecification\",\"valueRequired\":true,\"valueName\":\"search_term_string\"}}],\"inLanguage\":\"fr-FR\"}]}<\/script>\n<!-- \/ Yoast SEO plugin. -->","yoast_head_json":{"title":"Travaillons ensemble - Strategist","description":"Sara Gilbert and Strategist Business Development \u2013 Business coaching done right! Let\u2019s work together and bring that vision, your vision, to life\u2026","robots":{"index":"index","follow":"follow","max-snippet":"max-snippet:-1","max-image-preview":"max-image-preview:large","max-video-preview":"max-video-preview:-1"},"canonical":"https:\/\/saragilbert.coach\/fr\/travaillons-ensemble\/","og_locale":"fr_FR","og_type":"article","og_title":"Travaillons ensemble - Strategist","og_description":"Sara Gilbert and Strategist Business Development \u2013 Business coaching done right! Let\u2019s work together and bring that vision, your vision, to life\u2026","og_url":"https:\/\/saragilbert.coach\/fr\/travaillons-ensemble\/","og_site_name":"Strategist","article_modified_time":"2020-12-16T21:26:52+00:00","og_image":[{"width":1308,"height":588,"url":"https:\/\/saragilbert.coach\/wp-content\/uploads\/2018\/02\/travailEnsemble.jpg","type":"image\/jpeg"}],"twitter_card":"summary_large_image","twitter_misc":{"Dur\u00e9e de lecture estim\u00e9e":"9 minutes"},"schema":{"@context":"https:\/\/schema.org","@graph":[{"@type":"WebPage","@id":"https:\/\/saragilbert.coach\/fr\/travaillons-ensemble\/","url":"https:\/\/saragilbert.coach\/fr\/travaillons-ensemble\/","name":"Travaillons ensemble - Strategist","isPartOf":{"@id":"https:\/\/saragilbert.coach\/fr\/#website"},"primaryImageOfPage":{"@id":"https:\/\/saragilbert.coach\/fr\/travaillons-ensemble\/#primaryimage"},"image":{"@id":"https:\/\/saragilbert.coach\/fr\/travaillons-ensemble\/#primaryimage"},"thumbnailUrl":"https:\/\/saragilbert.coach\/wp-content\/uploads\/2018\/02\/travailEnsemble.jpg","datePublished":"2017-11-22T22:14:15+00:00","dateModified":"2020-12-16T21:26:52+00:00","description":"Sara Gilbert and Strategist Business Development \u2013 Business coaching done right! Let\u2019s work together and bring that vision, your vision, to life\u2026","breadcrumb":{"@id":"https:\/\/saragilbert.coach\/fr\/travaillons-ensemble\/#breadcrumb"},"inLanguage":"fr-FR","potentialAction":[{"@type":"ReadAction","target":["https:\/\/saragilbert.coach\/fr\/travaillons-ensemble\/"]}]},{"@type":"ImageObject","inLanguage":"fr-FR","@id":"https:\/\/saragilbert.coach\/fr\/travaillons-ensemble\/#primaryimage","url":"https:\/\/saragilbert.coach\/wp-content\/uploads\/2018\/02\/travailEnsemble.jpg","contentUrl":"https:\/\/saragilbert.coach\/wp-content\/uploads\/2018\/02\/travailEnsemble.jpg","width":1308,"height":588},{"@type":"BreadcrumbList","@id":"https:\/\/saragilbert.coach\/fr\/travaillons-ensemble\/#breadcrumb","itemListElement":[{"@type":"ListItem","position":1,"name":"Home","item":"https:\/\/saragilbert.coach\/fr\/"},{"@type":"ListItem","position":2,"name":"Travaillons ensemble"}]},{"@type":"WebSite","@id":"https:\/\/saragilbert.coach\/fr\/#website","url":"https:\/\/saragilbert.coach\/fr\/","name":"Strategist","description":"Be successful by design","potentialAction":[{"@type":"SearchAction","target":{"@type":"EntryPoint","urlTemplate":"https:\/\/saragilbert.coach\/fr\/?s={search_term_string}"},"query-input":{"@type":"PropertyValueSpecification","valueRequired":true,"valueName":"search_term_string"}}],"inLanguage":"fr-FR"}]}},"_links":{"self":[{"href":"https:\/\/saragilbert.coach\/fr\/wp-json\/wp\/v2\/pages\/4284","targetHints":{"allow":["GET"]}}],"collection":[{"href":"https:\/\/saragilbert.coach\/fr\/wp-json\/wp\/v2\/pages"}],"about":[{"href":"https:\/\/saragilbert.coach\/fr\/wp-json\/wp\/v2\/types\/page"}],"author":[{"embeddable":true,"href":"https:\/\/saragilbert.coach\/fr\/wp-json\/wp\/v2\/users\/1"}],"replies":[{"embeddable":true,"href":"https:\/\/saragilbert.coach\/fr\/wp-json\/wp\/v2\/comments?post=4284"}],"version-history":[{"count":21,"href":"https:\/\/saragilbert.coach\/fr\/wp-json\/wp\/v2\/pages\/4284\/revisions"}],"predecessor-version":[{"id":9174,"href":"https:\/\/saragilbert.coach\/fr\/wp-json\/wp\/v2\/pages\/4284\/revisions\/9174"}],"wp:featuredmedia":[{"embeddable":true,"href":"https:\/\/saragilbert.coach\/fr\/wp-json\/wp\/v2\/media\/5037"}],"wp:attachment":[{"href":"https:\/\/saragilbert.coach\/fr\/wp-json\/wp\/v2\/media?parent=4284"}],"wp:term":[{"taxonomy":"difl_page_category","embeddable":true,"href":"https:\/\/saragilbert.coach\/fr\/wp-json\/wp\/v2\/difl_page_category?post=4284"}],"curies":[{"name":"wp","href":"https:\/\/api.w.org\/{rel}","templated":true}]}}