{"id":4343,"date":"2017-11-27T23:29:38","date_gmt":"2017-11-27T23:29:38","guid":{"rendered":"https:\/\/saragilbert.coach\/NEW\/fr\/for-corporations\/"},"modified":"2019-04-02T23:50:33","modified_gmt":"2019-04-02T23:50:33","slug":"pour-entreprises","status":"publish","type":"page","link":"https:\/\/saragilbert.coach\/fr\/pour-entreprises\/","title":{"rendered":"Pour entreprises"},"content":{"rendered":"<p>[et_pb_section fb_built=\u00a0\u00bb1&Prime; fullwidth=\u00a0\u00bbon\u00a0\u00bb custom_padding_last_edited=\u00a0\u00bbon|phone\u00a0\u00bb _builder_version=\u00a0\u00bb3.0.86&Prime; custom_margin=\u00a0\u00bb0px||0px|\u00a0\u00bb custom_margin_last_edited=\u00a0\u00bbon|phone\u00a0\u00bb custom_padding=\u00a0\u00bb0px||0px|\u00a0\u00bb custom_padding_phone=\u00a0\u00bb|||\u00a0\u00bb][et_pb_fullwidth_slider show_arrows=\u00a0\u00bboff\u00a0\u00bb show_pagination=\u00a0\u00bboff\u00a0\u00bb _builder_version=\u00a0\u00bb3.21.1&Prime; header_font=\u00a0\u00bbRoboto|300|||||||\u00a0\u00bb body_font=\u00a0\u00bb||||||||\u00a0\u00bb box_shadow_style=\u00a0\u00bbpreset6&Prime; box_shadow_blur=\u00a0\u00bb10px\u00a0\u00bb box_shadow_color=\u00a0\u00bbrgba(0,0,0,0.1)\u00a0\u00bb custom_padding=\u00a0\u00bb|||\u00a0\u00bb custom_padding_tablet=\u00a0\u00bb|||\u00a0\u00bb custom_padding_phone=\u00a0\u00bb|||\u00a0\u00bb button_text_size__hover_enabled=\u00a0\u00bboff\u00a0\u00bb button_one_text_size__hover_enabled=\u00a0\u00bboff\u00a0\u00bb button_two_text_size__hover_enabled=\u00a0\u00bboff\u00a0\u00bb button_text_color__hover_enabled=\u00a0\u00bboff\u00a0\u00bb button_one_text_color__hover_enabled=\u00a0\u00bboff\u00a0\u00bb button_two_text_color__hover_enabled=\u00a0\u00bboff\u00a0\u00bb button_border_width__hover_enabled=\u00a0\u00bboff\u00a0\u00bb button_one_border_width__hover_enabled=\u00a0\u00bboff\u00a0\u00bb button_two_border_width__hover_enabled=\u00a0\u00bboff\u00a0\u00bb button_border_color__hover_enabled=\u00a0\u00bboff\u00a0\u00bb button_one_border_color__hover_enabled=\u00a0\u00bboff\u00a0\u00bb button_two_border_color__hover_enabled=\u00a0\u00bboff\u00a0\u00bb button_border_radius__hover_enabled=\u00a0\u00bboff\u00a0\u00bb button_one_border_radius__hover_enabled=\u00a0\u00bboff\u00a0\u00bb button_two_border_radius__hover_enabled=\u00a0\u00bboff\u00a0\u00bb button_letter_spacing__hover_enabled=\u00a0\u00bboff\u00a0\u00bb button_one_letter_spacing__hover_enabled=\u00a0\u00bboff\u00a0\u00bb button_two_letter_spacing__hover_enabled=\u00a0\u00bboff\u00a0\u00bb button_bg_color__hover_enabled=\u00a0\u00bboff\u00a0\u00bb button_one_bg_color__hover_enabled=\u00a0\u00bboff\u00a0\u00bb button_two_bg_color__hover_enabled=\u00a0\u00bboff\u00a0\u00bb][et_pb_slide heading=\u00a0\u00bbENTREPRISES\u00a0\u00bb _builder_version=\u00a0\u00bb3.21.1&Prime; header_level=\u00a0\u00bbh2&Prime; header_font=\u00a0\u00bbRoboto|300|||||||\u00a0\u00bb header_text_align=\u00a0\u00bbleft\u00a0\u00bb header_font_size=\u00a0\u00bb60px\u00a0\u00bb header_font_size_tablet=\u00a0\u00bb40px\u00a0\u00bb header_font_size_phone=\u00a0\u00bb29px\u00a0\u00bb header_font_size_last_edited=\u00a0\u00bbon|desktop\u00a0\u00bb body_font=\u00a0\u00bbDancing Script||||||||\u00a0\u00bb body_font_size=\u00a0\u00bb37px\u00a0\u00bb body_font_size_tablet=\u00a0\u00bb37px\u00a0\u00bb body_font_size_phone=\u00a0\u00bb23px\u00a0\u00bb body_font_size_last_edited=\u00a0\u00bbon|phone\u00a0\u00bb background_color=\u00a0\u00bb#ffffff\u00a0\u00bb background_image=\u00a0\u00bbhttps:\/\/saragilbert.coach\/wp-content\/uploads\/2017\/11\/Corps.jpg\u00a0\u00bb background_video_width=\u00a0\u00bb1920&Prime; background_video_height=\u00a0\u00bb638&Prime; text_orientation=\u00a0\u00bbleft\u00a0\u00bb video_bg_width=\u00a0\u00bb1920&Prime; video_bg_height=\u00a0\u00bb638&Prime; button_text_size__hover_enabled=\u00a0\u00bboff\u00a0\u00bb button_one_text_size__hover_enabled=\u00a0\u00bboff\u00a0\u00bb button_two_text_size__hover_enabled=\u00a0\u00bboff\u00a0\u00bb button_text_color__hover_enabled=\u00a0\u00bboff\u00a0\u00bb button_one_text_color__hover_enabled=\u00a0\u00bboff\u00a0\u00bb button_two_text_color__hover_enabled=\u00a0\u00bboff\u00a0\u00bb button_border_width__hover_enabled=\u00a0\u00bboff\u00a0\u00bb button_one_border_width__hover_enabled=\u00a0\u00bboff\u00a0\u00bb button_two_border_width__hover_enabled=\u00a0\u00bboff\u00a0\u00bb button_border_color__hover_enabled=\u00a0\u00bboff\u00a0\u00bb button_one_border_color__hover_enabled=\u00a0\u00bboff\u00a0\u00bb button_two_border_color__hover_enabled=\u00a0\u00bboff\u00a0\u00bb button_border_radius__hover_enabled=\u00a0\u00bboff\u00a0\u00bb button_one_border_radius__hover_enabled=\u00a0\u00bboff\u00a0\u00bb button_two_border_radius__hover_enabled=\u00a0\u00bboff\u00a0\u00bb button_letter_spacing__hover_enabled=\u00a0\u00bboff\u00a0\u00bb button_one_letter_spacing__hover_enabled=\u00a0\u00bboff\u00a0\u00bb button_two_letter_spacing__hover_enabled=\u00a0\u00bboff\u00a0\u00bb button_bg_color__hover_enabled=\u00a0\u00bboff\u00a0\u00bb button_one_bg_color__hover_enabled=\u00a0\u00bboff\u00a0\u00bb button_two_bg_color__hover_enabled=\u00a0\u00bboff\u00a0\u00bb]<\/p>\n<p style=\"text-align: right;\">\u2026combiner la cr\u00e9ativit\u00e9 \u00e0 un rare sens des affaires\u2026<\/p>\n<p>[\/et_pb_slide][\/et_pb_fullwidth_slider][\/et_pb_section][et_pb_section fb_built=\u00a0\u00bb1&Prime; _builder_version=\u00a0\u00bb3.0.86&Prime; custom_margin=\u00a0\u00bb0px||0px|\u00a0\u00bb custom_padding=\u00a0\u00bb0px||0px|\u00a0\u00bb][et_pb_row _builder_version=\u00a0\u00bb3.0.86&Prime;][et_pb_column type=\u00a0\u00bb4_4&Prime; _builder_version=\u00a0\u00bb3.0.47&Prime;][et_pb_text _builder_version=\u00a0\u00bb3.0.92&Prime; header_font=\u00a0\u00bb||||||||\u00a0\u00bb custom_margin=\u00a0\u00bb||0px|\u00a0\u00bb]<\/p>\n<h2>CONSEILS STRAT\u00c9GIQUES POUR AVANCER, FAIRE DU REMUE-M\u00c9NINGES ET SE DOTER D\u2019UNE VISION<\/h2>\n<h4>et aller plus loin, plus vite\u2026<\/h4>\n<p>&nbsp;<\/p>\n<p>Nos services de consultation et de conseils offrent une expertise de pointe en mati\u00e8re de strat\u00e9gie, de mod\u00e8les de services, de marketing, de comportement des consommateurs, d\u2019exp\u00e9rience client et de relations \u00e0 forte valeur ajout\u00e9e. Offerts aux dirigeants et aux \u00e9quipes de gestion, souvent dans le cadre d\u2019une strat\u00e9gie de haut niveau ou d\u2019un r\u00f4le consultatif, nos services vous aident \u00e0 passer de la cr\u00e9ation \u00e0 l\u2019ex\u00e9cution compl\u00e8te afin d\u2019obtenir des r\u00e9sultats tangibles.<\/p>\n<p>La consultation est une approche cibl\u00e9e qui diff\u00e8re du coaching d\u2019affaires. Dans le cadre de cette approche, notre \u00e9quipe hautement qualifi\u00e9e peut intervenir de fa\u00e7on autonome ou compl\u00e9ter vos \u00e9quipes pour assurer une mise en \u0153uvre sans heurts des strat\u00e9gies.<\/p>\n<p><strong><em>Avoir des id\u00e9es, c\u2019est bien. Les r\u00e9aliser, c\u2019est mieux!<\/em><\/strong><\/p>\n<p>Pendant pr\u00e8s d\u2019une d\u00e9cennie, Sara a \u00e9t\u00e9 conseill\u00e8re strat\u00e9gique aupr\u00e8s de dirigeants et de soci\u00e9t\u00e9s de toutes tailles. C\u2019est une experte reconnue en mati\u00e8re de strat\u00e9gies d\u2019affaires et d\u2019innovation, qui a la capacit\u00e9 de comprendre la situation dans son ensemble et de proposer des conseils \u00e9clair\u00e9s. Elle est r\u00e9put\u00e9e pour son intelligence strat\u00e9gique, sa cr\u00e9ativit\u00e9 et son efficacit\u00e9. Elle voit des occasions d\u2019affaires o\u00f9 certains voient des d\u00e9fis, et peut vous aider \u00e0 transformer de bonnes id\u00e9es en succ\u00e8s d\u2019affaires.<\/p>\n<p>Pour obtenir de plus amples renseignements en vue d\u2019une collaboration future, ou en savoir plus sur Sara, communiquez avec nous \u00e0 l\u2019adresse <span><a href=\"mailto:service@saragilbert.coach\">service@saragilbert.coach<\/a><\/span><\/p>\n<p>[\/et_pb_text][et_pb_image src=\u00a0\u00bbhttps:\/\/saragilbert.coach\/wp-content\/uploads\/2018\/01\/marche-du-travail-quebec.jpg\u00a0\u00bb url=\u00a0\u00bbhttp:\/\/agrement-formateurs.gouv.qc.ca\/\u00a0\u00bb url_new_window=\u00a0\u00bbon\u00a0\u00bb _builder_version=\u00a0\u00bb3.0.92&Prime; max_width=\u00a0\u00bb51%\u00a0\u00bb custom_margin=\u00a0\u00bb0px|||\u00a0\u00bb custom_padding=\u00a0\u00bb0px|||\u00a0\u00bb][\/et_pb_image][\/et_pb_column][\/et_pb_row][\/et_pb_section]<\/p>\n<span class=\"et_bloom_bottom_trigger\"><\/span>","protected":false},"excerpt":{"rendered":"<p>\u2026combiner la cr\u00e9ativit\u00e9 \u00e0 un rare sens des affaires\u2026 CONSEILS STRAT\u00c9GIQUES POUR AVANCER, FAIRE DU REMUE-M\u00c9NINGES ET SE DOTER D\u2019UNE VISION et aller plus loin, plus vite\u2026 &nbsp; Nos services de consultation et de conseils offrent une expertise de pointe en mati\u00e8re de strat\u00e9gie, de mod\u00e8les de services, de marketing, de comportement des consommateurs, d\u2019exp\u00e9rience [&hellip;]<\/p>\n","protected":false},"author":1,"featured_media":5036,"parent":0,"menu_order":0,"comment_status":"closed","ping_status":"closed","template":"","meta":{"_et_pb_use_builder":"on","_et_pb_old_content":"","_et_gb_content_width":"","footnotes":""},"difl_page_category":[],"class_list":["post-4343","page","type-page","status-publish","has-post-thumbnail","hentry"],"yoast_head":"<!-- This site is optimized with the Yoast SEO plugin v25.4 - https:\/\/yoast.com\/wordpress\/plugins\/seo\/ -->\n<title>Pour entreprises - Strategist<\/title>\n<meta name=\"description\" content=\"Sara Gilbert and Strategist Business Development \u2013 Business strategy and advisory service for leading corporations\" \/>\n<meta name=\"robots\" content=\"index, follow, max-snippet:-1, max-image-preview:large, max-video-preview:-1\" \/>\n<link rel=\"canonical\" href=\"https:\/\/saragilbert.coach\/fr\/pour-entreprises\/\" \/>\n<meta property=\"og:locale\" content=\"fr_FR\" \/>\n<meta property=\"og:type\" content=\"article\" \/>\n<meta property=\"og:title\" content=\"Pour entreprises - Strategist\" \/>\n<meta property=\"og:description\" content=\"Sara Gilbert and Strategist Business Development \u2013 Business strategy and advisory service for leading corporations\" \/>\n<meta property=\"og:url\" content=\"https:\/\/saragilbert.coach\/fr\/pour-entreprises\/\" \/>\n<meta property=\"og:site_name\" content=\"Strategist\" \/>\n<meta property=\"article:modified_time\" content=\"2019-04-02T23:50:33+00:00\" \/>\n<meta property=\"og:image\" content=\"https:\/\/saragilbert.coach\/wp-content\/uploads\/2018\/02\/entreprise.jpg\" \/>\n\t<meta property=\"og:image:width\" content=\"1308\" \/>\n\t<meta property=\"og:image:height\" content=\"588\" \/>\n\t<meta property=\"og:image:type\" content=\"image\/jpeg\" \/>\n<meta name=\"twitter:card\" content=\"summary_large_image\" \/>\n<meta name=\"twitter:label1\" content=\"Dur\u00e9e de lecture estim\u00e9e\" \/>\n\t<meta name=\"twitter:data1\" content=\"4 minutes\" \/>\n<script type=\"application\/ld+json\" class=\"yoast-schema-graph\">{\"@context\":\"https:\/\/schema.org\",\"@graph\":[{\"@type\":\"WebPage\",\"@id\":\"https:\/\/saragilbert.coach\/fr\/pour-entreprises\/\",\"url\":\"https:\/\/saragilbert.coach\/fr\/pour-entreprises\/\",\"name\":\"Pour entreprises - Strategist\",\"isPartOf\":{\"@id\":\"https:\/\/saragilbert.coach\/fr\/#website\"},\"primaryImageOfPage\":{\"@id\":\"https:\/\/saragilbert.coach\/fr\/pour-entreprises\/#primaryimage\"},\"image\":{\"@id\":\"https:\/\/saragilbert.coach\/fr\/pour-entreprises\/#primaryimage\"},\"thumbnailUrl\":\"https:\/\/saragilbert.coach\/wp-content\/uploads\/2018\/02\/entreprise.jpg\",\"datePublished\":\"2017-11-27T23:29:38+00:00\",\"dateModified\":\"2019-04-02T23:50:33+00:00\",\"description\":\"Sara Gilbert and Strategist Business Development \u2013 Business strategy and advisory service for leading corporations\",\"breadcrumb\":{\"@id\":\"https:\/\/saragilbert.coach\/fr\/pour-entreprises\/#breadcrumb\"},\"inLanguage\":\"fr-FR\",\"potentialAction\":[{\"@type\":\"ReadAction\",\"target\":[\"https:\/\/saragilbert.coach\/fr\/pour-entreprises\/\"]}]},{\"@type\":\"ImageObject\",\"inLanguage\":\"fr-FR\",\"@id\":\"https:\/\/saragilbert.coach\/fr\/pour-entreprises\/#primaryimage\",\"url\":\"https:\/\/saragilbert.coach\/wp-content\/uploads\/2018\/02\/entreprise.jpg\",\"contentUrl\":\"https:\/\/saragilbert.coach\/wp-content\/uploads\/2018\/02\/entreprise.jpg\",\"width\":1308,\"height\":588},{\"@type\":\"BreadcrumbList\",\"@id\":\"https:\/\/saragilbert.coach\/fr\/pour-entreprises\/#breadcrumb\",\"itemListElement\":[{\"@type\":\"ListItem\",\"position\":1,\"name\":\"Home\",\"item\":\"https:\/\/saragilbert.coach\/fr\/\"},{\"@type\":\"ListItem\",\"position\":2,\"name\":\"Pour entreprises\"}]},{\"@type\":\"WebSite\",\"@id\":\"https:\/\/saragilbert.coach\/fr\/#website\",\"url\":\"https:\/\/saragilbert.coach\/fr\/\",\"name\":\"Strategist\",\"description\":\"Be successful by design\",\"potentialAction\":[{\"@type\":\"SearchAction\",\"target\":{\"@type\":\"EntryPoint\",\"urlTemplate\":\"https:\/\/saragilbert.coach\/fr\/?s={search_term_string}\"},\"query-input\":{\"@type\":\"PropertyValueSpecification\",\"valueRequired\":true,\"valueName\":\"search_term_string\"}}],\"inLanguage\":\"fr-FR\"}]}<\/script>\n<!-- \/ Yoast SEO plugin. -->","yoast_head_json":{"title":"Pour entreprises - Strategist","description":"Sara Gilbert and Strategist Business Development \u2013 Business strategy and advisory service for leading corporations","robots":{"index":"index","follow":"follow","max-snippet":"max-snippet:-1","max-image-preview":"max-image-preview:large","max-video-preview":"max-video-preview:-1"},"canonical":"https:\/\/saragilbert.coach\/fr\/pour-entreprises\/","og_locale":"fr_FR","og_type":"article","og_title":"Pour entreprises - Strategist","og_description":"Sara Gilbert and Strategist Business Development \u2013 Business strategy and advisory service for leading corporations","og_url":"https:\/\/saragilbert.coach\/fr\/pour-entreprises\/","og_site_name":"Strategist","article_modified_time":"2019-04-02T23:50:33+00:00","og_image":[{"width":1308,"height":588,"url":"https:\/\/saragilbert.coach\/wp-content\/uploads\/2018\/02\/entreprise.jpg","type":"image\/jpeg"}],"twitter_card":"summary_large_image","twitter_misc":{"Dur\u00e9e de lecture estim\u00e9e":"4 minutes"},"schema":{"@context":"https:\/\/schema.org","@graph":[{"@type":"WebPage","@id":"https:\/\/saragilbert.coach\/fr\/pour-entreprises\/","url":"https:\/\/saragilbert.coach\/fr\/pour-entreprises\/","name":"Pour entreprises - Strategist","isPartOf":{"@id":"https:\/\/saragilbert.coach\/fr\/#website"},"primaryImageOfPage":{"@id":"https:\/\/saragilbert.coach\/fr\/pour-entreprises\/#primaryimage"},"image":{"@id":"https:\/\/saragilbert.coach\/fr\/pour-entreprises\/#primaryimage"},"thumbnailUrl":"https:\/\/saragilbert.coach\/wp-content\/uploads\/2018\/02\/entreprise.jpg","datePublished":"2017-11-27T23:29:38+00:00","dateModified":"2019-04-02T23:50:33+00:00","description":"Sara Gilbert and Strategist Business Development \u2013 Business strategy and advisory service for leading corporations","breadcrumb":{"@id":"https:\/\/saragilbert.coach\/fr\/pour-entreprises\/#breadcrumb"},"inLanguage":"fr-FR","potentialAction":[{"@type":"ReadAction","target":["https:\/\/saragilbert.coach\/fr\/pour-entreprises\/"]}]},{"@type":"ImageObject","inLanguage":"fr-FR","@id":"https:\/\/saragilbert.coach\/fr\/pour-entreprises\/#primaryimage","url":"https:\/\/saragilbert.coach\/wp-content\/uploads\/2018\/02\/entreprise.jpg","contentUrl":"https:\/\/saragilbert.coach\/wp-content\/uploads\/2018\/02\/entreprise.jpg","width":1308,"height":588},{"@type":"BreadcrumbList","@id":"https:\/\/saragilbert.coach\/fr\/pour-entreprises\/#breadcrumb","itemListElement":[{"@type":"ListItem","position":1,"name":"Home","item":"https:\/\/saragilbert.coach\/fr\/"},{"@type":"ListItem","position":2,"name":"Pour entreprises"}]},{"@type":"WebSite","@id":"https:\/\/saragilbert.coach\/fr\/#website","url":"https:\/\/saragilbert.coach\/fr\/","name":"Strategist","description":"Be successful by design","potentialAction":[{"@type":"SearchAction","target":{"@type":"EntryPoint","urlTemplate":"https:\/\/saragilbert.coach\/fr\/?s={search_term_string}"},"query-input":{"@type":"PropertyValueSpecification","valueRequired":true,"valueName":"search_term_string"}}],"inLanguage":"fr-FR"}]}},"_links":{"self":[{"href":"https:\/\/saragilbert.coach\/fr\/wp-json\/wp\/v2\/pages\/4343","targetHints":{"allow":["GET"]}}],"collection":[{"href":"https:\/\/saragilbert.coach\/fr\/wp-json\/wp\/v2\/pages"}],"about":[{"href":"https:\/\/saragilbert.coach\/fr\/wp-json\/wp\/v2\/types\/page"}],"author":[{"embeddable":true,"href":"https:\/\/saragilbert.coach\/fr\/wp-json\/wp\/v2\/users\/1"}],"replies":[{"embeddable":true,"href":"https:\/\/saragilbert.coach\/fr\/wp-json\/wp\/v2\/comments?post=4343"}],"version-history":[{"count":5,"href":"https:\/\/saragilbert.coach\/fr\/wp-json\/wp\/v2\/pages\/4343\/revisions"}],"predecessor-version":[{"id":6409,"href":"https:\/\/saragilbert.coach\/fr\/wp-json\/wp\/v2\/pages\/4343\/revisions\/6409"}],"wp:featuredmedia":[{"embeddable":true,"href":"https:\/\/saragilbert.coach\/fr\/wp-json\/wp\/v2\/media\/5036"}],"wp:attachment":[{"href":"https:\/\/saragilbert.coach\/fr\/wp-json\/wp\/v2\/media?parent=4343"}],"wp:term":[{"taxonomy":"difl_page_category","embeddable":true,"href":"https:\/\/saragilbert.coach\/fr\/wp-json\/wp\/v2\/difl_page_category?post=4343"}],"curies":[{"name":"wp","href":"https:\/\/api.w.org\/{rel}","templated":true}]}}