{"id":4354,"date":"2017-11-27T23:57:20","date_gmt":"2017-11-27T23:57:20","guid":{"rendered":"https:\/\/saragilbert.coach\/NEW\/fr\/corp-training\/"},"modified":"2019-04-02T23:36:53","modified_gmt":"2019-04-02T23:36:53","slug":"formateurs-gestionnaires","status":"publish","type":"page","link":"https:\/\/saragilbert.coach\/fr\/formateurs-gestionnaires\/","title":{"rendered":"Formateurs et gestionnaires"},"content":{"rendered":"<p>[et_pb_section fb_built=\u00a0\u00bb1&Prime; fullwidth=\u00a0\u00bbon\u00a0\u00bb custom_padding_last_edited=\u00a0\u00bbon|phone\u00a0\u00bb _builder_version=\u00a0\u00bb3.0.86&Prime; custom_margin=\u00a0\u00bb0px||0px|\u00a0\u00bb custom_margin_last_edited=\u00a0\u00bbon|phone\u00a0\u00bb custom_padding=\u00a0\u00bb0px||0px|\u00a0\u00bb custom_padding_phone=\u00a0\u00bb|||\u00a0\u00bb][et_pb_fullwidth_slider show_arrows=\u00a0\u00bboff\u00a0\u00bb show_pagination=\u00a0\u00bboff\u00a0\u00bb _builder_version=\u00a0\u00bb3.21.1&Prime; header_font=\u00a0\u00bbRoboto|300|||||||\u00a0\u00bb body_font=\u00a0\u00bb||||||||\u00a0\u00bb box_shadow_style=\u00a0\u00bbpreset6&Prime; box_shadow_blur=\u00a0\u00bb10px\u00a0\u00bb box_shadow_color=\u00a0\u00bbrgba(0,0,0,0.1)\u00a0\u00bb custom_padding=\u00a0\u00bb|||\u00a0\u00bb custom_padding_tablet=\u00a0\u00bb|||\u00a0\u00bb custom_padding_phone=\u00a0\u00bb|||\u00a0\u00bb button_text_size__hover_enabled=\u00a0\u00bboff\u00a0\u00bb button_one_text_size__hover_enabled=\u00a0\u00bboff\u00a0\u00bb button_two_text_size__hover_enabled=\u00a0\u00bboff\u00a0\u00bb button_text_color__hover_enabled=\u00a0\u00bboff\u00a0\u00bb button_one_text_color__hover_enabled=\u00a0\u00bboff\u00a0\u00bb button_two_text_color__hover_enabled=\u00a0\u00bboff\u00a0\u00bb button_border_width__hover_enabled=\u00a0\u00bboff\u00a0\u00bb button_one_border_width__hover_enabled=\u00a0\u00bboff\u00a0\u00bb button_two_border_width__hover_enabled=\u00a0\u00bboff\u00a0\u00bb button_border_color__hover_enabled=\u00a0\u00bboff\u00a0\u00bb button_one_border_color__hover_enabled=\u00a0\u00bboff\u00a0\u00bb button_two_border_color__hover_enabled=\u00a0\u00bboff\u00a0\u00bb button_border_radius__hover_enabled=\u00a0\u00bboff\u00a0\u00bb button_one_border_radius__hover_enabled=\u00a0\u00bboff\u00a0\u00bb button_two_border_radius__hover_enabled=\u00a0\u00bboff\u00a0\u00bb button_letter_spacing__hover_enabled=\u00a0\u00bboff\u00a0\u00bb button_one_letter_spacing__hover_enabled=\u00a0\u00bboff\u00a0\u00bb button_two_letter_spacing__hover_enabled=\u00a0\u00bboff\u00a0\u00bb button_bg_color__hover_enabled=\u00a0\u00bboff\u00a0\u00bb button_one_bg_color__hover_enabled=\u00a0\u00bboff\u00a0\u00bb button_two_bg_color__hover_enabled=\u00a0\u00bboff\u00a0\u00bb][et_pb_slide heading=\u00a0\u00bbFORMATEURS ET GESTIONNAIRES\u00a0\u00bb _builder_version=\u00a0\u00bb3.21.1&Prime; header_level=\u00a0\u00bbh2&Prime; header_font=\u00a0\u00bbRoboto|300|||||||\u00a0\u00bb header_font_size=\u00a0\u00bb60px\u00a0\u00bb header_font_size_tablet=\u00a0\u00bb40px\u00a0\u00bb header_font_size_phone=\u00a0\u00bb29px\u00a0\u00bb header_font_size_last_edited=\u00a0\u00bbon|desktop\u00a0\u00bb body_font=\u00a0\u00bbDancing Script||||||||\u00a0\u00bb body_font_size=\u00a0\u00bb37px\u00a0\u00bb body_font_size_tablet=\u00a0\u00bb37px\u00a0\u00bb body_font_size_phone=\u00a0\u00bb23px\u00a0\u00bb body_font_size_last_edited=\u00a0\u00bbon|phone\u00a0\u00bb background_color=\u00a0\u00bb#ffffff\u00a0\u00bb background_image=\u00a0\u00bbhttps:\/\/saragilbert.coach\/wp-content\/uploads\/2017\/11\/corp-trainers.jpg\u00a0\u00bb background_video_width=\u00a0\u00bb1920&Prime; background_video_height=\u00a0\u00bb638&Prime; text_orientation=\u00a0\u00bbleft\u00a0\u00bb video_bg_width=\u00a0\u00bb1920&Prime; video_bg_height=\u00a0\u00bb638&Prime; button_text_size__hover_enabled=\u00a0\u00bboff\u00a0\u00bb button_one_text_size__hover_enabled=\u00a0\u00bboff\u00a0\u00bb button_two_text_size__hover_enabled=\u00a0\u00bboff\u00a0\u00bb button_text_color__hover_enabled=\u00a0\u00bboff\u00a0\u00bb button_one_text_color__hover_enabled=\u00a0\u00bboff\u00a0\u00bb button_two_text_color__hover_enabled=\u00a0\u00bboff\u00a0\u00bb button_border_width__hover_enabled=\u00a0\u00bboff\u00a0\u00bb button_one_border_width__hover_enabled=\u00a0\u00bboff\u00a0\u00bb button_two_border_width__hover_enabled=\u00a0\u00bboff\u00a0\u00bb button_border_color__hover_enabled=\u00a0\u00bboff\u00a0\u00bb button_one_border_color__hover_enabled=\u00a0\u00bboff\u00a0\u00bb button_two_border_color__hover_enabled=\u00a0\u00bboff\u00a0\u00bb button_border_radius__hover_enabled=\u00a0\u00bboff\u00a0\u00bb button_one_border_radius__hover_enabled=\u00a0\u00bboff\u00a0\u00bb button_two_border_radius__hover_enabled=\u00a0\u00bboff\u00a0\u00bb button_letter_spacing__hover_enabled=\u00a0\u00bboff\u00a0\u00bb button_one_letter_spacing__hover_enabled=\u00a0\u00bboff\u00a0\u00bb button_two_letter_spacing__hover_enabled=\u00a0\u00bboff\u00a0\u00bb button_bg_color__hover_enabled=\u00a0\u00bboff\u00a0\u00bb button_one_bg_color__hover_enabled=\u00a0\u00bboff\u00a0\u00bb button_two_bg_color__hover_enabled=\u00a0\u00bboff\u00a0\u00bb]<\/p>\n<p style=\"text-align: right;\">\u2026menez et coachez au sein de votre organisation\u2026<\/p>\n<p>[\/et_pb_slide][\/et_pb_fullwidth_slider][\/et_pb_section][et_pb_section fb_built=\u00a0\u00bb1&Prime; _builder_version=\u00a0\u00bb3.0.86&Prime; custom_margin=\u00a0\u00bb0px||0px|\u00a0\u00bb custom_padding=\u00a0\u00bb0px||0px|\u00a0\u00bb][et_pb_row _builder_version=\u00a0\u00bb3.0.86&Prime;][et_pb_column type=\u00a0\u00bb4_4&Prime; _builder_version=\u00a0\u00bb3.0.47&Prime;][et_pb_text _builder_version=\u00a0\u00bb3.0.89&Prime; header_font=\u00a0\u00bb||||||||\u00a0\u00bb]<\/p>\n<h2>AUGMENTEZ VOTRE IMPACT<\/h2>\n<h4>engager, inspirer et diriger vers l\u2019atteinte de r\u00e9sultats&#8230;<\/h4>\n<p>&nbsp;<\/p>\n<p>Pour les formateurs, les coaches et les gestionnaires, nos formations corporatives sont con\u00e7ues pour fournir aux participants une connaissance approfondie des comp\u00e9tences avanc\u00e9es en coaching, des techniques de motivation et d\u2019 imputabilit\u00e9, ainsi qu&rsquo;une bonne compr\u00e9hension des meilleures pratiques pour aider les \u00e9quipes internes.<\/p>\n<p><strong><em>Nous sommes heureux de concevoir une exp\u00e9rience personnalis\u00e9e. Voici quelques-uns des principaux sujets que nous aborderons:<\/em><\/strong><\/p>\n<ul>\n<li>Meilleures pratiques et normes pour la prestation d\u2019un programme de formation.<\/li>\n<li>Comment b\u00e2tir une structure efficace de coaching et de responsabilisation.<\/li>\n<li>Comment motiver les gens et les aider \u00e0 rester sur la bonne voie.<\/li>\n<li>Comment augmenter la productivit\u00e9 et l\u2019efficacit\u00e9 de chacun.<\/li>\n<li>Comprendre le langage d\u2019influence.<\/li>\n<li>Comment d\u00e9finir les objectifs et la mission.<\/li>\n<\/ul>\n<p>Nos s\u00e9ances de formation pr\u00e9parent les participants \u00e0 offrir un soutien exceptionnel aux personnes qu\u2019ils veulent diriger et influencer. En outre, nous montrerons aux participants comment utiliser le mat\u00e9riel de coaching qui leur est fourni.<\/p>\n<p>Pour obtenir de plus amples renseignements en vue d\u2019une collaboration future, ou en savoir plus sur Sara, communiquez avec nous \u00e0 l\u2019adresse\u00a0<a href=\"mailto:service@saragilbert.coach\">service@saragilbert.coach<\/a><\/p>\n<h4><\/h4>\n<p>[\/et_pb_text][et_pb_image src=\u00a0\u00bbhttps:\/\/saragilbert.coach\/wp-content\/uploads\/2018\/01\/marche-du-travail-quebec.jpg\u00a0\u00bb url=\u00a0\u00bbhttp:\/\/agrement-formateurs.gouv.qc.ca\/\u00a0\u00bb url_new_window=\u00a0\u00bbon\u00a0\u00bb _builder_version=\u00a0\u00bb3.0.92&Prime; max_width=\u00a0\u00bb51%\u00a0\u00bb custom_margin=\u00a0\u00bb0px|||\u00a0\u00bb custom_padding=\u00a0\u00bb0px|||\u00a0\u00bb saved_tabs=\u00a0\u00bball\u00a0\u00bb][\/et_pb_image][\/et_pb_column][\/et_pb_row][\/et_pb_section]<\/p>\n<span class=\"et_bloom_bottom_trigger\"><\/span>","protected":false},"excerpt":{"rendered":"<p>\u2026menez et coachez au sein de votre organisation\u2026 AUGMENTEZ VOTRE IMPACT engager, inspirer et diriger vers l\u2019atteinte de r\u00e9sultats&#8230; &nbsp; Pour les formateurs, les coaches et les gestionnaires, nos formations corporatives sont con\u00e7ues pour fournir aux participants une connaissance approfondie des comp\u00e9tences avanc\u00e9es en coaching, des techniques de motivation et d\u2019 imputabilit\u00e9, ainsi qu&rsquo;une bonne [&hellip;]<\/p>\n","protected":false},"author":1,"featured_media":5028,"parent":0,"menu_order":0,"comment_status":"closed","ping_status":"closed","template":"","meta":{"_et_pb_use_builder":"on","_et_pb_old_content":"","_et_gb_content_width":"","footnotes":""},"difl_page_category":[],"class_list":["post-4354","page","type-page","status-publish","has-post-thumbnail","hentry"],"yoast_head":"<!-- This site is optimized with the Yoast SEO plugin v25.4 - https:\/\/yoast.com\/wordpress\/plugins\/seo\/ -->\n<title>Formateurs et gestionnaires - Strategist<\/title>\n<meta name=\"description\" content=\"Sara Gilbert et D\u00e9veloppement des affaires Strat\u00e9giste \u2013 Formations pour les entreprises, cr\u00e9ez des leaders au sein de votre organisation\" \/>\n<meta name=\"robots\" content=\"index, follow, max-snippet:-1, max-image-preview:large, max-video-preview:-1\" \/>\n<link rel=\"canonical\" href=\"https:\/\/saragilbert.coach\/fr\/formateurs-gestionnaires\/\" \/>\n<meta property=\"og:locale\" content=\"fr_FR\" \/>\n<meta property=\"og:type\" content=\"article\" \/>\n<meta property=\"og:title\" content=\"Formateurs et gestionnaires - Strategist\" \/>\n<meta property=\"og:description\" content=\"Sara Gilbert et D\u00e9veloppement des affaires Strat\u00e9giste \u2013 Formations pour les entreprises, cr\u00e9ez des leaders au sein de votre organisation\" \/>\n<meta property=\"og:url\" content=\"https:\/\/saragilbert.coach\/fr\/formateurs-gestionnaires\/\" \/>\n<meta property=\"og:site_name\" content=\"Strategist\" \/>\n<meta property=\"article:modified_time\" content=\"2019-04-02T23:36:53+00:00\" \/>\n<meta property=\"og:image\" content=\"https:\/\/saragilbert.coach\/wp-content\/uploads\/2018\/02\/formateurs.jpg\" \/>\n\t<meta property=\"og:image:width\" content=\"1308\" \/>\n\t<meta property=\"og:image:height\" content=\"588\" \/>\n\t<meta property=\"og:image:type\" content=\"image\/jpeg\" \/>\n<meta name=\"twitter:card\" content=\"summary_large_image\" \/>\n<meta name=\"twitter:label1\" content=\"Dur\u00e9e de lecture estim\u00e9e\" \/>\n\t<meta name=\"twitter:data1\" content=\"4 minutes\" \/>\n<script type=\"application\/ld+json\" class=\"yoast-schema-graph\">{\"@context\":\"https:\/\/schema.org\",\"@graph\":[{\"@type\":\"WebPage\",\"@id\":\"https:\/\/saragilbert.coach\/fr\/formateurs-gestionnaires\/\",\"url\":\"https:\/\/saragilbert.coach\/fr\/formateurs-gestionnaires\/\",\"name\":\"Formateurs et gestionnaires - Strategist\",\"isPartOf\":{\"@id\":\"https:\/\/saragilbert.coach\/fr\/#website\"},\"primaryImageOfPage\":{\"@id\":\"https:\/\/saragilbert.coach\/fr\/formateurs-gestionnaires\/#primaryimage\"},\"image\":{\"@id\":\"https:\/\/saragilbert.coach\/fr\/formateurs-gestionnaires\/#primaryimage\"},\"thumbnailUrl\":\"https:\/\/saragilbert.coach\/wp-content\/uploads\/2018\/02\/formateurs.jpg\",\"datePublished\":\"2017-11-27T23:57:20+00:00\",\"dateModified\":\"2019-04-02T23:36:53+00:00\",\"description\":\"Sara Gilbert et D\u00e9veloppement des affaires Strat\u00e9giste \u2013 Formations pour les entreprises, cr\u00e9ez des leaders au sein de votre organisation\",\"breadcrumb\":{\"@id\":\"https:\/\/saragilbert.coach\/fr\/formateurs-gestionnaires\/#breadcrumb\"},\"inLanguage\":\"fr-FR\",\"potentialAction\":[{\"@type\":\"ReadAction\",\"target\":[\"https:\/\/saragilbert.coach\/fr\/formateurs-gestionnaires\/\"]}]},{\"@type\":\"ImageObject\",\"inLanguage\":\"fr-FR\",\"@id\":\"https:\/\/saragilbert.coach\/fr\/formateurs-gestionnaires\/#primaryimage\",\"url\":\"https:\/\/saragilbert.coach\/wp-content\/uploads\/2018\/02\/formateurs.jpg\",\"contentUrl\":\"https:\/\/saragilbert.coach\/wp-content\/uploads\/2018\/02\/formateurs.jpg\",\"width\":1308,\"height\":588},{\"@type\":\"BreadcrumbList\",\"@id\":\"https:\/\/saragilbert.coach\/fr\/formateurs-gestionnaires\/#breadcrumb\",\"itemListElement\":[{\"@type\":\"ListItem\",\"position\":1,\"name\":\"Home\",\"item\":\"https:\/\/saragilbert.coach\/fr\/\"},{\"@type\":\"ListItem\",\"position\":2,\"name\":\"Formateurs et gestionnaires\"}]},{\"@type\":\"WebSite\",\"@id\":\"https:\/\/saragilbert.coach\/fr\/#website\",\"url\":\"https:\/\/saragilbert.coach\/fr\/\",\"name\":\"Strategist\",\"description\":\"Be successful by design\",\"potentialAction\":[{\"@type\":\"SearchAction\",\"target\":{\"@type\":\"EntryPoint\",\"urlTemplate\":\"https:\/\/saragilbert.coach\/fr\/?s={search_term_string}\"},\"query-input\":{\"@type\":\"PropertyValueSpecification\",\"valueRequired\":true,\"valueName\":\"search_term_string\"}}],\"inLanguage\":\"fr-FR\"}]}<\/script>\n<!-- \/ Yoast SEO plugin. -->","yoast_head_json":{"title":"Formateurs et gestionnaires - Strategist","description":"Sara Gilbert et D\u00e9veloppement des affaires Strat\u00e9giste \u2013 Formations pour les entreprises, cr\u00e9ez des leaders au sein de votre organisation","robots":{"index":"index","follow":"follow","max-snippet":"max-snippet:-1","max-image-preview":"max-image-preview:large","max-video-preview":"max-video-preview:-1"},"canonical":"https:\/\/saragilbert.coach\/fr\/formateurs-gestionnaires\/","og_locale":"fr_FR","og_type":"article","og_title":"Formateurs et gestionnaires - Strategist","og_description":"Sara Gilbert et D\u00e9veloppement des affaires Strat\u00e9giste \u2013 Formations pour les entreprises, cr\u00e9ez des leaders au sein de votre organisation","og_url":"https:\/\/saragilbert.coach\/fr\/formateurs-gestionnaires\/","og_site_name":"Strategist","article_modified_time":"2019-04-02T23:36:53+00:00","og_image":[{"width":1308,"height":588,"url":"https:\/\/saragilbert.coach\/wp-content\/uploads\/2018\/02\/formateurs.jpg","type":"image\/jpeg"}],"twitter_card":"summary_large_image","twitter_misc":{"Dur\u00e9e de lecture estim\u00e9e":"4 minutes"},"schema":{"@context":"https:\/\/schema.org","@graph":[{"@type":"WebPage","@id":"https:\/\/saragilbert.coach\/fr\/formateurs-gestionnaires\/","url":"https:\/\/saragilbert.coach\/fr\/formateurs-gestionnaires\/","name":"Formateurs et gestionnaires - Strategist","isPartOf":{"@id":"https:\/\/saragilbert.coach\/fr\/#website"},"primaryImageOfPage":{"@id":"https:\/\/saragilbert.coach\/fr\/formateurs-gestionnaires\/#primaryimage"},"image":{"@id":"https:\/\/saragilbert.coach\/fr\/formateurs-gestionnaires\/#primaryimage"},"thumbnailUrl":"https:\/\/saragilbert.coach\/wp-content\/uploads\/2018\/02\/formateurs.jpg","datePublished":"2017-11-27T23:57:20+00:00","dateModified":"2019-04-02T23:36:53+00:00","description":"Sara Gilbert et D\u00e9veloppement des affaires Strat\u00e9giste \u2013 Formations pour les entreprises, cr\u00e9ez des leaders au sein de votre organisation","breadcrumb":{"@id":"https:\/\/saragilbert.coach\/fr\/formateurs-gestionnaires\/#breadcrumb"},"inLanguage":"fr-FR","potentialAction":[{"@type":"ReadAction","target":["https:\/\/saragilbert.coach\/fr\/formateurs-gestionnaires\/"]}]},{"@type":"ImageObject","inLanguage":"fr-FR","@id":"https:\/\/saragilbert.coach\/fr\/formateurs-gestionnaires\/#primaryimage","url":"https:\/\/saragilbert.coach\/wp-content\/uploads\/2018\/02\/formateurs.jpg","contentUrl":"https:\/\/saragilbert.coach\/wp-content\/uploads\/2018\/02\/formateurs.jpg","width":1308,"height":588},{"@type":"BreadcrumbList","@id":"https:\/\/saragilbert.coach\/fr\/formateurs-gestionnaires\/#breadcrumb","itemListElement":[{"@type":"ListItem","position":1,"name":"Home","item":"https:\/\/saragilbert.coach\/fr\/"},{"@type":"ListItem","position":2,"name":"Formateurs et gestionnaires"}]},{"@type":"WebSite","@id":"https:\/\/saragilbert.coach\/fr\/#website","url":"https:\/\/saragilbert.coach\/fr\/","name":"Strategist","description":"Be successful by design","potentialAction":[{"@type":"SearchAction","target":{"@type":"EntryPoint","urlTemplate":"https:\/\/saragilbert.coach\/fr\/?s={search_term_string}"},"query-input":{"@type":"PropertyValueSpecification","valueRequired":true,"valueName":"search_term_string"}}],"inLanguage":"fr-FR"}]}},"_links":{"self":[{"href":"https:\/\/saragilbert.coach\/fr\/wp-json\/wp\/v2\/pages\/4354","targetHints":{"allow":["GET"]}}],"collection":[{"href":"https:\/\/saragilbert.coach\/fr\/wp-json\/wp\/v2\/pages"}],"about":[{"href":"https:\/\/saragilbert.coach\/fr\/wp-json\/wp\/v2\/types\/page"}],"author":[{"embeddable":true,"href":"https:\/\/saragilbert.coach\/fr\/wp-json\/wp\/v2\/users\/1"}],"replies":[{"embeddable":true,"href":"https:\/\/saragilbert.coach\/fr\/wp-json\/wp\/v2\/comments?post=4354"}],"version-history":[{"count":5,"href":"https:\/\/saragilbert.coach\/fr\/wp-json\/wp\/v2\/pages\/4354\/revisions"}],"predecessor-version":[{"id":6386,"href":"https:\/\/saragilbert.coach\/fr\/wp-json\/wp\/v2\/pages\/4354\/revisions\/6386"}],"wp:featuredmedia":[{"embeddable":true,"href":"https:\/\/saragilbert.coach\/fr\/wp-json\/wp\/v2\/media\/5028"}],"wp:attachment":[{"href":"https:\/\/saragilbert.coach\/fr\/wp-json\/wp\/v2\/media?parent=4354"}],"wp:term":[{"taxonomy":"difl_page_category","embeddable":true,"href":"https:\/\/saragilbert.coach\/fr\/wp-json\/wp\/v2\/difl_page_category?post=4354"}],"curies":[{"name":"wp","href":"https:\/\/api.w.org\/{rel}","templated":true}]}}