{"id":4877,"date":"2018-01-12T16:40:58","date_gmt":"2018-01-12T16:40:58","guid":{"rendered":"https:\/\/saragilbert.coach\/fr\/thank-you\/"},"modified":"2025-02-03T22:56:01","modified_gmt":"2025-02-03T22:56:01","slug":"merci","status":"publish","type":"page","link":"https:\/\/saragilbert.coach\/fr\/merci\/","title":{"rendered":"Merci de votre attention."},"content":{"rendered":"<p>[et_pb_section fb_built=\u00a0\u00bb1&Prime; admin_label=\u00a0\u00bbsection\u00a0\u00bb _builder_version=\u00a0\u00bb4.16&Prime; global_colors_info=\u00a0\u00bb{}\u00a0\u00bb][et_pb_row column_structure=\u00a0\u00bb1_2,1_2&Prime; admin_label=\u00a0\u00bbEspace contact\u00a0\u00bb module_class=\u00a0\u00bb et_pb_row_fullwidth\u00a0\u00bb _builder_version=\u00a0\u00bb4.25.1&Prime; background_size=\u00a0\u00bbinitial\u00a0\u00bb background_position=\u00a0\u00bbtop_left\u00a0\u00bb background_repeat=\u00a0\u00bbrepeat\u00a0\u00bb width=\u00a0\u00bb89%\u00a0\u00bb width_tablet=\u00a0\u00bb80%\u00a0\u00bb width_phone=\u00a0\u00bb\u00a0\u00bb width_last_edited=\u00a0\u00bbon|desktop\u00a0\u00bb max_width=\u00a0\u00bb89%\u00a0\u00bb max_width_tablet=\u00a0\u00bb80%\u00a0\u00bb max_width_phone=\u00a0\u00bb\u00a0\u00bb max_width_last_edited=\u00a0\u00bbon|desktop\u00a0\u00bb custom_margin=\u00a0\u00bb|||\u00a0\u00bb custom_padding=\u00a0\u00bb27px|0px|0px|0px|false|false\u00a0\u00bb make_fullwidth=\u00a0\u00bbon\u00a0\u00bb global_colors_info=\u00a0\u00bb{}\u00a0\u00bb][et_pb_column type=\u00a0\u00bb1_2&Prime; _builder_version=\u00a0\u00bb4.16&Prime; custom_padding=\u00a0\u00bb50px|5%|50px|10%\u00a0\u00bb global_colors_info=\u00a0\u00bb{}\u00a0\u00bb custom_padding__hover=\u00a0\u00bb|||\u00a0\u00bb][et_pb_text admin_label=\u00a0\u00bbHero Section Title\u00a0\u00bb _builder_version=\u00a0\u00bb4.25.1&Prime; text_font=\u00a0\u00bbMontserrat||||||||\u00a0\u00bb text_line_height=\u00a0\u00bb1.8em\u00a0\u00bb header_font=\u00a0\u00bbAbu Dhabi|600|||||||\u00a0\u00bb header_font_size=\u00a0\u00bb48px\u00a0\u00bb header_line_height=\u00a0\u00bb1.3em\u00a0\u00bb header_2_font=\u00a0\u00bbMontserrat|700|||||||\u00a0\u00bb header_2_text_color=\u00a0\u00bbrgba(255,255,255,0.6)\u00a0\u00bb header_2_font_size=\u00a0\u00bb90px\u00a0\u00bb header_2_letter_spacing=\u00a0\u00bb3px\u00a0\u00bb header_2_line_height=\u00a0\u00bb1.1em\u00a0\u00bb max_width=\u00a0\u00bb700px\u00a0\u00bb module_alignment=\u00a0\u00bbleft\u00a0\u00bb custom_margin=\u00a0\u00bb|||\u00a0\u00bb animation_style=\u00a0\u00bbfade\u00a0\u00bb animation_direction=\u00a0\u00bbbottom\u00a0\u00bb animation_starting_opacity=\u00a0\u00bb100%\u00a0\u00bb header_font_size_tablet=\u00a0\u00bb\u00a0\u00bb header_font_size_phone=\u00a0\u00bb28px\u00a0\u00bb header_font_size_last_edited=\u00a0\u00bbon|phone\u00a0\u00bb header_2_font_size_tablet=\u00a0\u00bb\u00a0\u00bb header_2_font_size_phone=\u00a0\u00bb50px\u00a0\u00bb header_2_font_size_last_edited=\u00a0\u00bbon|phone\u00a0\u00bb global_colors_info=\u00a0\u00bb{}\u00a0\u00bb]<\/p>\n<h1>Excellente d\u00e9cision!<\/h1>\n<p>Merci de vous \u00eatre inscrit \u00e0 <strong>3-2-1 Go!<\/strong> \u2014 votre lettre hebdomadaire pour penser diff\u00e9remment, parler diff\u00e9remment et agir diff\u00e9remment.<\/p>\n<p><strong>Une derni\u00e8re \u00e9tape :<\/strong><\/p>\n<p>V\u00e9rifiez votre bo\u00eete de r\u00e9ception\u2014nous venons de vous envoyer un courriel de confirmation.<\/p>\n<p><u>Ouvrez-le et confirmez votre adresse courriel<\/u> afin que nous puissions vous accueillir officiellement dans la communaut\u00e9 3-2-1 Go!<\/p>\n<p>[\/et_pb_text][\/et_pb_column][et_pb_column type=\u00a0\u00bb1_2&Prime; _builder_version=\u00a0\u00bb4.16&Prime; custom_padding=\u00a0\u00bb|||\u00a0\u00bb global_colors_info=\u00a0\u00bb{}\u00a0\u00bb custom_padding__hover=\u00a0\u00bb|||\u00a0\u00bb][et_pb_image src=\u00a0\u00bbhttps:\/\/saragilbert.coach\/wp-content\/uploads\/2020\/08\/sara-gilbert-financial-business-coach_home-800&#215;640-1.jpg\u00a0\u00bb title_text=\u00a0\u00bbsara-gilbert-coach-affaires-financi\u00e8res_home-800&#215;640&Prime; align_tablet=\u00a0\u00bbcenter\u00a0\u00bb align_phone=\u00a0\u00bb\u00a0\u00bb align_last_edited=\u00a0\u00bbon|desktop\u00a0\u00bb _builder_version=\u00a0\u00bb4.16&Prime; transform_scale=\u00a0\u00bb84%|84%\u00a0\u00bb animation_style=\u00a0\u00bbslide\u00a0\u00bb animation_direction=\u00a0\u00bbright\u00a0\u00bb animation_intensity_slide=\u00a0\u00bb20%\u00a0\u00bb animation_starting_opacity=\u00a0\u00bb100%\u00a0\u00bb global_colors_info=\u00a0\u00bb{}\u00a0\u00bb][\/et_pb_image][\/et_pb_column][\/et_pb_row][et_pb_row _builder_version=\u00a0\u00bb4.25.1&Prime; _module_preset=\u00a0\u00bbdefault\u00a0\u00bb custom_margin=\u00a0\u00bb0px||||false|false\u00a0\u00bb custom_padding=\u00a0\u00bb0px||||false|false\u00a0\u00bb global_colors_info=\u00a0\u00bb{}\u00a0\u00bb][et_pb_column type=\u00a0\u00bb4_4&Prime; _builder_version=\u00a0\u00bb4.25.1&Prime; _module_preset=\u00a0\u00bbdefault\u00a0\u00bb global_colors_info=\u00a0\u00bb{}\u00a0\u00bb][et_pb_text admin_label=\u00a0\u00bbHero Section Title\u00a0\u00bb _builder_version=\u00a0\u00bb4.25.1&Prime; text_font=\u00a0\u00bbMontserrat||||||||\u00a0\u00bb text_line_height=\u00a0\u00bb1.8em\u00a0\u00bb header_font=\u00a0\u00bbAbu Dhabi|600|||||||\u00a0\u00bb header_font_size=\u00a0\u00bb48px\u00a0\u00bb header_line_height=\u00a0\u00bb1.3em\u00a0\u00bb header_2_font=\u00a0\u00bbMontserrat|700|||||||\u00a0\u00bb header_2_text_color=\u00a0\u00bbrgba(255,255,255,0.6)\u00a0\u00bb header_2_font_size=\u00a0\u00bb90px\u00a0\u00bb header_2_letter_spacing=\u00a0\u00bb3px\u00a0\u00bb header_2_line_height=\u00a0\u00bb1.1em\u00a0\u00bb module_alignment=\u00a0\u00bbleft\u00a0\u00bb custom_margin=\u00a0\u00bb||0px||false|false\u00a0\u00bb custom_padding=\u00a0\u00bb||0px||false|false\u00a0\u00bb animation_style=\u00a0\u00bbfade\u00a0\u00bb animation_direction=\u00a0\u00bbbottom\u00a0\u00bb animation_starting_opacity=\u00a0\u00bb100%\u00a0\u00bb header_font_size_tablet=\u00a0\u00bb\u00a0\u00bb header_font_size_phone=\u00a0\u00bb28px\u00a0\u00bb header_font_size_last_edited=\u00a0\u00bbon|phone\u00a0\u00bb header_2_font_size_tablet=\u00a0\u00bb\u00a0\u00bb header_2_font_size_phone=\u00a0\u00bb50px\u00a0\u00bb header_2_font_size_last_edited=\u00a0\u00bbon|phone\u00a0\u00bb global_colors_info=\u00a0\u00bb{}\u00a0\u00bb]<\/p>\n<p><strong>Vous ne trouvez pas le courriel?<\/strong><\/p>\n<ul>\n<li>V\u00e9rifiez votre dossier des ind\u00e9sirables ou promotions<\/li>\n<li>Ajoutez mon adresse \u00e0 vos contacts pour recevoir tous les futurs courriels directement dans votre bo\u00eete de r\u00e9ception<\/li>\n<li>Toujours rien apr\u00e8s 10 minutes? <a href=\"mailto:service@strategist..\"><span>\u00c9crivez-nous<\/span><\/a> \u2013 nous sommes l\u00e0 pour cela!<\/li>\n<\/ul>\n<p>Une fois votre adresse confirm\u00e9e, votre premi\u00e8re lettre arrivera lundi prochain\u2014remplie d\u2019id\u00e9es, de r\u00e9flexions et d\u2019actions concr\u00e8tes pour avancer.<\/p>\n<p><strong>En attendant&#8230;<\/strong><\/p>\n<p>Rejoignez-moi sur les r\u00e9seaux sociaux!<\/p>\n<ul><\/ul>\n<p>[\/et_pb_text][et_pb_social_media_follow use_icon_font_size=\u00a0\u00bbon\u00a0\u00bb icon_font_size=\u00a0\u00bb20px\u00a0\u00bb _builder_version=\u00a0\u00bb4.27.4&Prime; _module_preset=\u00a0\u00bbdefault\u00a0\u00bb text_orientation=\u00a0\u00bbleft\u00a0\u00bb hover_enabled=\u00a0\u00bb0&Prime; global_colors_info=\u00a0\u00bb{}\u00a0\u00bb sticky_enabled=\u00a0\u00bb0&Prime;][et_pb_social_media_follow_network social_network=\u00a0\u00bblinkedin\u00a0\u00bb url=\u00a0\u00bbhttps:\/\/ca.linkedin.com\/in\/saragilbert\u00a0\u00bb use_icon_font_size=\u00a0\u00bbon\u00a0\u00bb icon_font_size=\u00a0\u00bb20px\u00a0\u00bb _builder_version=\u00a0\u00bb4.27.4&Prime; _module_preset=\u00a0\u00bbdefault\u00a0\u00bb background_color=\u00a0\u00bb#6d8380&Prime; custom_button=\u00a0\u00bbon\u00a0\u00bb button_border_radius=\u00a0\u00bb0px\u00a0\u00bb hover_enabled=\u00a0\u00bb0&Prime; global_colors_info=\u00a0\u00bb{}\u00a0\u00bb follow_button=\u00a0\u00bboff\u00a0\u00bb url_new_window=\u00a0\u00bbon\u00a0\u00bb background_enable_color=\u00a0\u00bbon\u00a0\u00bb sticky_enabled=\u00a0\u00bb0&Prime;]linkedin[\/et_pb_social_media_follow_network][et_pb_social_media_follow_network social_network=\u00a0\u00bbyoutube\u00a0\u00bb url=\u00a0\u00bbhttp:\/\/saragilbert.tv\/\u00a0\u00bb use_icon_font_size=\u00a0\u00bbon\u00a0\u00bb icon_font_size=\u00a0\u00bb20px\u00a0\u00bb _builder_version=\u00a0\u00bb4.27.4&Prime; _module_preset=\u00a0\u00bbdefault\u00a0\u00bb background_color=\u00a0\u00bb#6d8380&Prime; hover_enabled=\u00a0\u00bb0&Prime; global_colors_info=\u00a0\u00bb{}\u00a0\u00bb follow_button=\u00a0\u00bboff\u00a0\u00bb url_new_window=\u00a0\u00bbon\u00a0\u00bb background_enable_color=\u00a0\u00bbon\u00a0\u00bb sticky_enabled=\u00a0\u00bb0&Prime;]youtube[\/et_pb_social_media_follow_network][et_pb_social_media_follow_network social_network=\u00a0\u00bbfacebook\u00a0\u00bb url=\u00a0\u00bbhttps:\/\/www.facebook.com\/SaraGilbertStrategist\u00a0\u00bb _builder_version=\u00a0\u00bb4.27.4&Prime; _module_preset=\u00a0\u00bbdefault\u00a0\u00bb background_color=\u00a0\u00bb#6d8380&Prime; hover_enabled=\u00a0\u00bb0&Prime; global_colors_info=\u00a0\u00bb{}\u00a0\u00bb follow_button=\u00a0\u00bboff\u00a0\u00bb url_new_window=\u00a0\u00bbon\u00a0\u00bb background_enable_color=\u00a0\u00bbon\u00a0\u00bb sticky_enabled=\u00a0\u00bb0&Prime;]facebook[\/et_pb_social_media_follow_network][et_pb_social_media_follow_network social_network=\u00a0\u00bbtwitter\u00a0\u00bb url=\u00a0\u00bbhttps:\/\/twitter.com\/SG_Strategist\u00a0\u00bb _builder_version=\u00a0\u00bb4.27.4&Prime; _module_preset=\u00a0\u00bbdefault\u00a0\u00bb background_color=\u00a0\u00bb#6d8380&Prime; hover_enabled=\u00a0\u00bb0&Prime; global_colors_info=\u00a0\u00bb{}\u00a0\u00bb follow_button=\u00a0\u00bboff\u00a0\u00bb url_new_window=\u00a0\u00bbon\u00a0\u00bb background_enable_color=\u00a0\u00bbon\u00a0\u00bb sticky_enabled=\u00a0\u00bb0&Prime;]twitter[\/et_pb_social_media_follow_network][et_pb_social_media_follow_network social_network=\u00a0\u00bbinstagram\u00a0\u00bb url=\u00a0\u00bbhttps:\/\/www.instagram.com\/saragilbertstrategist\/\u00a0\u00bb _builder_version=\u00a0\u00bb4.27.4&Prime; _module_preset=\u00a0\u00bbdefault\u00a0\u00bb background_color=\u00a0\u00bb#6d8380&Prime; hover_enabled=\u00a0\u00bb0&Prime; global_colors_info=\u00a0\u00bb{}\u00a0\u00bb follow_button=\u00a0\u00bboff\u00a0\u00bb url_new_window=\u00a0\u00bbon\u00a0\u00bb background_enable_color=\u00a0\u00bbon\u00a0\u00bb sticky_enabled=\u00a0\u00bb0&Prime;]instagram[\/et_pb_social_media_follow_network][\/et_pb_social_media_follow][et_pb_text admin_label=\u00a0\u00bbHero Section Title\u00a0\u00bb _builder_version=\u00a0\u00bb4.25.1&Prime; text_font=\u00a0\u00bbMontserrat||||||||\u00a0\u00bb text_line_height=\u00a0\u00bb1.8em\u00a0\u00bb header_font=\u00a0\u00bbAbu Dhabi|600|||||||\u00a0\u00bb header_font_size=\u00a0\u00bb48px\u00a0\u00bb header_line_height=\u00a0\u00bb1.3em\u00a0\u00bb header_2_font=\u00a0\u00bbMontserrat|700|||||||\u00a0\u00bb header_2_text_color=\u00a0\u00bbrgba(255,255,255,0.6)\u00a0\u00bb header_2_font_size=\u00a0\u00bb90px\u00a0\u00bb header_2_letter_spacing=\u00a0\u00bb3px\u00a0\u00bb header_2_line_height=\u00a0\u00bb1.1em\u00a0\u00bb module_alignment=\u00a0\u00bbleft\u00a0\u00bb custom_margin=\u00a0\u00bb|||\u00a0\u00bb animation_style=\u00a0\u00bbfade\u00a0\u00bb animation_direction=\u00a0\u00bbbottom\u00a0\u00bb animation_starting_opacity=\u00a0\u00bb100%\u00a0\u00bb header_font_size_tablet=\u00a0\u00bb\u00a0\u00bb header_font_size_phone=\u00a0\u00bb28px\u00a0\u00bb header_font_size_last_edited=\u00a0\u00bbon|phone\u00a0\u00bb header_2_font_size_tablet=\u00a0\u00bb\u00a0\u00bb header_2_font_size_phone=\u00a0\u00bb50px\u00a0\u00bb header_2_font_size_last_edited=\u00a0\u00bbon|phone\u00a0\u00bb global_colors_info=\u00a0\u00bb{}\u00a0\u00bb]<\/p>\n<p>J\u2019ai h\u00e2te de poursuivre cette aventure avec vous!<\/p>\n<p><img loading=\"lazy\" decoding=\"async\" src=\"https:\/\/saragilbert.coach\/wp-content\/uploads\/2020\/08\/Logo-Sara-Gilbert-Consultante-et-coach-2-1.png\" width=\"163\" height=\"145\" alt=\"\" class=\"wp-image-8377 alignnone size-full\"><\/p>\n<p>[\/et_pb_text][\/et_pb_column][\/et_pb_row][\/et_pb_section]<\/p>\n<span class=\"et_bloom_bottom_trigger\"><\/span>","protected":false},"excerpt":{"rendered":"<p>Excellente d\u00e9cision! Merci de vous \u00eatre inscrit \u00e0 3-2-1 Go! \u2014 votre lettre hebdomadaire pour penser diff\u00e9remment, parler diff\u00e9remment et agir diff\u00e9remment. Une derni\u00e8re \u00e9tape : V\u00e9rifiez votre bo\u00eete de r\u00e9ception\u2014nous venons de vous envoyer un courriel de confirmation. Ouvrez-le et confirmez votre adresse courriel afin que nous puissions vous accueillir officiellement dans la communaut\u00e9 [&hellip;]<\/p>\n","protected":false},"author":1,"featured_media":0,"parent":0,"menu_order":0,"comment_status":"closed","ping_status":"closed","template":"","meta":{"_et_pb_use_builder":"on","_et_pb_old_content":"","_et_gb_content_width":"","footnotes":""},"difl_page_category":[],"class_list":["post-4877","page","type-page","status-publish","hentry"],"yoast_head":"<!-- This site is optimized with the Yoast SEO plugin v25.4 - https:\/\/yoast.com\/wordpress\/plugins\/seo\/ -->\n<title>Merci de votre attention. - Strategist<\/title>\n<meta name=\"robots\" content=\"index, follow, max-snippet:-1, max-image-preview:large, max-video-preview:-1\" \/>\n<link rel=\"canonical\" href=\"https:\/\/saragilbert.coach\/fr\/merci\/\" \/>\n<meta property=\"og:locale\" content=\"fr_FR\" \/>\n<meta property=\"og:type\" content=\"article\" \/>\n<meta property=\"og:title\" content=\"Merci de votre attention. - Strategist\" \/>\n<meta property=\"og:url\" content=\"https:\/\/saragilbert.coach\/fr\/merci\/\" \/>\n<meta property=\"og:site_name\" content=\"Strategist\" \/>\n<meta property=\"article:modified_time\" content=\"2025-02-03T22:56:01+00:00\" \/>\n<meta property=\"og:image\" content=\"https:\/\/saragilbert.coach\/wp-content\/uploads\/2020\/08\/Logo-Sara-Gilbert-Consultante-et-coach-2-1.png\" \/>\n<meta name=\"twitter:card\" content=\"summary_large_image\" \/>\n<meta name=\"twitter:label1\" content=\"Dur\u00e9e de lecture estim\u00e9e\" \/>\n\t<meta name=\"twitter:data1\" content=\"5 minutes\" \/>\n<script type=\"application\/ld+json\" class=\"yoast-schema-graph\">{\"@context\":\"https:\/\/schema.org\",\"@graph\":[{\"@type\":\"WebPage\",\"@id\":\"https:\/\/saragilbert.coach\/fr\/merci\/\",\"url\":\"https:\/\/saragilbert.coach\/fr\/merci\/\",\"name\":\"Merci de votre attention. - Strategist\",\"isPartOf\":{\"@id\":\"https:\/\/saragilbert.coach\/fr\/#website\"},\"primaryImageOfPage\":{\"@id\":\"https:\/\/saragilbert.coach\/fr\/merci\/#primaryimage\"},\"image\":{\"@id\":\"https:\/\/saragilbert.coach\/fr\/merci\/#primaryimage\"},\"thumbnailUrl\":\"https:\/\/saragilbert.coach\/wp-content\/uploads\/2020\/08\/Logo-Sara-Gilbert-Consultante-et-coach-2-1.png\",\"datePublished\":\"2018-01-12T16:40:58+00:00\",\"dateModified\":\"2025-02-03T22:56:01+00:00\",\"breadcrumb\":{\"@id\":\"https:\/\/saragilbert.coach\/fr\/merci\/#breadcrumb\"},\"inLanguage\":\"fr-FR\",\"potentialAction\":[{\"@type\":\"ReadAction\",\"target\":[\"https:\/\/saragilbert.coach\/fr\/merci\/\"]}]},{\"@type\":\"ImageObject\",\"inLanguage\":\"fr-FR\",\"@id\":\"https:\/\/saragilbert.coach\/fr\/merci\/#primaryimage\",\"url\":\"https:\/\/saragilbert.coach\/wp-content\/uploads\/2020\/08\/Logo-Sara-Gilbert-Consultante-et-coach-2-1.png\",\"contentUrl\":\"https:\/\/saragilbert.coach\/wp-content\/uploads\/2020\/08\/Logo-Sara-Gilbert-Consultante-et-coach-2-1.png\"},{\"@type\":\"BreadcrumbList\",\"@id\":\"https:\/\/saragilbert.coach\/fr\/merci\/#breadcrumb\",\"itemListElement\":[{\"@type\":\"ListItem\",\"position\":1,\"name\":\"Home\",\"item\":\"https:\/\/saragilbert.coach\/fr\/\"},{\"@type\":\"ListItem\",\"position\":2,\"name\":\"Merci de votre attention.\"}]},{\"@type\":\"WebSite\",\"@id\":\"https:\/\/saragilbert.coach\/fr\/#website\",\"url\":\"https:\/\/saragilbert.coach\/fr\/\",\"name\":\"Strategist\",\"description\":\"Be successful by design\",\"potentialAction\":[{\"@type\":\"SearchAction\",\"target\":{\"@type\":\"EntryPoint\",\"urlTemplate\":\"https:\/\/saragilbert.coach\/fr\/?s={search_term_string}\"},\"query-input\":{\"@type\":\"PropertyValueSpecification\",\"valueRequired\":true,\"valueName\":\"search_term_string\"}}],\"inLanguage\":\"fr-FR\"}]}<\/script>\n<!-- \/ Yoast SEO plugin. -->","yoast_head_json":{"title":"Merci de votre attention. - Strategist","robots":{"index":"index","follow":"follow","max-snippet":"max-snippet:-1","max-image-preview":"max-image-preview:large","max-video-preview":"max-video-preview:-1"},"canonical":"https:\/\/saragilbert.coach\/fr\/merci\/","og_locale":"fr_FR","og_type":"article","og_title":"Merci de votre attention. - Strategist","og_url":"https:\/\/saragilbert.coach\/fr\/merci\/","og_site_name":"Strategist","article_modified_time":"2025-02-03T22:56:01+00:00","og_image":[{"url":"https:\/\/saragilbert.coach\/wp-content\/uploads\/2020\/08\/Logo-Sara-Gilbert-Consultante-et-coach-2-1.png","type":"","width":"","height":""}],"twitter_card":"summary_large_image","twitter_misc":{"Dur\u00e9e de lecture estim\u00e9e":"5 minutes"},"schema":{"@context":"https:\/\/schema.org","@graph":[{"@type":"WebPage","@id":"https:\/\/saragilbert.coach\/fr\/merci\/","url":"https:\/\/saragilbert.coach\/fr\/merci\/","name":"Merci de votre attention. - Strategist","isPartOf":{"@id":"https:\/\/saragilbert.coach\/fr\/#website"},"primaryImageOfPage":{"@id":"https:\/\/saragilbert.coach\/fr\/merci\/#primaryimage"},"image":{"@id":"https:\/\/saragilbert.coach\/fr\/merci\/#primaryimage"},"thumbnailUrl":"https:\/\/saragilbert.coach\/wp-content\/uploads\/2020\/08\/Logo-Sara-Gilbert-Consultante-et-coach-2-1.png","datePublished":"2018-01-12T16:40:58+00:00","dateModified":"2025-02-03T22:56:01+00:00","breadcrumb":{"@id":"https:\/\/saragilbert.coach\/fr\/merci\/#breadcrumb"},"inLanguage":"fr-FR","potentialAction":[{"@type":"ReadAction","target":["https:\/\/saragilbert.coach\/fr\/merci\/"]}]},{"@type":"ImageObject","inLanguage":"fr-FR","@id":"https:\/\/saragilbert.coach\/fr\/merci\/#primaryimage","url":"https:\/\/saragilbert.coach\/wp-content\/uploads\/2020\/08\/Logo-Sara-Gilbert-Consultante-et-coach-2-1.png","contentUrl":"https:\/\/saragilbert.coach\/wp-content\/uploads\/2020\/08\/Logo-Sara-Gilbert-Consultante-et-coach-2-1.png"},{"@type":"BreadcrumbList","@id":"https:\/\/saragilbert.coach\/fr\/merci\/#breadcrumb","itemListElement":[{"@type":"ListItem","position":1,"name":"Home","item":"https:\/\/saragilbert.coach\/fr\/"},{"@type":"ListItem","position":2,"name":"Merci de votre attention."}]},{"@type":"WebSite","@id":"https:\/\/saragilbert.coach\/fr\/#website","url":"https:\/\/saragilbert.coach\/fr\/","name":"Strategist","description":"Be successful by design","potentialAction":[{"@type":"SearchAction","target":{"@type":"EntryPoint","urlTemplate":"https:\/\/saragilbert.coach\/fr\/?s={search_term_string}"},"query-input":{"@type":"PropertyValueSpecification","valueRequired":true,"valueName":"search_term_string"}}],"inLanguage":"fr-FR"}]}},"_links":{"self":[{"href":"https:\/\/saragilbert.coach\/fr\/wp-json\/wp\/v2\/pages\/4877","targetHints":{"allow":["GET"]}}],"collection":[{"href":"https:\/\/saragilbert.coach\/fr\/wp-json\/wp\/v2\/pages"}],"about":[{"href":"https:\/\/saragilbert.coach\/fr\/wp-json\/wp\/v2\/types\/page"}],"author":[{"embeddable":true,"href":"https:\/\/saragilbert.coach\/fr\/wp-json\/wp\/v2\/users\/1"}],"replies":[{"embeddable":true,"href":"https:\/\/saragilbert.coach\/fr\/wp-json\/wp\/v2\/comments?post=4877"}],"version-history":[{"count":12,"href":"https:\/\/saragilbert.coach\/fr\/wp-json\/wp\/v2\/pages\/4877\/revisions"}],"predecessor-version":[{"id":14872,"href":"https:\/\/saragilbert.coach\/fr\/wp-json\/wp\/v2\/pages\/4877\/revisions\/14872"}],"wp:attachment":[{"href":"https:\/\/saragilbert.coach\/fr\/wp-json\/wp\/v2\/media?parent=4877"}],"wp:term":[{"taxonomy":"difl_page_category","embeddable":true,"href":"https:\/\/saragilbert.coach\/fr\/wp-json\/wp\/v2\/difl_page_category?post=4877"}],"curies":[{"name":"wp","href":"https:\/\/api.w.org\/{rel}","templated":true}]}}