{"id":5212,"date":"2018-07-04T12:23:27","date_gmt":"2018-07-04T12:23:27","guid":{"rendered":"https:\/\/saragilbert.coach\/fr\/insider-tip-no\/"},"modified":"2018-07-04T12:27:16","modified_gmt":"2018-07-04T12:27:16","slug":"truc-de-pro-non","status":"publish","type":"page","link":"https:\/\/saragilbert.coach\/fr\/truc-de-pro-non\/","title":{"rendered":"Truc de Pro non"},"content":{"rendered":"<p>[et_pb_section fb_built=\u00a0\u00bb1&Prime; fullwidth=\u00a0\u00bbon\u00a0\u00bb custom_padding_last_edited=\u00a0\u00bbon|phone\u00a0\u00bb _builder_version=\u00a0\u00bb3.0.86&Prime; custom_margin=\u00a0\u00bb0px||0px|\u00a0\u00bb custom_margin_last_edited=\u00a0\u00bbon|phone\u00a0\u00bb custom_padding=\u00a0\u00bb0px||0px|\u00a0\u00bb custom_padding_phone=\u00a0\u00bb|||\u00a0\u00bb][et_pb_fullwidth_slider show_arrows=\u00a0\u00bboff\u00a0\u00bb show_pagination=\u00a0\u00bboff\u00a0\u00bb _builder_version=\u00a0\u00bb3.0.92&Prime; header_font=\u00a0\u00bbRoboto|300|||||||\u00a0\u00bb body_font=\u00a0\u00bb||||||||\u00a0\u00bb background_image=\u00a0\u00bbhttps:\/\/saragilbert.coach\/\/wp-content\/uploads\/2017\/11\/MainHero.jpg\u00a0\u00bb custom_padding=\u00a0\u00bb|||\u00a0\u00bb custom_padding_tablet=\u00a0\u00bb|||\u00a0\u00bb custom_padding_phone=\u00a0\u00bb|||\u00a0\u00bb][et_pb_slide heading=\u00a0\u00bbTRUC DE PRO\u00a0\u00bb _builder_version=\u00a0\u00bb3.0.92&Prime; header_level=\u00a0\u00bbh2&Prime; header_font=\u00a0\u00bbRoboto|300|||||||\u00a0\u00bb header_font_size=\u00a0\u00bb60px\u00a0\u00bb header_font_size_tablet=\u00a0\u00bb40px\u00a0\u00bb header_font_size_phone=\u00a0\u00bb29px\u00a0\u00bb header_font_size_last_edited=\u00a0\u00bbon|desktop\u00a0\u00bb body_font=\u00a0\u00bbDancing Script||||||||\u00a0\u00bb body_font_size=\u00a0\u00bb37px\u00a0\u00bb body_font_size_tablet=\u00a0\u00bb37px\u00a0\u00bb body_font_size_phone=\u00a0\u00bb23px\u00a0\u00bb body_font_size_last_edited=\u00a0\u00bbon|phone\u00a0\u00bb background_image=\u00a0\u00bbhttps:\/\/saragilbert.coach\/wp-content\/uploads\/2018\/07\/light2.jpg\u00a0\u00bb background_video_width=\u00a0\u00bb1920&Prime; background_video_height=\u00a0\u00bb638&Prime; text_orientation=\u00a0\u00bbleft\u00a0\u00bb video_bg_width=\u00a0\u00bb1920&Prime; video_bg_height=\u00a0\u00bb638&Prime; background_color=\u00a0\u00bb#ffffff\u00a0\u00bb]<\/p>\n<p style=\"text-align: right;\">\u2026outils, ressources et conseils que vous pouvez utilizer\u2026<\/p>\n<p>[\/et_pb_slide][\/et_pb_fullwidth_slider][\/et_pb_section][et_pb_section fb_built=\u00a0\u00bb1&Prime; _builder_version=\u00a0\u00bb3.0.86&Prime; custom_margin=\u00a0\u00bb0px||0px|\u00a0\u00bb custom_padding=\u00a0\u00bb0px||0px|\u00a0\u00bb][et_pb_row _builder_version=\u00a0\u00bb3.0.86&Prime;][et_pb_column type=\u00a0\u00bb4_4&Prime; _builder_version=\u00a0\u00bb3.0.47&Prime; parallax=\u00a0\u00bboff\u00a0\u00bb parallax_method=\u00a0\u00bbon\u00a0\u00bb][et_pb_text _builder_version=\u00a0\u00bb3.0.92&Prime; header_font=\u00a0\u00bb||||||||\u00a0\u00bb]<\/p>\n<div style=\"margin-top: 40px; margin-bottom: 40px;\">\n<p>Nous sommes profond\u00e9ment d\u00e9sol\u00e9s que ce \u00ab\u00a0Truc de pro\u00a0\u00bb n\u2019ait pas r\u00e9pondu \u00e0 vos attentes. Nous nous effor\u00e7ons d\u2019offrir les meilleurs conseils, outils et ressources pour vous aider \u00e0 b\u00e2tir et \u00e0 d\u00e9velopper votre pratique d\u2019affaires. Seriez-vous ouvert \u00e0 nous aider en partageant ce que vous n\u2019avez pas aim\u00e9 ou ce que vous auriez attendu de nous?<\/p>\n<p>Vous pouvez nous joindre \u00e0 <span><a href=\"mailto:service@startegist.cc\">service@startegist.cc<\/a><\/span>; nous ne sommes qu&rsquo;\u00e0 un clic!<\/p>\n<p>Avec gratitude,<\/p>\n<p><img loading=\"lazy\" decoding=\"async\" class=\"wp-image-4165 alignleft size-full\" style=\"margin-top: 20px;\" src=\"https:\/\/saragilbert.coach\/wp-content\/uploads\/2017\/11\/Sara-sig.png\" alt=\"Sara Gilbert\" width=\"102\" height=\"58\" srcset=\"https:\/\/saragilbert.coach\/wp-content\/uploads\/2017\/11\/Sara-sig.png 102w, https:\/\/saragilbert.coach\/wp-content\/uploads\/2017\/11\/Sara-sig-100x58.png 100w\" sizes=\"(max-width: 102px) 100vw, 102px\" \/><\/p>\n<\/div>\n<p>[\/et_pb_text][\/et_pb_column][\/et_pb_row][\/et_pb_section]<\/p>\n<span class=\"et_bloom_bottom_trigger\"><\/span>","protected":false},"excerpt":{"rendered":"<p>\u2026outils, ressources et conseils que vous pouvez utilizer\u2026 Nous sommes profond\u00e9ment d\u00e9sol\u00e9s que ce \u00ab\u00a0Truc de pro\u00a0\u00bb n\u2019ait pas r\u00e9pondu \u00e0 vos attentes. Nous nous effor\u00e7ons d\u2019offrir les meilleurs conseils, outils et ressources pour vous aider \u00e0 b\u00e2tir et \u00e0 d\u00e9velopper votre pratique d\u2019affaires. Seriez-vous ouvert \u00e0 nous aider en partageant ce que vous n\u2019avez [&hellip;]<\/p>\n","protected":false},"author":1,"featured_media":0,"parent":0,"menu_order":0,"comment_status":"closed","ping_status":"closed","template":"","meta":{"_et_pb_use_builder":"on","_et_pb_old_content":"","_et_gb_content_width":"","footnotes":""},"difl_page_category":[],"class_list":["post-5212","page","type-page","status-publish","hentry"],"yoast_head":"<!-- This site is optimized with the Yoast SEO plugin v25.4 - https:\/\/yoast.com\/wordpress\/plugins\/seo\/ -->\n<title>Truc de Pro non - Strategist<\/title>\n<meta name=\"robots\" content=\"index, follow, max-snippet:-1, max-image-preview:large, max-video-preview:-1\" \/>\n<link rel=\"canonical\" href=\"https:\/\/saragilbert.coach\/fr\/truc-de-pro-non\/\" \/>\n<meta property=\"og:locale\" content=\"fr_FR\" \/>\n<meta property=\"og:type\" content=\"article\" \/>\n<meta property=\"og:title\" content=\"Truc de Pro non - Strategist\" \/>\n<meta property=\"og:url\" content=\"https:\/\/saragilbert.coach\/fr\/truc-de-pro-non\/\" \/>\n<meta property=\"og:site_name\" content=\"Strategist\" \/>\n<meta property=\"article:modified_time\" content=\"2018-07-04T12:27:16+00:00\" \/>\n<meta property=\"og:image\" content=\"https:\/\/saragilbert.coach\/wp-content\/uploads\/2017\/11\/Sara-sig.png\" \/>\n<meta name=\"twitter:card\" content=\"summary_large_image\" \/>\n<meta name=\"twitter:label1\" content=\"Dur\u00e9e de lecture estim\u00e9e\" \/>\n\t<meta name=\"twitter:data1\" content=\"2 minutes\" \/>\n<script type=\"application\/ld+json\" class=\"yoast-schema-graph\">{\"@context\":\"https:\/\/schema.org\",\"@graph\":[{\"@type\":\"WebPage\",\"@id\":\"https:\/\/saragilbert.coach\/fr\/truc-de-pro-non\/\",\"url\":\"https:\/\/saragilbert.coach\/fr\/truc-de-pro-non\/\",\"name\":\"Truc de Pro non - Strategist\",\"isPartOf\":{\"@id\":\"https:\/\/saragilbert.coach\/fr\/#website\"},\"primaryImageOfPage\":{\"@id\":\"https:\/\/saragilbert.coach\/fr\/truc-de-pro-non\/#primaryimage\"},\"image\":{\"@id\":\"https:\/\/saragilbert.coach\/fr\/truc-de-pro-non\/#primaryimage\"},\"thumbnailUrl\":\"https:\/\/saragilbert.coach\/wp-content\/uploads\/2017\/11\/Sara-sig.png\",\"datePublished\":\"2018-07-04T12:23:27+00:00\",\"dateModified\":\"2018-07-04T12:27:16+00:00\",\"breadcrumb\":{\"@id\":\"https:\/\/saragilbert.coach\/fr\/truc-de-pro-non\/#breadcrumb\"},\"inLanguage\":\"fr-FR\",\"potentialAction\":[{\"@type\":\"ReadAction\",\"target\":[\"https:\/\/saragilbert.coach\/fr\/truc-de-pro-non\/\"]}]},{\"@type\":\"ImageObject\",\"inLanguage\":\"fr-FR\",\"@id\":\"https:\/\/saragilbert.coach\/fr\/truc-de-pro-non\/#primaryimage\",\"url\":\"https:\/\/saragilbert.coach\/wp-content\/uploads\/2017\/11\/Sara-sig.png\",\"contentUrl\":\"https:\/\/saragilbert.coach\/wp-content\/uploads\/2017\/11\/Sara-sig.png\"},{\"@type\":\"BreadcrumbList\",\"@id\":\"https:\/\/saragilbert.coach\/fr\/truc-de-pro-non\/#breadcrumb\",\"itemListElement\":[{\"@type\":\"ListItem\",\"position\":1,\"name\":\"Home\",\"item\":\"https:\/\/saragilbert.coach\/fr\/\"},{\"@type\":\"ListItem\",\"position\":2,\"name\":\"Truc de Pro non\"}]},{\"@type\":\"WebSite\",\"@id\":\"https:\/\/saragilbert.coach\/fr\/#website\",\"url\":\"https:\/\/saragilbert.coach\/fr\/\",\"name\":\"Strategist\",\"description\":\"Be successful by design\",\"potentialAction\":[{\"@type\":\"SearchAction\",\"target\":{\"@type\":\"EntryPoint\",\"urlTemplate\":\"https:\/\/saragilbert.coach\/fr\/?s={search_term_string}\"},\"query-input\":{\"@type\":\"PropertyValueSpecification\",\"valueRequired\":true,\"valueName\":\"search_term_string\"}}],\"inLanguage\":\"fr-FR\"}]}<\/script>\n<!-- \/ Yoast SEO plugin. -->","yoast_head_json":{"title":"Truc de Pro non - Strategist","robots":{"index":"index","follow":"follow","max-snippet":"max-snippet:-1","max-image-preview":"max-image-preview:large","max-video-preview":"max-video-preview:-1"},"canonical":"https:\/\/saragilbert.coach\/fr\/truc-de-pro-non\/","og_locale":"fr_FR","og_type":"article","og_title":"Truc de Pro non - Strategist","og_url":"https:\/\/saragilbert.coach\/fr\/truc-de-pro-non\/","og_site_name":"Strategist","article_modified_time":"2018-07-04T12:27:16+00:00","og_image":[{"url":"https:\/\/saragilbert.coach\/wp-content\/uploads\/2017\/11\/Sara-sig.png","type":"","width":"","height":""}],"twitter_card":"summary_large_image","twitter_misc":{"Dur\u00e9e de lecture estim\u00e9e":"2 minutes"},"schema":{"@context":"https:\/\/schema.org","@graph":[{"@type":"WebPage","@id":"https:\/\/saragilbert.coach\/fr\/truc-de-pro-non\/","url":"https:\/\/saragilbert.coach\/fr\/truc-de-pro-non\/","name":"Truc de Pro non - Strategist","isPartOf":{"@id":"https:\/\/saragilbert.coach\/fr\/#website"},"primaryImageOfPage":{"@id":"https:\/\/saragilbert.coach\/fr\/truc-de-pro-non\/#primaryimage"},"image":{"@id":"https:\/\/saragilbert.coach\/fr\/truc-de-pro-non\/#primaryimage"},"thumbnailUrl":"https:\/\/saragilbert.coach\/wp-content\/uploads\/2017\/11\/Sara-sig.png","datePublished":"2018-07-04T12:23:27+00:00","dateModified":"2018-07-04T12:27:16+00:00","breadcrumb":{"@id":"https:\/\/saragilbert.coach\/fr\/truc-de-pro-non\/#breadcrumb"},"inLanguage":"fr-FR","potentialAction":[{"@type":"ReadAction","target":["https:\/\/saragilbert.coach\/fr\/truc-de-pro-non\/"]}]},{"@type":"ImageObject","inLanguage":"fr-FR","@id":"https:\/\/saragilbert.coach\/fr\/truc-de-pro-non\/#primaryimage","url":"https:\/\/saragilbert.coach\/wp-content\/uploads\/2017\/11\/Sara-sig.png","contentUrl":"https:\/\/saragilbert.coach\/wp-content\/uploads\/2017\/11\/Sara-sig.png"},{"@type":"BreadcrumbList","@id":"https:\/\/saragilbert.coach\/fr\/truc-de-pro-non\/#breadcrumb","itemListElement":[{"@type":"ListItem","position":1,"name":"Home","item":"https:\/\/saragilbert.coach\/fr\/"},{"@type":"ListItem","position":2,"name":"Truc de Pro non"}]},{"@type":"WebSite","@id":"https:\/\/saragilbert.coach\/fr\/#website","url":"https:\/\/saragilbert.coach\/fr\/","name":"Strategist","description":"Be successful by design","potentialAction":[{"@type":"SearchAction","target":{"@type":"EntryPoint","urlTemplate":"https:\/\/saragilbert.coach\/fr\/?s={search_term_string}"},"query-input":{"@type":"PropertyValueSpecification","valueRequired":true,"valueName":"search_term_string"}}],"inLanguage":"fr-FR"}]}},"_links":{"self":[{"href":"https:\/\/saragilbert.coach\/fr\/wp-json\/wp\/v2\/pages\/5212","targetHints":{"allow":["GET"]}}],"collection":[{"href":"https:\/\/saragilbert.coach\/fr\/wp-json\/wp\/v2\/pages"}],"about":[{"href":"https:\/\/saragilbert.coach\/fr\/wp-json\/wp\/v2\/types\/page"}],"author":[{"embeddable":true,"href":"https:\/\/saragilbert.coach\/fr\/wp-json\/wp\/v2\/users\/1"}],"replies":[{"embeddable":true,"href":"https:\/\/saragilbert.coach\/fr\/wp-json\/wp\/v2\/comments?post=5212"}],"version-history":[{"count":2,"href":"https:\/\/saragilbert.coach\/fr\/wp-json\/wp\/v2\/pages\/5212\/revisions"}],"predecessor-version":[{"id":5215,"href":"https:\/\/saragilbert.coach\/fr\/wp-json\/wp\/v2\/pages\/5212\/revisions\/5215"}],"wp:attachment":[{"href":"https:\/\/saragilbert.coach\/fr\/wp-json\/wp\/v2\/media?parent=5212"}],"wp:term":[{"taxonomy":"difl_page_category","embeddable":true,"href":"https:\/\/saragilbert.coach\/fr\/wp-json\/wp\/v2\/difl_page_category?post=5212"}],"curies":[{"name":"wp","href":"https:\/\/api.w.org\/{rel}","templated":true}]}}