{"id":5254,"date":"2019-01-01T21:08:38","date_gmt":"2019-01-01T21:08:38","guid":{"rendered":"https:\/\/saragilbert.coach\/?page_id=5254"},"modified":"2020-10-05T22:52:37","modified_gmt":"2020-10-05T22:52:37","slug":"infolettres","status":"publish","type":"page","link":"https:\/\/saragilbert.coach\/fr\/infolettres\/","title":{"rendered":"Service d&rsquo;infolettres"},"content":{"rendered":"<p>[et_pb_section fb_built=\u00a0\u00bb1&Prime; admin_label=\u00a0\u00bbsection\u00a0\u00bb _builder_version=\u00a0\u00bb3.22&Prime;][et_pb_row admin_label=\u00a0\u00bbrow\u00a0\u00bb _builder_version=\u00a0\u00bb3.25&Prime; background_size=\u00a0\u00bbinitial\u00a0\u00bb background_position=\u00a0\u00bbtop_left\u00a0\u00bb background_repeat=\u00a0\u00bbrepeat\u00a0\u00bb][et_pb_column type=\u00a0\u00bb4_4&Prime; _builder_version=\u00a0\u00bb3.25&Prime; custom_padding=\u00a0\u00bb|||\u00a0\u00bb custom_padding__hover=\u00a0\u00bb|||\u00a0\u00bb][et_pb_text admin_label=\u00a0\u00bbText\u00a0\u00bb _builder_version=\u00a0\u00bb3.29.3&Prime; background_size=\u00a0\u00bbinitial\u00a0\u00bb background_position=\u00a0\u00bbtop_left\u00a0\u00bb background_repeat=\u00a0\u00bbrepeat\u00a0\u00bb]<\/p>\n<h4 style=\"margin: 30px;\"><strong>Outils et calculateurs<\/strong><\/h4>\n<ul>\n<li><strong>Gouvernement F\u00e9d\u00e9ral<\/strong>\n<ul>\n<li>Gouvernement du Canada\u00a0: pensions et retraite\u00a0<a href=\"https:\/\/www.canada.ca\/fr\/services\/finance\/pensions.html\" target=\"_blank\" rel=\"noopener noreferrer\">site<\/a> autres sujets\u00a0<a href=\"https:\/\/www.canada.ca\/fr\/services\/finance\/outils.html\" target=\"_blank\" rel=\"noopener noreferrer\">site<\/a><\/li>\n<li>Agence de la consommation en mati\u00e8re financi\u00e8re du Canada\u00a0: calculatrice d\u2019objectifs financiers\u00a0<a href=\"https:\/\/itools-ioutils.fcac-acfc.gc.ca\/FGC-COF\/home-accueil-fra.aspx?WT.mc_id=ProtegezApr18-ToolsPromoFGC-FR\" target=\"_blank\" rel=\"noopener noreferrer\">site<\/a><\/li>\n<li>Outil de comparaison de cartes de cr\u00e9dit (gouv. du Canada)\u00a0<a href=\"https:\/\/itools-ioutils.fcac-acfc.gc.ca\/CCCT-OCCC\/SearchFilter-fra.aspx?lang=fra\" target=\"_blank\" rel=\"noopener noreferrer\">site<\/a><\/li>\n<\/ul>\n<\/li>\n<\/ul>\n<ul>\n<li><strong>Gouvernement Provincial<\/strong>\n<ul>\n<li>SimulR site &#8211; outil interactif simplifi\u00e9 de simulation des revenus \u00e0 la retraite <a href=\"https:\/\/www.rrq.gouv.qc.ca\/fr\/planification\/simulr\/Pages\/simulr.aspx\" target=\"_blank\" rel=\"noopener noreferrer\">site<\/a><\/li>\n<li>SimulRetraite &#8211; outil personnalis\u00e9 destin\u00e9 \u00e0 obtenir un portrait complet de sa situation financi\u00e8re \u00e0 la retraite et \u00e0 voir les sources de revenus possibles <a href=\"https:\/\/www.rrq.gouv.qc.ca\/fr\/planification\/autres_outils\/Pages\/simulation.aspx\" target=\"_blank\" rel=\"noopener noreferrer\">site<\/a><\/li>\n<li>Relev\u00e9 de participation au R\u00e9gime de rentes du Qu\u00e9bec\u00a0<a href=\"https:\/\/www.rrq.gouv.qc.ca\/fr\/services\/services_en_ligne\/Pages\/releve_participation.aspx\" target=\"_blank\" rel=\"noopener noreferrer\">site<\/a><\/li>\n<\/ul>\n<\/li>\n<\/ul>\n<ul>\n<li><strong>Organismes d\u2019autor\u00e9glementation<\/strong>\n<ul>\n<li>Autorit\u00e9 des march\u00e9s financiers\u00a0: calculateurs et jeux-questionnaires\u00a0<a href=\"https:\/\/lautorite.qc.ca\/grand-public\/outils-et-calculateurs\/\" target=\"_blank\" rel=\"noopener noreferrer\">site<\/a><\/li>\n<li>IQPF\u00a0: questionnaires de cueillette de donn\u00e9es et calculateurs\u00a0<a href=\"http:\/\/www.solutioniqpf.org\/?id=\" target=\"_blank\" rel=\"noopener noreferrer\">site<\/a><\/li>\n<\/ul>\n<\/li>\n<\/ul>\n<ul>\n<li><strong>Autres<\/strong>\n<ul>\n<li>Kronos\u00a0: \u00e9pargne, taux d\u2019imposition, valeur de vie humaine\u2026\u00a0<a href=\"https:\/\/calculatrices-financieres.ca\/\" target=\"_blank\" rel=\"noopener noreferrer\">site<\/a><\/li>\n<li>Compagnies de fonds\u00a0:\n<ul>\n<li>CI\u00a0: Valeur nette patrimoniale, profile d\u2019investisseur, avantages fiscaux d\u2019un REEE\u2026<a href=\"https:\/\/www.financialcalculators.net\/ci-calculators\/\" target=\"_blank\" rel=\"noopener noreferrer\">site<\/a><\/li>\n<li>Manuvie\u00a0: assurance-vie\u00a0<a href=\"https:\/\/www.biensassurer.ca\/calculateur\/#analysis\" target=\"_blank\" rel=\"noopener noreferrer\">site<\/a><\/li>\n<\/ul>\n<\/li>\n<\/ul>\n<\/li>\n<\/ul>\n<hr style=\"margin: 40px;\" \/>\n<h4 style=\"margin-bottom: 30px;\"><strong>Litt\u00e9racie financi\u00e8re<\/strong><\/h4>\n<ul>\n<li>Centre des investisseurs IFIC\u00a0: Prenez des d\u00e9cisions financi\u00e8res \u00e9clair\u00e9es avec des conseils pour chaque \u00e9tape de la vie\u00a0<a href=\"https:\/\/centredesinvestisseurs.ific.ca\/\" target=\"_blank\" rel=\"noopener noreferrer\">site<\/a><\/li>\n<li>Programme \u00ab Parlons argent avec nos enfants \u00bb de la FCEE (en partenariat avec la Banque Scotia)\u00a0<a href=\"http:\/\/talkwithourkidsaboutmoney.com\/?lang=fr\" target=\"_blank\" rel=\"noopener noreferrer\">site<\/a><\/li>\n<li>Ateliers offerts par CPA Canada <a href=\"https:\/\/www.cpacanada.ca\/fr\/la-profession-de-cpa\/le-programme-de-litteratie-financiere-de-cpa-canada\/ateliers-de-litteratie-financiere\/demander-un-atelier-de-litteratie-financiere\" target=\"_blank\" rel=\"noopener noreferrer\">site<\/a><\/li>\n<\/ul>\n<hr style=\"margin: 40px;\" \/>\n<h4 style=\"margin-bottom: 30px;\"><strong>Retraite<\/strong><\/h4>\n<ul>\n<li>FADOQ\u00a0: articles concernant la qualit\u00e9 de vie des ain\u00e9s qu\u00e9b\u00e9cois\u00a0<a href=\"http:\/\/www.fadoq-cdq.ca\/fr\/\" target=\"_blank\" rel=\"noopener noreferrer\">site<\/a><\/li>\n<li>Flash retraite\u00a0: r\u00e9pertoire compos\u00e9 de 52 capsules d\u2019information sur la planification financi\u00e8re de la retraite <a href=\"https:\/\/www.rrq.gouv.qc.ca\/fr\/planification\/autres_outils\/sites_interet\/Pages\/sites_interet.aspx\" target=\"_blank\" rel=\"noopener noreferrer\">site<\/a><\/li>\n<li>Question Retraite\u00a0: guide de la planification financi\u00e8re de la retraite \u00e0 t\u00e9l\u00e9charger <a href=\"https:\/\/www.questionretraite.ca\/wp-content\/uploads\/2019\/09\/PDF-F-WEB-Guide-QR-2019-2020-F-Web.pdf\" target=\"_blank\" rel=\"noopener noreferrer\">site\u00a0<\/a>. QR est un site compl\u00e8te pour tout ce qui traite de la retraite<\/li>\n<\/ul>\n<hr style=\"margin: 40px;\" \/>\n<h4 style=\"margin-bottom: 30px;\"><strong>Succession<\/strong><\/h4>\n<ul>\n<li>Curateur public\u00a0: mandat de protection\u00a0<a href=\"https:\/\/www.curateur.gouv.qc.ca\/cura\/fr\/outils\/publications\/mon_mandat.html\" target=\"_blank\" rel=\"noopener noreferrer\">site<\/a><\/li>\n<li>Chambre des notaires\u00a0: succession et testament\u00a0<a href=\"http:\/\/www.cnq.org\/fr\/succession-testament.html\" target=\"_blank\" rel=\"noopener noreferrer\">site<\/a><\/li>\n<li>Educaloi\u00a0: planification, r\u00e8glement de succession\u00a0<a href=\"https:\/\/www.educaloi.qc.ca\/categories\/deces-et-testaments\" target=\"_blank\" rel=\"noopener noreferrer\">site<\/a><\/li>\n<li>H\u00e9ritage Qu\u00e9bec\u00a0: Les diff\u00e9rentes formes de don\u00a0<a href=\"http:\/\/unheritage.org\/dons-planifies\/les-differentes-formes-de-don\" target=\"_blank\" rel=\"noopener noreferrer\">site<\/a><\/li>\n<\/ul>\n<hr style=\"margin: 40px;\" \/>\n<h4 style=\"margin-bottom: 30px;\"><strong>Ressources pour client\u00e8les cibles<\/strong><\/h4>\n<ul>\n<li><strong>Travailleurs autonomes\u00a0et entrepreneurs<\/strong>\n<ul>\n<li>Solution A de Genworth \u00ad hypoth\u00e8que r\u00e9sidentiel pour travailleurs autonomes\u00a0<a href=\"http:\/\/genworth.ca\/fr\/products\/business-for-self-program.aspx\" target=\"_blank\" rel=\"noopener noreferrer\">site<\/a><\/li>\n<li>Familles en affaires\u00a0\u2013 HEC Montr\u00e9al\u00a0<a href=\"https:\/\/famillesenaffaires.hec.ca\/\" target=\"_blank\" rel=\"noopener noreferrer\">site<\/a><\/li>\n<\/ul>\n<\/li>\n<li><strong>M\u00e9decins et professionnels de la sant\u00e9<\/strong>\n<ul>\n<li>Coll\u00e8ge des m\u00e9decins \u2013 incorporation\u00a0<a href=\"http:\/\/www.cmq.org\/hub\/fr\/incorporation.aspx\" target=\"_blank\" rel=\"noopener noreferrer\">site<\/a><\/li>\n<li>R\u00e9gie de l\u2019assurance maladie \u2013 incorporation\u00a0<a href=\"http:\/\/www.ramq.gouv.qc.ca\/fr\/professionnels\/medecins-specialistes\/evenements-carriere\/Pages\/incorporation.aspx\" target=\"_blank\" rel=\"noopener noreferrer\">site<\/a><\/li>\n<\/ul>\n<\/li>\n<li>A\u00een\u00e9s\n<ul>\n<li>La sant\u00e9 financi\u00e8re des a\u00een\u00e9s &#8211; csi <a href=\"https:\/\/www.csi.ca\/student\/fr_ca\/members\/seniors\/index.xhtml?lang=fr_ca\" target=\"_blank\" rel=\"noopener noreferrer\">site<\/a><\/li>\n<\/ul>\n<\/li>\n<\/ul>\n<hr style=\"margin: 40px;\" \/>\n<h4 style=\"margin-bottom: 30px;\"><strong>Bottins de ressources et guides<\/strong><\/h4>\n<ul>\n<li>Curateur public \u2013 bottin tr\u00e8s exhaustif\u00a0<a href=\"https:\/\/www.curateur.gouv.qc.ca\/cura\/fr\/outils\/publications\/bottin_ress_ext.html\" target=\"_blank\" rel=\"noopener noreferrer\">site<\/a><\/li>\n<li>Guide de la planification financi\u00e8re de la retraite2018-2019 Question retraite\u00a0<a href=\"https:\/\/www.questionretraite.ca\/wp-content\/uploads\/2019\/09\/PDF-F-WEB-Guide-QR-2019-2020-F-Web.pdf\" target=\"_blank\" rel=\"noopener noreferrer\">site<\/a><\/li>\n<li>Planiguide 2018-2019 RCGT\u00a0<a href=\"https:\/\/www.rcgt.com\/fr\/planiguide\/\" target=\"_blank\" rel=\"noopener noreferrer\">site<\/a><\/li>\n<li>Centre qu\u00e9b\u00e9cois de formation en fiscalit\u00e9\u00a0: r\u00e9pertoire d\u2019outils et de calculatrices du <a href=\"http:\/\/www.cqff.com\/bibliotheque\/outil.htm\" target=\"_blank\" rel=\"noopener noreferrer\">site<\/a><\/li>\n<\/ul>\n<hr style=\"margin: 40px;\" \/>\n<h4 style=\"margin-bottom: 30px;\"><strong>Suggestions de livres pour vos clients<\/strong><\/h4>\n<ul>\n<li>Retraite en vue : Guide du retardataire \u2013 Comment rattraper le temps perdu en 10 ans ou moins | CPA Canada <a href=\"https:\/\/www.cpastore.ca\/product\/retraite-en-vue-guide-du-retardataire\/2177?_ga=2.205579473.356181117.1551445526-94438213.1551445526\" target=\"_blank\" rel=\"noopener noreferrer\">site<\/a><\/li>\n<li>Guide \u00e0 l&rsquo;intention des parents : Apprendre la gestion financi\u00e8re \u00e0 nos enfants | CPA Canada <a href=\"https:\/\/www.cpastore.ca\/product\/guide-a-l-intention-des-parents-apprendre-la-gestion-financiere-a-nos-enfants\/1296\" target=\"_blank\" rel=\"noopener noreferrer\">site<\/a><\/li>\n<li>En as-tu vraiment besoin | Pierre-Yves McSween <a href=\"https:\/\/www.amazon.ca\/as-tu-vraiment-besoin-Pierre-Yves-McSween\/dp\/289758159X\/ref=sr_1_1?crid=S6C3N70KS2WI&amp;keywords=en+as+tu+vraiment+besoin+livre&amp;qid=1551448038&amp;s=gateway&amp;sprefix=en+as+%2Caps%2C150&amp;sr=8-1-spell\" target=\"_blank\" rel=\"noopener noreferrer\">site<\/a><\/li>\n<\/ul>\n<p>[\/et_pb_text][\/et_pb_column][\/et_pb_row][\/et_pb_section]<\/p>\n<span class=\"et_bloom_bottom_trigger\"><\/span>","protected":false},"excerpt":{"rendered":"<p>Outils et calculateurs Gouvernement F\u00e9d\u00e9ral Gouvernement du Canada\u00a0: pensions et retraite\u00a0site autres sujets\u00a0site Agence de la consommation en mati\u00e8re financi\u00e8re du Canada\u00a0: calculatrice d\u2019objectifs financiers\u00a0site Outil de comparaison de cartes de cr\u00e9dit (gouv. du Canada)\u00a0site Gouvernement Provincial SimulR site &#8211; outil interactif simplifi\u00e9 de simulation des revenus \u00e0 la retraite site SimulRetraite &#8211; outil personnalis\u00e9 [&hellip;]<\/p>\n","protected":false},"author":1,"featured_media":0,"parent":0,"menu_order":0,"comment_status":"closed","ping_status":"closed","template":"","meta":{"_et_pb_use_builder":"on","_et_pb_old_content":"<h4 style=\"margin: 30px;\"><strong>Outils et calculateurs<\/strong><\/h4>\r\n<ul>\r\n \t<li><strong>Gouvernement F\u00e9d\u00e9ral<\/strong>\r\n<ul>\r\n \t<li>Gouvernement du Canada\u00a0: pensions et retraite\u00a0<a href=\"https:\/\/www.canada.ca\/fr\/services\/finance\/pensions.html\" target=\"_blank\" rel=\"noopener noreferrer\">site<\/a> autres sujets\u00a0<a href=\"https:\/\/www.canada.ca\/fr\/services\/finance\/outils.html\" target=\"_blank\" rel=\"noopener noreferrer\">site<\/a><\/li>\r\n \t<li>Agence de la consommation en mati\u00e8re financi\u00e8re du Canada\u00a0: calculatrice d\u2019objectifs financiers\u00a0<a href=\"https:\/\/itools-ioutils.fcac-acfc.gc.ca\/FGC-COF\/home-accueil-fra.aspx?WT.mc_id=ProtegezApr18-ToolsPromoFGC-FR\" target=\"_blank\" rel=\"noopener noreferrer\">site<\/a><\/li>\r\n \t<li>Outil de comparaison de cartes de cr\u00e9dit (gouv. du Canada)\u00a0<a href=\"https:\/\/itools-ioutils.fcac-acfc.gc.ca\/CCCT-OCCC\/SearchFilter-fra.aspx?lang=fra\" target=\"_blank\" rel=\"noopener noreferrer\">site<\/a><\/li>\r\n<\/ul>\r\n<\/li>\r\n<\/ul>\r\n<ul>\r\n \t<li><strong>Gouvernement Provincial<\/strong>\r\n<ul>\r\n \t<li>SimulR site - outil interactif simplifi\u00e9 de simulation des revenus \u00e0 la retraite <a href=\"https:\/\/www.rrq.gouv.qc.ca\/fr\/planification\/simulr\/Pages\/simulr.aspx\" target=\"_blank\" rel=\"noopener noreferrer\">site<\/a><\/li>\r\n \t<li>SimulRetraite - outil personnalis\u00e9 destin\u00e9 \u00e0 obtenir un portrait complet de sa situation financi\u00e8re \u00e0 la retraite et \u00e0 voir les sources de revenus possibles <a href=\"https:\/\/www.rrq.gouv.qc.ca\/fr\/planification\/autres_outils\/Pages\/simulation.aspx\" target=\"_blank\" rel=\"noopener noreferrer\">site<\/a><\/li>\r\n \t<li>Relev\u00e9 de participation au R\u00e9gime de rentes du Qu\u00e9bec\u00a0<a href=\"https:\/\/www.rrq.gouv.qc.ca\/fr\/services\/services_en_ligne\/Pages\/releve_participation.aspx\" target=\"_blank\" rel=\"noopener noreferrer\">site<\/a><\/li>\r\n<\/ul>\r\n<\/li>\r\n<\/ul>\r\n<ul>\r\n \t<li><strong>Organismes d\u2019autor\u00e9glementation<\/strong>\r\n<ul>\r\n \t<li>Autorit\u00e9 des march\u00e9s financiers\u00a0: calculateurs et jeux-questionnaires\u00a0<a href=\"https:\/\/lautorite.qc.ca\/grand-public\/outils-et-calculateurs\/\" target=\"_blank\" rel=\"noopener noreferrer\">site<\/a><\/li>\r\n \t<li>IQPF\u00a0: questionnaires de cueillette de donn\u00e9es et calculateurs\u00a0<a href=\"http:\/\/www.solutioniqpf.org\/?id=\" target=\"_blank\" rel=\"noopener noreferrer\">site<\/a><\/li>\r\n<\/ul>\r\n<\/li>\r\n<\/ul>\r\n<ul>\r\n \t<li><strong>Autres<\/strong>\r\n<ul>\r\n \t<li>Kronos\u00a0: \u00e9pargne, taux d\u2019imposition, valeur de vie humaine\u2026\u00a0<a href=\"https:\/\/calculatrices-financieres.ca\/\" target=\"_blank\" rel=\"noopener noreferrer\">site<\/a><\/li>\r\n \t<li>Compagnies de fonds\u00a0:\r\n<ul>\r\n \t<li>CI\u00a0: Valeur nette patrimoniale, profile d\u2019investisseur, avantages fiscaux d\u2019un REEE\u2026<a href=\"https:\/\/www.financialcalculators.net\/ci-calculators\/\" target=\"_blank\" rel=\"noopener noreferrer\">site<\/a><\/li>\r\n \t<li>Manuvie\u00a0: assurance-vie\u00a0<a href=\"https:\/\/www.biensassurer.ca\/calculateur\/#analysis\" target=\"_blank\" rel=\"noopener noreferrer\">site<\/a><\/li>\r\n<\/ul>\r\n<\/li>\r\n<\/ul>\r\n<\/li>\r\n<\/ul>\r\n\r\n<hr style=\"margin: 40px;\" \/>\r\n\r\n<h4 style=\"margin-bottom: 30px;\"><strong>Litt\u00e9racie financi\u00e8re<\/strong><\/h4>\r\n<ul>\r\n \t<li>Centre des investisseurs IFIC\u00a0: Prenez des d\u00e9cisions financi\u00e8res \u00e9clair\u00e9es avec des conseils pour chaque \u00e9tape de la vie\u00a0<a href=\"https:\/\/centredesinvestisseurs.ific.ca\/\" target=\"_blank\" rel=\"noopener noreferrer\">site<\/a><\/li>\r\n \t<li>Programme \u00ab Parlons argent avec nos enfants \u00bb de la FCEE (en partenariat avec la Banque Scotia)\u00a0<a href=\"http:\/\/talkwithourkidsaboutmoney.com\/?lang=fr\" target=\"_blank\" rel=\"noopener noreferrer\">site<\/a><\/li>\r\n \t<li>Ateliers offerts par CPA Canada <a href=\"https:\/\/www.cpacanada.ca\/fr\/la-profession-de-cpa\/le-programme-de-litteratie-financiere-de-cpa-canada\/ateliers-de-litteratie-financiere\/demander-un-atelier-de-litteratie-financiere\" target=\"_blank\" rel=\"noopener noreferrer\">site<\/a><\/li>\r\n<\/ul>\r\n\r\n<hr style=\"margin: 40px;\" \/>\r\n\r\n<h4 style=\"margin-bottom: 30px;\"><strong>Retraite<\/strong><\/h4>\r\n<ul>\r\n \t<li>FADOQ\u00a0: articles concernant la qualit\u00e9 de vie des ain\u00e9s qu\u00e9b\u00e9cois\u00a0<a href=\"http:\/\/www.fadoq-cdq.ca\/fr\/\" target=\"_blank\" rel=\"noopener noreferrer\">site<\/a><\/li>\r\n \t<li>Flash retraite\u00a0: r\u00e9pertoire compos\u00e9 de 52 capsules d\u2019information sur la planification financi\u00e8re de la retraite <a href=\"https:\/\/www.rrq.gouv.qc.ca\/fr\/planification\/autres_outils\/sites_interet\/Pages\/sites_interet.aspx\" target=\"_blank\" rel=\"noopener noreferrer\">site<\/a><\/li>\r\n \t<li>Question Retraite\u00a0: guide de la planification financi\u00e8re de la retraite \u00e0 t\u00e9l\u00e9charger <a href=\"https:\/\/www.questionretraite.ca\/wp-content\/uploads\/2019\/09\/PDF-F-WEB-Guide-QR-2019-2020-F-Web.pdf\" target=\"_blank\" rel=\"noopener noreferrer\">site\u00a0<\/a>. QR est un site compl\u00e8te pour tout ce qui traite de la retraite<\/li>\r\n<\/ul>\r\n\r\n<hr style=\"margin: 40px;\" \/>\r\n\r\n<h4 style=\"margin-bottom: 30px;\"><strong>Succession<\/strong><\/h4>\r\n<ul>\r\n \t<li>Curateur public\u00a0: mandat de protection\u00a0<a href=\"https:\/\/www.curateur.gouv.qc.ca\/cura\/fr\/outils\/publications\/mon_mandat.html\" target=\"_blank\" rel=\"noopener noreferrer\">site<\/a><\/li>\r\n \t<li>Chambre des notaires\u00a0: succession et testament\u00a0<a href=\"http:\/\/www.cnq.org\/fr\/succession-testament.html\" target=\"_blank\" rel=\"noopener noreferrer\">site<\/a><\/li>\r\n \t<li>Educaloi\u00a0: planification, r\u00e8glement de succession\u00a0<a href=\"https:\/\/www.educaloi.qc.ca\/categories\/deces-et-testaments\" target=\"_blank\" rel=\"noopener noreferrer\">site<\/a><\/li>\r\n \t<li>H\u00e9ritage Qu\u00e9bec\u00a0: Les diff\u00e9rentes formes de don\u00a0<a href=\"http:\/\/unheritage.org\/dons-planifies\/les-differentes-formes-de-don\" target=\"_blank\" rel=\"noopener noreferrer\">site<\/a><\/li>\r\n<\/ul>\r\n\r\n<hr style=\"margin: 40px;\" \/>\r\n\r\n<h4 style=\"margin-bottom: 30px;\"><strong>Ressources pour client\u00e8les cibles<\/strong><\/h4>\r\n<ul>\r\n \t<li><strong>Travailleurs autonomes\u00a0et entrepreneurs<\/strong>\r\n<ul>\r\n \t<li>Solution A de Genworth \u00ad hypoth\u00e8que r\u00e9sidentiel pour travailleurs autonomes\u00a0<a href=\"http:\/\/genworth.ca\/fr\/products\/business-for-self-program.aspx\" target=\"_blank\" rel=\"noopener noreferrer\">site<\/a><\/li>\r\n \t<li>Familles en affaires\u00a0\u2013 HEC Montr\u00e9al\u00a0<a href=\"https:\/\/famillesenaffaires.hec.ca\/\" target=\"_blank\" rel=\"noopener noreferrer\">site<\/a><\/li>\r\n<\/ul>\r\n<\/li>\r\n \t<li><strong>M\u00e9decins et professionnels de la sant\u00e9<\/strong>\r\n<ul>\r\n \t<li>Coll\u00e8ge des m\u00e9decins \u2013 incorporation\u00a0<a href=\"http:\/\/www.cmq.org\/hub\/fr\/incorporation.aspx\" target=\"_blank\" rel=\"noopener noreferrer\">site<\/a><\/li>\r\n \t<li>R\u00e9gie de l\u2019assurance maladie \u2013 incorporation\u00a0<a href=\"http:\/\/www.ramq.gouv.qc.ca\/fr\/professionnels\/medecins-specialistes\/evenements-carriere\/Pages\/incorporation.aspx\" target=\"_blank\" rel=\"noopener noreferrer\">site<\/a><\/li>\r\n<\/ul>\r\n<\/li>\r\n<\/ul>\r\n<ul>\r\n \t<li style=\"list-style-type: none;\"><\/li>\r\n<\/ul>\r\n\r\n<hr style=\"margin: 40px;\" \/>\r\n\r\n<h4 style=\"margin-bottom: 30px;\"><strong>Bottins de ressources et guides<\/strong><\/h4>\r\n<ul>\r\n \t<li>Curateur public \u2013 bottin tr\u00e8s exhaustif\u00a0<a href=\"https:\/\/www.curateur.gouv.qc.ca\/cura\/fr\/outils\/publications\/bottin_ress_ext.html\" target=\"_blank\" rel=\"noopener noreferrer\">site<\/a><\/li>\r\n \t<li>Guide de la planification financi\u00e8re de la retraite2018-2019 Question retraite\u00a0<a href=\"https:\/\/www.questionretraite.ca\/wp-content\/uploads\/2019\/09\/PDF-F-WEB-Guide-QR-2019-2020-F-Web.pdf\" target=\"_blank\" rel=\"noopener noreferrer\">site<\/a><\/li>\r\n \t<li>Planiguide 2018-2019 RCGT\u00a0<a href=\"https:\/\/www.rcgt.com\/fr\/planiguide\/\" target=\"_blank\" rel=\"noopener noreferrer\">site<\/a><\/li>\r\n \t<li>Centre qu\u00e9b\u00e9cois de formation en fiscalit\u00e9\u00a0: r\u00e9pertoire d\u2019outils et de calculatrices du <a href=\"http:\/\/www.cqff.com\/bibliotheque\/outil.htm\" target=\"_blank\" rel=\"noopener noreferrer\">site<\/a><\/li>\r\n<\/ul>\r\n\r\n<hr style=\"margin: 40px;\" \/>\r\n\r\n<h4 style=\"margin-bottom: 30px;\"><strong>Suggestions de livres pour vos clients<\/strong><\/h4>\r\n<ul>\r\n \t<li>Retraite en vue : Guide du retardataire \u2013 Comment rattraper le temps perdu en 10 ans ou moins | CPA Canada <a href=\"https:\/\/www.cpastore.ca\/product\/retraite-en-vue-guide-du-retardataire\/2177?_ga=2.205579473.356181117.1551445526-94438213.1551445526\" target=\"_blank\" rel=\"noopener noreferrer\">site<\/a><\/li>\r\n \t<li>Guide \u00e0 l'intention des parents : Apprendre la gestion financi\u00e8re \u00e0 nos enfants | CPA Canada <a href=\"https:\/\/www.cpastore.ca\/product\/guide-a-l-intention-des-parents-apprendre-la-gestion-financiere-a-nos-enfants\/1296\" target=\"_blank\" rel=\"noopener noreferrer\">site<\/a><\/li>\r\n \t<li>En as-tu vraiment besoin | Pierre-Yves McSween <a href=\"https:\/\/www.amazon.ca\/as-tu-vraiment-besoin-Pierre-Yves-McSween\/dp\/289758159X\/ref=sr_1_1?crid=S6C3N70KS2WI&keywords=en+as+tu+vraiment+besoin+livre&qid=1551448038&s=gateway&sprefix=en+as+%2Caps%2C150&sr=8-1-spell\" target=\"_blank\" rel=\"noopener noreferrer\">site<\/a><\/li>\r\n<\/ul>","_et_gb_content_width":"","footnotes":""},"difl_page_category":[],"class_list":["post-5254","page","type-page","status-publish","hentry"],"yoast_head":"<!-- This site is optimized with the Yoast SEO plugin v25.4 - https:\/\/yoast.com\/wordpress\/plugins\/seo\/ -->\n<title>Service d&#039;infolettres - Strategist<\/title>\n<meta name=\"robots\" content=\"index, follow, max-snippet:-1, max-image-preview:large, max-video-preview:-1\" \/>\n<link rel=\"canonical\" href=\"https:\/\/saragilbert.coach\/fr\/infolettres\/\" \/>\n<meta property=\"og:locale\" content=\"fr_FR\" \/>\n<meta property=\"og:type\" content=\"article\" \/>\n<meta property=\"og:title\" content=\"Service d&#039;infolettres - Strategist\" \/>\n<meta property=\"og:url\" content=\"https:\/\/saragilbert.coach\/fr\/infolettres\/\" \/>\n<meta property=\"og:site_name\" content=\"Strategist\" \/>\n<meta property=\"article:modified_time\" content=\"2020-10-05T22:52:37+00:00\" \/>\n<meta name=\"twitter:card\" content=\"summary_large_image\" \/>\n<meta name=\"twitter:label1\" content=\"Dur\u00e9e de lecture estim\u00e9e\" \/>\n\t<meta name=\"twitter:data1\" content=\"3 minutes\" \/>\n<script type=\"application\/ld+json\" class=\"yoast-schema-graph\">{\"@context\":\"https:\/\/schema.org\",\"@graph\":[{\"@type\":\"WebPage\",\"@id\":\"https:\/\/saragilbert.coach\/fr\/infolettres\/\",\"url\":\"https:\/\/saragilbert.coach\/fr\/infolettres\/\",\"name\":\"Service d'infolettres - Strategist\",\"isPartOf\":{\"@id\":\"https:\/\/saragilbert.coach\/fr\/#website\"},\"datePublished\":\"2019-01-01T21:08:38+00:00\",\"dateModified\":\"2020-10-05T22:52:37+00:00\",\"breadcrumb\":{\"@id\":\"https:\/\/saragilbert.coach\/fr\/infolettres\/#breadcrumb\"},\"inLanguage\":\"fr-FR\",\"potentialAction\":[{\"@type\":\"ReadAction\",\"target\":[\"https:\/\/saragilbert.coach\/fr\/infolettres\/\"]}]},{\"@type\":\"BreadcrumbList\",\"@id\":\"https:\/\/saragilbert.coach\/fr\/infolettres\/#breadcrumb\",\"itemListElement\":[{\"@type\":\"ListItem\",\"position\":1,\"name\":\"Home\",\"item\":\"https:\/\/saragilbert.coach\/fr\/\"},{\"@type\":\"ListItem\",\"position\":2,\"name\":\"Service d&#8217;infolettres\"}]},{\"@type\":\"WebSite\",\"@id\":\"https:\/\/saragilbert.coach\/fr\/#website\",\"url\":\"https:\/\/saragilbert.coach\/fr\/\",\"name\":\"Strategist\",\"description\":\"Be successful by design\",\"potentialAction\":[{\"@type\":\"SearchAction\",\"target\":{\"@type\":\"EntryPoint\",\"urlTemplate\":\"https:\/\/saragilbert.coach\/fr\/?s={search_term_string}\"},\"query-input\":{\"@type\":\"PropertyValueSpecification\",\"valueRequired\":true,\"valueName\":\"search_term_string\"}}],\"inLanguage\":\"fr-FR\"}]}<\/script>\n<!-- \/ Yoast SEO plugin. -->","yoast_head_json":{"title":"Service d'infolettres - Strategist","robots":{"index":"index","follow":"follow","max-snippet":"max-snippet:-1","max-image-preview":"max-image-preview:large","max-video-preview":"max-video-preview:-1"},"canonical":"https:\/\/saragilbert.coach\/fr\/infolettres\/","og_locale":"fr_FR","og_type":"article","og_title":"Service d'infolettres - Strategist","og_url":"https:\/\/saragilbert.coach\/fr\/infolettres\/","og_site_name":"Strategist","article_modified_time":"2020-10-05T22:52:37+00:00","twitter_card":"summary_large_image","twitter_misc":{"Dur\u00e9e de lecture estim\u00e9e":"3 minutes"},"schema":{"@context":"https:\/\/schema.org","@graph":[{"@type":"WebPage","@id":"https:\/\/saragilbert.coach\/fr\/infolettres\/","url":"https:\/\/saragilbert.coach\/fr\/infolettres\/","name":"Service d'infolettres - Strategist","isPartOf":{"@id":"https:\/\/saragilbert.coach\/fr\/#website"},"datePublished":"2019-01-01T21:08:38+00:00","dateModified":"2020-10-05T22:52:37+00:00","breadcrumb":{"@id":"https:\/\/saragilbert.coach\/fr\/infolettres\/#breadcrumb"},"inLanguage":"fr-FR","potentialAction":[{"@type":"ReadAction","target":["https:\/\/saragilbert.coach\/fr\/infolettres\/"]}]},{"@type":"BreadcrumbList","@id":"https:\/\/saragilbert.coach\/fr\/infolettres\/#breadcrumb","itemListElement":[{"@type":"ListItem","position":1,"name":"Home","item":"https:\/\/saragilbert.coach\/fr\/"},{"@type":"ListItem","position":2,"name":"Service d&#8217;infolettres"}]},{"@type":"WebSite","@id":"https:\/\/saragilbert.coach\/fr\/#website","url":"https:\/\/saragilbert.coach\/fr\/","name":"Strategist","description":"Be successful by design","potentialAction":[{"@type":"SearchAction","target":{"@type":"EntryPoint","urlTemplate":"https:\/\/saragilbert.coach\/fr\/?s={search_term_string}"},"query-input":{"@type":"PropertyValueSpecification","valueRequired":true,"valueName":"search_term_string"}}],"inLanguage":"fr-FR"}]}},"_links":{"self":[{"href":"https:\/\/saragilbert.coach\/fr\/wp-json\/wp\/v2\/pages\/5254","targetHints":{"allow":["GET"]}}],"collection":[{"href":"https:\/\/saragilbert.coach\/fr\/wp-json\/wp\/v2\/pages"}],"about":[{"href":"https:\/\/saragilbert.coach\/fr\/wp-json\/wp\/v2\/types\/page"}],"author":[{"embeddable":true,"href":"https:\/\/saragilbert.coach\/fr\/wp-json\/wp\/v2\/users\/1"}],"replies":[{"embeddable":true,"href":"https:\/\/saragilbert.coach\/fr\/wp-json\/wp\/v2\/comments?post=5254"}],"version-history":[{"count":20,"href":"https:\/\/saragilbert.coach\/fr\/wp-json\/wp\/v2\/pages\/5254\/revisions"}],"predecessor-version":[{"id":9637,"href":"https:\/\/saragilbert.coach\/fr\/wp-json\/wp\/v2\/pages\/5254\/revisions\/9637"}],"wp:attachment":[{"href":"https:\/\/saragilbert.coach\/fr\/wp-json\/wp\/v2\/media?parent=5254"}],"wp:term":[{"taxonomy":"difl_page_category","embeddable":true,"href":"https:\/\/saragilbert.coach\/fr\/wp-json\/wp\/v2\/difl_page_category?post=5254"}],"curies":[{"name":"wp","href":"https:\/\/api.w.org\/{rel}","templated":true}]}}