{"id":5943,"date":"2019-02-27T18:13:31","date_gmt":"2019-02-27T18:13:31","guid":{"rendered":"https:\/\/saragilbert.coach\/fr\/?page_id=5943"},"modified":"2019-02-27T19:03:42","modified_gmt":"2019-02-27T19:03:42","slug":"merci-de-faire-partie-de-notre-communaute","status":"publish","type":"page","link":"https:\/\/saragilbert.coach\/fr\/merci-de-faire-partie-de-notre-communaute\/","title":{"rendered":"MERCI DE FAIRE PARTIE DE NOTRE COMMUNAUT\u00c9"},"content":{"rendered":"<p>[et_pb_section fb_built=\u00a0\u00bb1&Prime; _builder_version=\u00a0\u00bb3.0.86&Prime; custom_margin=\u00a0\u00bb0px||0px|\u00a0\u00bb custom_padding=\u00a0\u00bb0px||0px|\u00a0\u00bb][et_pb_row _builder_version=\u00a0\u00bb3.0.92&Prime;][et_pb_column type=\u00a0\u00bb4_4&Prime; _builder_version=\u00a0\u00bb3.0.47&Prime; parallax=\u00a0\u00bboff\u00a0\u00bb parallax_method=\u00a0\u00bbon\u00a0\u00bb][et_pb_text _builder_version=\u00a0\u00bb3.0.92&Prime; background_color=\u00a0\u00bb#cccccc\u00a0\u00bb max_width=\u00a0\u00bb85%\u00a0\u00bb module_alignment=\u00a0\u00bbcenter\u00a0\u00bb]<\/p>\n<table style=\"border:none; text-align:center;\">\n<tbody>\n<tr style=\"border:none;\">\n<td colspan=\"2\">\n<h2>MERCI DE FAIRE PARTIE DE NOTRE COMMUNAUT\u00c9!<\/h2>\n<\/td>\n<\/tr>\n<tr>\n<td style=\"border:none; font-size:24px;\"><span style=\"font-size:80px;\">20%<\/span> de rabais<\/td>\n<td style=\"border:none; font-size:24px;\">\n<p>Utilisez le code :<br \/>\n<strong>SUCC\u00c8S2019<\/strong><\/p>\n<\/td>\n<\/tr>\n<tr>\n<td colspan=\"2\" style=\"border:none; font-size:24px;padding-top:30px;padding-bottom:20px;\"><em>**Offre d\u2019une dur\u00e9e limit\u00e9e**<\/em><\/td>\n<\/tr>\n<\/tbody>\n<\/table>\n<p>[\/et_pb_text][\/et_pb_column][\/et_pb_row][et_pb_row _builder_version=\u00a0\u00bb3.0.86&Prime;][et_pb_column type=\u00a0\u00bb4_4&Prime; _builder_version=\u00a0\u00bb3.0.47&Prime; parallax=\u00a0\u00bboff\u00a0\u00bb parallax_method=\u00a0\u00bbon\u00a0\u00bb][et_pb_text _builder_version=\u00a0\u00bb3.0.92&Prime; header_font=\u00a0\u00bb||||||||\u00a0\u00bb text_orientation=\u00a0\u00bbcenter\u00a0\u00bb text_font=\u00a0\u00bb||||||||\u00a0\u00bb]Rejoignez-nous pour un ou pour tous ces ateliers. Votre pratique d\u2019affaires ne sera jamais plus la m\u00eame \u2013 c\u2019est garanti\u2009! [\/et_pb_text][\/et_pb_column][\/et_pb_row][et_pb_row _builder_version=\u00a0\u00bb3.0.86&Prime;][et_pb_column type=\u00a0\u00bb1_3&Prime; _builder_version=\u00a0\u00bb3.0.47&Prime; parallax=\u00a0\u00bboff\u00a0\u00bb parallax_method=\u00a0\u00bbon\u00a0\u00bb][et_pb_image src=\u00a0\u00bbhttps:\/\/saragilbert.coach\/wp-content\/uploads\/2019\/02\/merci1.jpg\u00a0\u00bb _builder_version=\u00a0\u00bb3.0.92&Prime;][\/et_pb_image][\/et_pb_column][et_pb_column type=\u00a0\u00bb2_3&Prime; _builder_version=\u00a0\u00bb3.0.47&Prime; parallax=\u00a0\u00bboff\u00a0\u00bb parallax_method=\u00a0\u00bbon\u00a0\u00bb][et_pb_text _builder_version=\u00a0\u00bb3.0.92&Prime;]<\/p>\n<h3 style=\"margin-top: 0;\">L\u2019EXP\u00c9RIENCE CLIENT : COMMENT CR\u00c9ER LE WOW\u2009!<\/h3>\n<p style=\"text-align: center;\">\u2026d\u00e9marquez-vous et cr\u00e9ez votre avantage concurrentiel\u2026<\/p>\n<p>L\u2019exp\u00e9rience client est en voie de devenir le premier facteur de diff\u00e9renciation pour les entreprises, devant le prix et le produit ou service. Plus qu\u2019une tactique marketing, l\u2019exp\u00e9rience client est une strat\u00e9gie de d\u00e9veloppement d\u2019affaires qui doit \u00eatre \u00e9labor\u00e9e soigneusement et ex\u00e9cut\u00e9e m\u00e9ticuleusement.<\/p>\n<p>&nbsp;<\/p>\n<p><a class=\"button\" href=\"https:\/\/www.eventbrite.ca\/e\/comment-creer-une-experience-client-wow-tickets-56936943932\" target=\"_blank\" rel=\"noopener\">R\u00e9servez votre place<\/a><\/p>\n<p>[\/et_pb_text][\/et_pb_column][\/et_pb_row][et_pb_row _builder_version=\u00a0\u00bb3.0.92&Prime;][et_pb_column type=\u00a0\u00bb4_4&Prime; _builder_version=\u00a0\u00bb3.0.47&Prime; parallax=\u00a0\u00bboff\u00a0\u00bb parallax_method=\u00a0\u00bbon\u00a0\u00bb][et_pb_divider color=\u00a0\u00bb#6B95AB\u00a0\u00bb show_divider=\u00a0\u00bbon\u00a0\u00bb _builder_version=\u00a0\u00bb3.0.86&Prime;][\/et_pb_divider][\/et_pb_column][\/et_pb_row][et_pb_row _builder_version=\u00a0\u00bb3.0.86&Prime;][et_pb_column type=\u00a0\u00bb1_3&Prime; _builder_version=\u00a0\u00bb3.0.47&Prime; parallax=\u00a0\u00bboff\u00a0\u00bb parallax_method=\u00a0\u00bbon\u00a0\u00bb][et_pb_image src=\u00a0\u00bbhttps:\/\/saragilbert.coach\/wp-content\/uploads\/2019\/02\/merci2.jpg\u00a0\u00bb _builder_version=\u00a0\u00bb3.0.92&Prime;][\/et_pb_image][\/et_pb_column][et_pb_column type=\u00a0\u00bb2_3&Prime; _builder_version=\u00a0\u00bb3.0.47&Prime; parallax=\u00a0\u00bboff\u00a0\u00bb parallax_method=\u00a0\u00bbon\u00a0\u00bb][et_pb_text _builder_version=\u00a0\u00bb3.0.92&Prime;]<\/p>\n<h3 style=\"margin-top: 0;\">CULTURE &#038; LEADERSHIP<\/h3>\n<p style=\"text-align: center;\">\u2026les meilleurs leaders cr\u00e9ent les meilleures \u00e9quipes\u2026<\/p>\n<p>\u00catre entrepreneur, c\u2019est \u00eatre un leader. Et les meilleurs leaders savent que m\u00eame si nous avons les meilleures strat\u00e9gies, la culture est l\u2019\u00e9l\u00e9ment cl\u00e9 pour nous d\u00e9marquer.<\/p>\n<p>&nbsp;<\/p>\n<p><a class=\"button\" href=\"https:\/\/www.eventbrite.ca\/e\/culture-leadership-tickets-57092278542\" target=\"_blank\" rel=\"noopener\">R\u00e9servez votre place<\/a>[\/et_pb_text][\/et_pb_column][\/et_pb_row][et_pb_row _builder_version=\u00a0\u00bb3.0.92&Prime;][et_pb_column type=\u00a0\u00bb4_4&Prime; _builder_version=\u00a0\u00bb3.0.47&Prime; parallax=\u00a0\u00bboff\u00a0\u00bb parallax_method=\u00a0\u00bbon\u00a0\u00bb][et_pb_divider color=\u00a0\u00bb#6B95AB\u00a0\u00bb show_divider=\u00a0\u00bbon\u00a0\u00bb _builder_version=\u00a0\u00bb3.0.86&Prime;][\/et_pb_divider][\/et_pb_column][\/et_pb_row][et_pb_row _builder_version=\u00a0\u00bb3.0.86&Prime;][et_pb_column type=\u00a0\u00bb1_3&Prime; _builder_version=\u00a0\u00bb3.0.47&Prime; parallax=\u00a0\u00bboff\u00a0\u00bb parallax_method=\u00a0\u00bbon\u00a0\u00bb][et_pb_image src=\u00a0\u00bbhttps:\/\/saragilbert.coach\/wp-content\/uploads\/2019\/02\/merci3.jpg\u00a0\u00bb _builder_version=\u00a0\u00bb3.0.92&Prime;][\/et_pb_image][\/et_pb_column][et_pb_column type=\u00a0\u00bb2_3&Prime; _builder_version=\u00a0\u00bb3.0.47&Prime; parallax=\u00a0\u00bboff\u00a0\u00bb parallax_method=\u00a0\u00bbon\u00a0\u00bb][et_pb_text _builder_version=\u00a0\u00bb3.0.92&Prime;]<\/p>\n<h3 style=\"margin-top: 0;\">LE POUVOIR DES MOTS<\/h3>\n<p style=\"text-align: center;\">&#8230;l\u2019important n\u2019est pas ce que vous dites, mais ce que l\u2019autre personne comprend\u2026\n<\/p>\n<p>Chacune de vos interactions est fa\u00e7onn\u00e9e par vos mots. Les mots peuvent amener une personne \u00e0 faire affaire avec vous ou non. Ils permettent d\u2019\u00e9tablir une relation avec une personne ou peuvent la repousser. Les mots ont une grande influence sur la perception que les autres personnes ont de vous et peuvent vous aider \u00e0 b\u00e2tir une confiance \u00e9norme.<\/p>\n<p>&nbsp;<\/p>\n<p><a class=\"button\" href=\"https:\/\/www.eventbrite.ca\/e\/le-pouvoir-des-mots-tickets-56937899791\" target=\"_blank\" rel=\"noopener\">R\u00e9servez votre place<\/a>[\/et_pb_text][\/et_pb_column][\/et_pb_row][et_pb_row _builder_version=\u00a0\u00bb3.0.86&Prime;][et_pb_column type=\u00a0\u00bb4_4&Prime; _builder_version=\u00a0\u00bb3.0.47&Prime; parallax=\u00a0\u00bboff\u00a0\u00bb parallax_method=\u00a0\u00bbon\u00a0\u00bb][et_pb_divider color=\u00a0\u00bb#6B95AB\u00a0\u00bb show_divider=\u00a0\u00bbon\u00a0\u00bb _builder_version=\u00a0\u00bb3.0.86&Prime;][\/et_pb_divider][\/et_pb_column][\/et_pb_row][et_pb_row _builder_version=\u00a0\u00bb3.0.92&Prime;][et_pb_column type=\u00a0\u00bb4_4&Prime; _builder_version=\u00a0\u00bb3.0.92&Prime; parallax=\u00a0\u00bboff\u00a0\u00bb parallax_method=\u00a0\u00bbon\u00a0\u00bb][et_pb_text _builder_version=\u00a0\u00bb3.0.92&Prime;]<\/p>\n<p>\u00c0 votre succ\u00e8s\u2009!<\/p>\n<p>&nbsp;<\/p>\n<p><img loading=\"lazy\" decoding=\"async\" src=\"https:\/\/saragilbert.coach\/wp-content\/uploads\/2017\/11\/Sara-sig.png\" width=\"102\" height=\"58\" alt=\"Sara Gilbert\" class=\"wp-image-4165 size-full\" srcset=\"https:\/\/saragilbert.coach\/wp-content\/uploads\/2017\/11\/Sara-sig.png 102w, https:\/\/saragilbert.coach\/wp-content\/uploads\/2017\/11\/Sara-sig-100x58.png 100w\" sizes=\"(max-width: 102px) 100vw, 102px\" \/><\/p>\n<p>[\/et_pb_text][\/et_pb_column][\/et_pb_row][\/et_pb_section]<\/p>\n<span class=\"et_bloom_bottom_trigger\"><\/span>","protected":false},"excerpt":{"rendered":"<p>MERCI DE FAIRE PARTIE DE NOTRE COMMUNAUT\u00c9! 20% de rabais Utilisez le code : SUCC\u00c8S2019 **Offre d\u2019une dur\u00e9e limit\u00e9e** Rejoignez-nous pour un ou pour tous ces ateliers. Votre pratique d\u2019affaires ne sera jamais plus la m\u00eame \u2013 c\u2019est garanti\u2009! L\u2019EXP\u00c9RIENCE CLIENT : COMMENT CR\u00c9ER LE WOW\u2009! \u2026d\u00e9marquez-vous et cr\u00e9ez votre avantage concurrentiel\u2026 L\u2019exp\u00e9rience client est [&hellip;]<\/p>\n","protected":false},"author":1,"featured_media":0,"parent":0,"menu_order":0,"comment_status":"closed","ping_status":"closed","template":"","meta":{"_et_pb_use_builder":"on","_et_pb_old_content":"","_et_gb_content_width":"","footnotes":""},"difl_page_category":[],"class_list":["post-5943","page","type-page","status-publish","hentry"],"yoast_head":"<!-- This site is optimized with the Yoast SEO plugin v25.4 - https:\/\/yoast.com\/wordpress\/plugins\/seo\/ -->\n<title>MERCI DE FAIRE PARTIE DE NOTRE COMMUNAUT\u00c9 - Strategist<\/title>\n<meta name=\"robots\" content=\"index, follow, max-snippet:-1, max-image-preview:large, max-video-preview:-1\" \/>\n<link rel=\"canonical\" href=\"https:\/\/saragilbert.coach\/fr\/merci-de-faire-partie-de-notre-communaute\/\" \/>\n<meta property=\"og:locale\" content=\"fr_FR\" \/>\n<meta property=\"og:type\" content=\"article\" \/>\n<meta property=\"og:title\" content=\"MERCI DE FAIRE PARTIE DE NOTRE COMMUNAUT\u00c9 - Strategist\" \/>\n<meta property=\"og:url\" content=\"https:\/\/saragilbert.coach\/fr\/merci-de-faire-partie-de-notre-communaute\/\" \/>\n<meta property=\"og:site_name\" content=\"Strategist\" \/>\n<meta property=\"article:modified_time\" content=\"2019-02-27T19:03:42+00:00\" \/>\n<meta property=\"og:image\" content=\"https:\/\/saragilbert.coach\/wp-content\/uploads\/2017\/11\/Sara-sig.png\" \/>\n<meta name=\"twitter:card\" content=\"summary_large_image\" \/>\n<meta name=\"twitter:label1\" content=\"Dur\u00e9e de lecture estim\u00e9e\" \/>\n\t<meta name=\"twitter:data1\" content=\"3 minutes\" \/>\n<script type=\"application\/ld+json\" class=\"yoast-schema-graph\">{\"@context\":\"https:\/\/schema.org\",\"@graph\":[{\"@type\":\"WebPage\",\"@id\":\"https:\/\/saragilbert.coach\/fr\/merci-de-faire-partie-de-notre-communaute\/\",\"url\":\"https:\/\/saragilbert.coach\/fr\/merci-de-faire-partie-de-notre-communaute\/\",\"name\":\"MERCI DE FAIRE PARTIE DE NOTRE COMMUNAUT\u00c9 - Strategist\",\"isPartOf\":{\"@id\":\"https:\/\/saragilbert.coach\/fr\/#website\"},\"primaryImageOfPage\":{\"@id\":\"https:\/\/saragilbert.coach\/fr\/merci-de-faire-partie-de-notre-communaute\/#primaryimage\"},\"image\":{\"@id\":\"https:\/\/saragilbert.coach\/fr\/merci-de-faire-partie-de-notre-communaute\/#primaryimage\"},\"thumbnailUrl\":\"https:\/\/saragilbert.coach\/wp-content\/uploads\/2017\/11\/Sara-sig.png\",\"datePublished\":\"2019-02-27T18:13:31+00:00\",\"dateModified\":\"2019-02-27T19:03:42+00:00\",\"breadcrumb\":{\"@id\":\"https:\/\/saragilbert.coach\/fr\/merci-de-faire-partie-de-notre-communaute\/#breadcrumb\"},\"inLanguage\":\"fr-FR\",\"potentialAction\":[{\"@type\":\"ReadAction\",\"target\":[\"https:\/\/saragilbert.coach\/fr\/merci-de-faire-partie-de-notre-communaute\/\"]}]},{\"@type\":\"ImageObject\",\"inLanguage\":\"fr-FR\",\"@id\":\"https:\/\/saragilbert.coach\/fr\/merci-de-faire-partie-de-notre-communaute\/#primaryimage\",\"url\":\"https:\/\/saragilbert.coach\/wp-content\/uploads\/2017\/11\/Sara-sig.png\",\"contentUrl\":\"https:\/\/saragilbert.coach\/wp-content\/uploads\/2017\/11\/Sara-sig.png\"},{\"@type\":\"BreadcrumbList\",\"@id\":\"https:\/\/saragilbert.coach\/fr\/merci-de-faire-partie-de-notre-communaute\/#breadcrumb\",\"itemListElement\":[{\"@type\":\"ListItem\",\"position\":1,\"name\":\"Home\",\"item\":\"https:\/\/saragilbert.coach\/fr\/\"},{\"@type\":\"ListItem\",\"position\":2,\"name\":\"MERCI DE FAIRE PARTIE DE NOTRE COMMUNAUT\u00c9\"}]},{\"@type\":\"WebSite\",\"@id\":\"https:\/\/saragilbert.coach\/fr\/#website\",\"url\":\"https:\/\/saragilbert.coach\/fr\/\",\"name\":\"Strategist\",\"description\":\"Be successful by design\",\"potentialAction\":[{\"@type\":\"SearchAction\",\"target\":{\"@type\":\"EntryPoint\",\"urlTemplate\":\"https:\/\/saragilbert.coach\/fr\/?s={search_term_string}\"},\"query-input\":{\"@type\":\"PropertyValueSpecification\",\"valueRequired\":true,\"valueName\":\"search_term_string\"}}],\"inLanguage\":\"fr-FR\"}]}<\/script>\n<!-- \/ Yoast SEO plugin. -->","yoast_head_json":{"title":"MERCI DE FAIRE PARTIE DE NOTRE COMMUNAUT\u00c9 - Strategist","robots":{"index":"index","follow":"follow","max-snippet":"max-snippet:-1","max-image-preview":"max-image-preview:large","max-video-preview":"max-video-preview:-1"},"canonical":"https:\/\/saragilbert.coach\/fr\/merci-de-faire-partie-de-notre-communaute\/","og_locale":"fr_FR","og_type":"article","og_title":"MERCI DE FAIRE PARTIE DE NOTRE COMMUNAUT\u00c9 - Strategist","og_url":"https:\/\/saragilbert.coach\/fr\/merci-de-faire-partie-de-notre-communaute\/","og_site_name":"Strategist","article_modified_time":"2019-02-27T19:03:42+00:00","og_image":[{"url":"https:\/\/saragilbert.coach\/wp-content\/uploads\/2017\/11\/Sara-sig.png","type":"","width":"","height":""}],"twitter_card":"summary_large_image","twitter_misc":{"Dur\u00e9e de lecture estim\u00e9e":"3 minutes"},"schema":{"@context":"https:\/\/schema.org","@graph":[{"@type":"WebPage","@id":"https:\/\/saragilbert.coach\/fr\/merci-de-faire-partie-de-notre-communaute\/","url":"https:\/\/saragilbert.coach\/fr\/merci-de-faire-partie-de-notre-communaute\/","name":"MERCI DE FAIRE PARTIE DE NOTRE COMMUNAUT\u00c9 - Strategist","isPartOf":{"@id":"https:\/\/saragilbert.coach\/fr\/#website"},"primaryImageOfPage":{"@id":"https:\/\/saragilbert.coach\/fr\/merci-de-faire-partie-de-notre-communaute\/#primaryimage"},"image":{"@id":"https:\/\/saragilbert.coach\/fr\/merci-de-faire-partie-de-notre-communaute\/#primaryimage"},"thumbnailUrl":"https:\/\/saragilbert.coach\/wp-content\/uploads\/2017\/11\/Sara-sig.png","datePublished":"2019-02-27T18:13:31+00:00","dateModified":"2019-02-27T19:03:42+00:00","breadcrumb":{"@id":"https:\/\/saragilbert.coach\/fr\/merci-de-faire-partie-de-notre-communaute\/#breadcrumb"},"inLanguage":"fr-FR","potentialAction":[{"@type":"ReadAction","target":["https:\/\/saragilbert.coach\/fr\/merci-de-faire-partie-de-notre-communaute\/"]}]},{"@type":"ImageObject","inLanguage":"fr-FR","@id":"https:\/\/saragilbert.coach\/fr\/merci-de-faire-partie-de-notre-communaute\/#primaryimage","url":"https:\/\/saragilbert.coach\/wp-content\/uploads\/2017\/11\/Sara-sig.png","contentUrl":"https:\/\/saragilbert.coach\/wp-content\/uploads\/2017\/11\/Sara-sig.png"},{"@type":"BreadcrumbList","@id":"https:\/\/saragilbert.coach\/fr\/merci-de-faire-partie-de-notre-communaute\/#breadcrumb","itemListElement":[{"@type":"ListItem","position":1,"name":"Home","item":"https:\/\/saragilbert.coach\/fr\/"},{"@type":"ListItem","position":2,"name":"MERCI DE FAIRE PARTIE DE NOTRE COMMUNAUT\u00c9"}]},{"@type":"WebSite","@id":"https:\/\/saragilbert.coach\/fr\/#website","url":"https:\/\/saragilbert.coach\/fr\/","name":"Strategist","description":"Be successful by design","potentialAction":[{"@type":"SearchAction","target":{"@type":"EntryPoint","urlTemplate":"https:\/\/saragilbert.coach\/fr\/?s={search_term_string}"},"query-input":{"@type":"PropertyValueSpecification","valueRequired":true,"valueName":"search_term_string"}}],"inLanguage":"fr-FR"}]}},"_links":{"self":[{"href":"https:\/\/saragilbert.coach\/fr\/wp-json\/wp\/v2\/pages\/5943","targetHints":{"allow":["GET"]}}],"collection":[{"href":"https:\/\/saragilbert.coach\/fr\/wp-json\/wp\/v2\/pages"}],"about":[{"href":"https:\/\/saragilbert.coach\/fr\/wp-json\/wp\/v2\/types\/page"}],"author":[{"embeddable":true,"href":"https:\/\/saragilbert.coach\/fr\/wp-json\/wp\/v2\/users\/1"}],"replies":[{"embeddable":true,"href":"https:\/\/saragilbert.coach\/fr\/wp-json\/wp\/v2\/comments?post=5943"}],"version-history":[{"count":7,"href":"https:\/\/saragilbert.coach\/fr\/wp-json\/wp\/v2\/pages\/5943\/revisions"}],"predecessor-version":[{"id":5958,"href":"https:\/\/saragilbert.coach\/fr\/wp-json\/wp\/v2\/pages\/5943\/revisions\/5958"}],"wp:attachment":[{"href":"https:\/\/saragilbert.coach\/fr\/wp-json\/wp\/v2\/media?parent=5943"}],"wp:term":[{"taxonomy":"difl_page_category","embeddable":true,"href":"https:\/\/saragilbert.coach\/fr\/wp-json\/wp\/v2\/difl_page_category?post=5943"}],"curies":[{"name":"wp","href":"https:\/\/api.w.org\/{rel}","templated":true}]}}